{"id":9649,"date":"2020-02-17T19:07:36","date_gmt":"2020-02-17T19:07:36","guid":{"rendered":"https:\/\/xenum.com\/?page_id=9649"},"modified":"2023-10-02T14:13:01","modified_gmt":"2023-10-02T13:13:01","slug":"semix-5w20","status":"publish","type":"page","link":"https:\/\/xenum.com\/es\/inicio\/productos\/aceites\/motor\/hibrido\/semix-5w20\/","title":{"rendered":"SEMIX 5W20"},"content":{"rendered":"<p>SEMIX 5W20 es un aceite de motor sint\u00e9tico h\u00edbrido formulado espec\u00edficamente para su uso en motores de gasolina y di\u00e9sel turboalimentados y no turboalimentados de turismos y furgonetas de reparto. Este aceite vers\u00e1til est\u00e1 dise\u00f1ado para ofrecer una excelente protecci\u00f3n contra el desgaste y mejorar el ahorro de combustible.<\/p>\n<h2><strong>PROPIEDADES<\/strong><\/h2>\n<ul>\n<li>Ofrece una excelente protecci\u00f3n contra la fricci\u00f3n y el desgaste<\/li>\n<li>Mejora el ahorro de combustible<\/li>\n<li>Reduce las emisiones de CO\u2082<\/li>\n<li>Mejora el rendimiento de arranque en fr\u00edo<\/li>\n<li>Muestra una fuerte detergencia para evitar los dep\u00f3sitos en el motor<\/li>\n<li>Ofrece una excelente estabilidad a la oxidaci\u00f3n y al cizallamiento<\/li>\n<li>Mantiene un \u00edndice de viscosidad alto y estable<\/li>\n<li>Presenta una excepcional fluidez a bajas temperaturas<\/li>\n<\/ul>\n<h2><strong>APLICACI\u00d3N<\/strong><\/h2>\n<p>Adecuado para su uso en motores de turismos que requieran un aceite que cumpla la especificaci\u00f3n GM Dexos 1\u2122 Gen 3.<\/p>\n<h3><strong>ESPECIFICACIONES<\/strong><\/h3>\n<ul>\n<li>API SP Resource Conserving<\/li>\n<li>ILSAC GF-6A<\/li>\n<li>GM DEXOS 1\u2122 GEN 3<\/li>\n<li>CHRYSLER MS6395<\/li>\n<li>FORD WSS-M2C945A\/B1 \/ WSS-M2C960-A1<\/li>\n<li>FIAT 9.55535-CR1<\/li>\n<\/ul>\n<h3 class=\"TDSSection\"><strong>EMBALAJE<\/strong><\/h3>\n<p>12X1L, 4X4L, 4X5L, 20L, 60L, 208L<\/p>\n","protected":false},"excerpt":{"rendered":"<p>SEMIX 5W20 es un aceite de motor sint\u00e9tico h\u00edbrido formulado espec\u00edficamente para su uso en motores de gasolina y di\u00e9sel turboalimentados y no turboalimentados de turismos y furgonetas de reparto. Este aceite vers\u00e1til est\u00e1 dise\u00f1ado para ofrecer una excelente protecci\u00f3n contra el desgaste y mejorar el ahorro de combustible. PROPIEDADES Ofrece una excelente protecci\u00f3n contra [&hellip;]<\/p>\n","protected":false},"author":9,"featured_media":9647,"parent":9592,"menu_order":0,"comment_status":"closed","ping_status":"closed","template":"product-page.php","meta":{"_acf_changed":false,"inline_featured_image":false,"footnotes":""},"class_list":["post-9649","page","type-page","status-publish","has-post-thumbnail","hentry"],"acf":[],"_links":{"self":[{"href":"https:\/\/xenum.com\/es\/wp-json\/wp\/v2\/pages\/9649","targetHints":{"allow":["GET"]}}],"collection":[{"href":"https:\/\/xenum.com\/es\/wp-json\/wp\/v2\/pages"}],"about":[{"href":"https:\/\/xenum.com\/es\/wp-json\/wp\/v2\/types\/page"}],"author":[{"embeddable":true,"href":"https:\/\/xenum.com\/es\/wp-json\/wp\/v2\/users\/9"}],"replies":[{"embeddable":true,"href":"https:\/\/xenum.com\/es\/wp-json\/wp\/v2\/comments?post=9649"}],"version-history":[{"count":8,"href":"https:\/\/xenum.com\/es\/wp-json\/wp\/v2\/pages\/9649\/revisions"}],"predecessor-version":[{"id":24558,"href":"https:\/\/xenum.com\/es\/wp-json\/wp\/v2\/pages\/9649\/revisions\/24558"}],"up":[{"embeddable":true,"href":"https:\/\/xenum.com\/es\/wp-json\/wp\/v2\/pages\/9592"}],"wp:featuredmedia":[{"embeddable":true,"href":"https:\/\/xenum.com\/es\/wp-json\/wp\/v2\/media\/9647"}],"wp:attachment":[{"href":"https:\/\/xenum.com\/es\/wp-json\/wp\/v2\/media?parent=9649"}],"curies":[{"name":"wp","href":"https:\/\/api.w.org\/{rel}","templated":true}]}}