{"id":9594,"date":"2020-02-13T16:59:04","date_gmt":"2020-02-13T16:59:04","guid":{"rendered":"https:\/\/xenum.com\/?page_id=9594"},"modified":"2023-03-28T15:50:29","modified_gmt":"2023-03-28T14:50:29","slug":"semix-10w50","status":"publish","type":"page","link":"https:\/\/xenum.com\/es\/inicio\/productos\/aceites\/motor\/hibrido\/semix-10w50\/","title":{"rendered":"Semix 10w50"},"content":{"rendered":"<p>Aceite de motor sint\u00e9tico h\u00edbrido, universal, de bajo consumo, recomendado para su uso en motores de gasolina y di\u00e9sel, con o sin turbocompresor, en turismos y veh\u00edculos industriales.ns.<\/p>\n<h2><strong>PROPIEDADES<\/strong><\/h2>\n<ul>\n<li>Reduces oil consumption.<\/li>\n<li>High and stable viscosity index<\/li>\n<li>Fast cold start<\/li>\n<li>Strong resistance against oxidation<\/li>\n<li>Safe lubrication film at high temperature<\/li>\n<li>Good detergency and dispersion<\/li>\n<li>Strong protection against wear, corrosion and foaming.<\/li>\n<\/ul>\n<h2><strong>APLICACI\u00d3N<\/strong><\/h2>\n<p>Recomendado para su uso en todos los motores de gasolina y di\u00e9sel, con o sin turbocompresor, en turismos y furgonetas de reparto donde se requieran las especificaciones correspondientes. Aplicar la cantidad correcta de aceite indicada en las instrucciones de uso del veh\u00edculo y del fabricante del motor.<\/p>\n<h3><strong>ESPECIFICACIONES<\/strong><\/h3>\n<ul>\n<li>ACEA A3\/B3<\/li>\n<li>API SM\/CF<\/li>\n<li>MB 229.1<\/li>\n<\/ul>\n<h3 class=\"TDSSection\"><strong>EMBALAJE<\/strong><\/h3>\n<p>12X1L, 4X4L, 4X5L, 20L, 60L, 208L<\/p>\n","protected":false},"excerpt":{"rendered":"<p>Aceite de motor sint\u00e9tico h\u00edbrido, universal, de bajo consumo, recomendado para su uso en motores de gasolina y di\u00e9sel, con o sin turbocompresor, en turismos y veh\u00edculos industriales.ns. PROPIEDADES Reduces oil consumption. High and stable viscosity index Fast cold start Strong resistance against oxidation Safe lubrication film at high temperature Good detergency and dispersion Strong [&hellip;]<\/p>\n","protected":false},"author":1,"featured_media":7440,"parent":9592,"menu_order":28,"comment_status":"closed","ping_status":"closed","template":"product-page.php","meta":{"_acf_changed":false,"inline_featured_image":false,"footnotes":""},"class_list":["post-9594","page","type-page","status-publish","has-post-thumbnail","hentry"],"acf":[],"_links":{"self":[{"href":"https:\/\/xenum.com\/es\/wp-json\/wp\/v2\/pages\/9594","targetHints":{"allow":["GET"]}}],"collection":[{"href":"https:\/\/xenum.com\/es\/wp-json\/wp\/v2\/pages"}],"about":[{"href":"https:\/\/xenum.com\/es\/wp-json\/wp\/v2\/types\/page"}],"author":[{"embeddable":true,"href":"https:\/\/xenum.com\/es\/wp-json\/wp\/v2\/users\/1"}],"replies":[{"embeddable":true,"href":"https:\/\/xenum.com\/es\/wp-json\/wp\/v2\/comments?post=9594"}],"version-history":[{"count":3,"href":"https:\/\/xenum.com\/es\/wp-json\/wp\/v2\/pages\/9594\/revisions"}],"predecessor-version":[{"id":21296,"href":"https:\/\/xenum.com\/es\/wp-json\/wp\/v2\/pages\/9594\/revisions\/21296"}],"up":[{"embeddable":true,"href":"https:\/\/xenum.com\/es\/wp-json\/wp\/v2\/pages\/9592"}],"wp:featuredmedia":[{"embeddable":true,"href":"https:\/\/xenum.com\/es\/wp-json\/wp\/v2\/media\/7440"}],"wp:attachment":[{"href":"https:\/\/xenum.com\/es\/wp-json\/wp\/v2\/media?parent=9594"}],"curies":[{"name":"wp","href":"https:\/\/api.w.org\/{rel}","templated":true}]}}