{"id":9568,"date":"2020-02-12T20:42:08","date_gmt":"2020-02-12T20:42:08","guid":{"rendered":"https:\/\/xenum.com\/?page_id=9568"},"modified":"2025-06-26T15:23:34","modified_gmt":"2025-06-26T14:23:34","slug":"eco-pro-dx1-5w20","status":"publish","type":"page","link":"https:\/\/xenum.com\/es\/inicio\/productos\/aceites\/motor\/completamente-sintetico\/eco-pro-dx1-5w20\/","title":{"rendered":"ECO PRO-DX1 5W20"},"content":{"rendered":"<p>Un aceite de motor moderno, sint\u00e9tico, que ahorra combustible, basado en aceites base sint\u00e9ticos especialmente seleccionados con un alto \u00edndice de viscosidad y una selecci\u00f3n equilibrada de aditivos avanzados.<\/p>\n<h2><strong>PROPIEDADES<\/strong><\/h2>\n<ul>\n<li>Menor consumo de combustible.<\/li>\n<li>\u00cdndice de viscosidad elevado y muy estable.<\/li>\n<li>Alta resistencia al cizallamiento.<\/li>\n<li>R\u00e1pido arranque en fr\u00edo.<\/li>\n<li>Resistencia muy fuerte a la oxidaci\u00f3n.<\/li>\n<li>Pel\u00edcula lubricante segura a temperaturas muy elevadas.<\/li>\n<li>Muy buena detergencia y dispersi\u00f3n.<\/li>\n<li>Muy buena protecci\u00f3n contra el desgaste, la corrosi\u00f3n y la formaci\u00f3n de espuma.<\/li>\n<\/ul>\n<h2><strong>APLICACI\u00d3N<\/strong><\/h2>\n<p>Un ahorro de combustible, aceite de motor sint\u00e9tico compuesto especial recomendado para su uso en motores de gasolina de turismos, que prescriben un aceite con la especificaci\u00f3n GM dexos1 \u2122 Gen 3.<\/p>\n<h3><strong>ESPECIFICACIONES<\/strong><\/h3>\n<ul>\n<li>API: SP Resource Conserving, SQ Resource Conserving<\/li>\n<li>ILSAC: GF-6A, GF-7A<\/li>\n<li>GM: DEXOS 1 (TM) GEN 3<\/li>\n<li>CHRYSLER: MS6395<\/li>\n<li>FORD: WSS-M2C945A\/B1 \/ WSS-M2C960-A1 \/ WSS-M2C930-A<\/li>\n<li>FIAT: 9.55535-CR1<\/li>\n<\/ul>\n<h3 class=\"TDSSection\"><strong>EMBALAJE<br \/>\n<\/strong><\/h3>\n<div id=\"the-product-details\" class=\"ct-div-block\">\n<div id=\"text_block-25-15726\" class=\"ct-text-block\">\n<p>12X1L, 4X4L, 4X5L, 20L, 60L, 208L<\/p>\n<\/div>\n<\/div>\n","protected":false},"excerpt":{"rendered":"<p>Un aceite de motor moderno, sint\u00e9tico, que ahorra combustible, basado en aceites base sint\u00e9ticos especialmente seleccionados con un alto \u00edndice de viscosidad y una selecci\u00f3n equilibrada de aditivos avanzados. PROPIEDADES Menor consumo de combustible. \u00cdndice de viscosidad elevado y muy estable. Alta resistencia al cizallamiento. R\u00e1pido arranque en fr\u00edo. Resistencia muy fuerte a la oxidaci\u00f3n. [&hellip;]<\/p>\n","protected":false},"author":9,"featured_media":25134,"parent":9444,"menu_order":0,"comment_status":"closed","ping_status":"closed","template":"product-page.php","meta":{"_acf_changed":false,"inline_featured_image":false,"footnotes":""},"class_list":["post-9568","page","type-page","status-publish","has-post-thumbnail","hentry"],"acf":[],"_links":{"self":[{"href":"https:\/\/xenum.com\/es\/wp-json\/wp\/v2\/pages\/9568","targetHints":{"allow":["GET"]}}],"collection":[{"href":"https:\/\/xenum.com\/es\/wp-json\/wp\/v2\/pages"}],"about":[{"href":"https:\/\/xenum.com\/es\/wp-json\/wp\/v2\/types\/page"}],"author":[{"embeddable":true,"href":"https:\/\/xenum.com\/es\/wp-json\/wp\/v2\/users\/9"}],"replies":[{"embeddable":true,"href":"https:\/\/xenum.com\/es\/wp-json\/wp\/v2\/comments?post=9568"}],"version-history":[{"count":6,"href":"https:\/\/xenum.com\/es\/wp-json\/wp\/v2\/pages\/9568\/revisions"}],"predecessor-version":[{"id":25995,"href":"https:\/\/xenum.com\/es\/wp-json\/wp\/v2\/pages\/9568\/revisions\/25995"}],"up":[{"embeddable":true,"href":"https:\/\/xenum.com\/es\/wp-json\/wp\/v2\/pages\/9444"}],"wp:featuredmedia":[{"embeddable":true,"href":"https:\/\/xenum.com\/es\/wp-json\/wp\/v2\/media\/25134"}],"wp:attachment":[{"href":"https:\/\/xenum.com\/es\/wp-json\/wp\/v2\/media?parent=9568"}],"curies":[{"name":"wp","href":"https:\/\/api.w.org\/{rel}","templated":true}]}}