{"id":9550,"date":"2020-02-12T20:32:40","date_gmt":"2020-02-12T20:32:40","guid":{"rendered":"https:\/\/xenum.com\/?page_id=9550"},"modified":"2025-06-26T14:01:28","modified_gmt":"2025-06-26T13:01:28","slug":"eco-pro-dx1-0w20","status":"publish","type":"page","link":"https:\/\/xenum.com\/es\/inicio\/productos\/aceites\/motor\/completamente-sintetico\/eco-pro-dx1-0w20\/","title":{"rendered":"ECO PRO DX1 0W20"},"content":{"rendered":"<p>Aceite de motor sint\u00e9tico dise\u00f1ado espec\u00edficamente para motores eficientes en energ\u00eda, incluidos los h\u00edbridos. Su viscosidad excepcionalmente baja hace que este aceite sea adecuado para su uso durante todo el a\u00f1o, incluso en temperaturas extremadamente fr\u00edas del invierno.<\/p>\n<h2><strong>PROPIEDADES<\/strong><\/h2>\n<ul>\n<li>Reducci\u00f3n del consumo de combustible y de las emisiones de CO2.<\/li>\n<li>\u00cdndice de viscosidad elevado y muy estable.<\/li>\n<li>Alta resistencia al cizallamiento.<\/li>\n<li>R\u00e1pido arranque en fr\u00edo.<\/li>\n<li>Muy buena resistencia a la oxidaci\u00f3n.<\/li>\n<li>Pel\u00edcula lubricante segura a temperaturas muy elevadas.<\/li>\n<li>Muy buena detergencia y dispersi\u00f3n.<\/li>\n<li>Muy buena protecci\u00f3n contra el desgaste, la corrosi\u00f3n y la formaci\u00f3n de espuma.<\/li>\n<\/ul>\n<h2><strong>APPLICATION<\/strong><\/h2>\n<p>A fuel economy, special composed synthetic motor oil recommended for use in petrol engines of passenger cars, which prescribe an oil with the specification GM dexos1 \u2122 Gen 3.<\/p>\n<h3><strong>ESPECIFICACIONES<\/strong><\/h3>\n<ul>\n<li>API SN Plus, SP, SP\/RC, SN\/RC, SQ Resource Conserving<\/li>\n<li>ILSAC GF-5, GF-6A, GF-7A<\/li>\n<li>GM DEXOS 1 (TM) GEN 3<\/li>\n<li>CHRYSLER MS6395<\/li>\n<li>FIAT 9.55535-CR1, 9.55535-GSX<\/li>\n<li>FORD WSS-M2C945-A, WSS-M2C946-A, WSS-M2C947-A,\u00a0WSS-M2C962-A<\/li>\n<\/ul>\n<h3><strong>EMBALAJE<\/strong><\/h3>\n<p>12X1L, 4X4L, 4X5, 20L, 60L, 208L<\/p>\n","protected":false},"excerpt":{"rendered":"<p>Aceite de motor sint\u00e9tico dise\u00f1ado espec\u00edficamente para motores eficientes en energ\u00eda, incluidos los h\u00edbridos. Su viscosidad excepcionalmente baja hace que este aceite sea adecuado para su uso durante todo el a\u00f1o, incluso en temperaturas extremadamente fr\u00edas del invierno. PROPIEDADES Reducci\u00f3n del consumo de combustible y de las emisiones de CO2. \u00cdndice de viscosidad elevado y [&hellip;]<\/p>\n","protected":false},"author":9,"featured_media":9548,"parent":9444,"menu_order":0,"comment_status":"closed","ping_status":"closed","template":"product-page.php","meta":{"_acf_changed":false,"inline_featured_image":false,"footnotes":""},"class_list":["post-9550","page","type-page","status-publish","has-post-thumbnail","hentry"],"acf":[],"_links":{"self":[{"href":"https:\/\/xenum.com\/es\/wp-json\/wp\/v2\/pages\/9550","targetHints":{"allow":["GET"]}}],"collection":[{"href":"https:\/\/xenum.com\/es\/wp-json\/wp\/v2\/pages"}],"about":[{"href":"https:\/\/xenum.com\/es\/wp-json\/wp\/v2\/types\/page"}],"author":[{"embeddable":true,"href":"https:\/\/xenum.com\/es\/wp-json\/wp\/v2\/users\/9"}],"replies":[{"embeddable":true,"href":"https:\/\/xenum.com\/es\/wp-json\/wp\/v2\/comments?post=9550"}],"version-history":[{"count":8,"href":"https:\/\/xenum.com\/es\/wp-json\/wp\/v2\/pages\/9550\/revisions"}],"predecessor-version":[{"id":25983,"href":"https:\/\/xenum.com\/es\/wp-json\/wp\/v2\/pages\/9550\/revisions\/25983"}],"up":[{"embeddable":true,"href":"https:\/\/xenum.com\/es\/wp-json\/wp\/v2\/pages\/9444"}],"wp:featuredmedia":[{"embeddable":true,"href":"https:\/\/xenum.com\/es\/wp-json\/wp\/v2\/media\/9548"}],"wp:attachment":[{"href":"https:\/\/xenum.com\/es\/wp-json\/wp\/v2\/media?parent=9550"}],"curies":[{"name":"wp","href":"https:\/\/api.w.org\/{rel}","templated":true}]}}