{"id":9536,"date":"2020-02-11T19:18:15","date_gmt":"2020-02-11T19:18:15","guid":{"rendered":"https:\/\/xenum.com\/?page_id=9536"},"modified":"2023-03-03T11:50:47","modified_gmt":"2023-03-03T10:50:47","slug":"pro-s-5w40","status":"publish","type":"page","link":"https:\/\/xenum.com\/es\/inicio\/productos\/aceites\/motor\/completamente-sintetico\/pro-s-5w40\/","title":{"rendered":"PRO-S 5W40"},"content":{"rendered":"<p>Aceite sint\u00e9tico de alto rendimiento para motor elaborado con una selecci\u00f3n especial de aceites base con alto \u00edndice de viscosidad y una equilibrada selecci\u00f3n de aditivos avanzados. Proporciona una protecci\u00f3n \u00f3ptima y una mayor vida \u00fatil y fiabilidad al motor. Combina un excepcional rendimiento anti desgaste y una excelente protecci\u00f3n contra altas temperaturas con unas excelentes caracter\u00edsticas de arranque en fr\u00edo. Este aceite de motor tambi\u00e9n contribuye a prolongar la vida \u00fatil del filtro anti part\u00edculas.<\/p>\n<h2>Propiedades<\/h2>\n<ul>\n<li>Ahorro de combustible.<\/li>\n<li>\u00cdndice de viscosidad muy elevado y estable<\/li>\n<li>Resistencia superior al cizallamiento.<\/li>\n<li>Arranque r\u00e1pido en fr\u00edo.<\/li>\n<li>L\u00e1mina de lubricaci\u00f3n segura a temperaturas extremas.<\/li>\n<li>Resistencia mejorada en intervalos extendidos.<\/li>\n<li>Alta protecci\u00f3n contra el desgaste.<\/li>\n<li>Low SAPS \/ Compatible FAP<\/li>\n<\/ul>\n<h2>Aplicaci\u00f3n<\/h2>\n<p>Espec\u00edficamente recomendado para la lubricaci\u00f3n de todos los motores TDI con inyector bomba y para motores turbodiesel Common Rail. El SYNTH-XL 5W40 tambi\u00e9n es perfecto para la lubricaci\u00f3n de coches a gasolina de \u00faltima generaci\u00f3n.<\/p>\n<h2>Especificaciones<\/h2>\n<ul>\n<li>ACEA C3<\/li>\n<li>API SN, SN Plus<\/li>\n<li>BMW LONGLIFE-04<\/li>\n<li>FIAT 9.55535-T2<\/li>\n<li>FORD WSS-M2C917-A<\/li>\n<li>MB 229.31\/229.51\/229.52<\/li>\n<li>GM dexos 2<\/li>\n<li>PORSCHE A40<\/li>\n<li>RENAULT RN 0700, RN0710<\/li>\n<li>VW 502.00, 505.00, 505.01<\/li>\n<\/ul>\n<h2>Disponible en<\/h2>\n<p>12X1L, 4X4L, 4X5L, 20L, 60L, 208L<\/p>\n","protected":false},"excerpt":{"rendered":"<p>Aceite sint\u00e9tico de alto rendimiento para motor elaborado con una selecci\u00f3n especial de aceites base con alto \u00edndice de viscosidad y una equilibrada selecci\u00f3n de aditivos avanzados. Proporciona una protecci\u00f3n \u00f3ptima y una mayor vida \u00fatil y fiabilidad al motor. Combina un excepcional rendimiento anti desgaste y una excelente protecci\u00f3n contra altas temperaturas con unas [&hellip;]<\/p>\n","protected":false},"author":9,"featured_media":9530,"parent":9444,"menu_order":0,"comment_status":"closed","ping_status":"closed","template":"product-page.php","meta":{"_acf_changed":false,"inline_featured_image":false,"footnotes":""},"class_list":["post-9536","page","type-page","status-publish","has-post-thumbnail","hentry"],"acf":[],"_links":{"self":[{"href":"https:\/\/xenum.com\/es\/wp-json\/wp\/v2\/pages\/9536","targetHints":{"allow":["GET"]}}],"collection":[{"href":"https:\/\/xenum.com\/es\/wp-json\/wp\/v2\/pages"}],"about":[{"href":"https:\/\/xenum.com\/es\/wp-json\/wp\/v2\/types\/page"}],"author":[{"embeddable":true,"href":"https:\/\/xenum.com\/es\/wp-json\/wp\/v2\/users\/9"}],"replies":[{"embeddable":true,"href":"https:\/\/xenum.com\/es\/wp-json\/wp\/v2\/comments?post=9536"}],"version-history":[{"count":9,"href":"https:\/\/xenum.com\/es\/wp-json\/wp\/v2\/pages\/9536\/revisions"}],"predecessor-version":[{"id":20771,"href":"https:\/\/xenum.com\/es\/wp-json\/wp\/v2\/pages\/9536\/revisions\/20771"}],"up":[{"embeddable":true,"href":"https:\/\/xenum.com\/es\/wp-json\/wp\/v2\/pages\/9444"}],"wp:featuredmedia":[{"embeddable":true,"href":"https:\/\/xenum.com\/es\/wp-json\/wp\/v2\/media\/9530"}],"wp:attachment":[{"href":"https:\/\/xenum.com\/es\/wp-json\/wp\/v2\/media?parent=9536"}],"curies":[{"name":"wp","href":"https:\/\/api.w.org\/{rel}","templated":true}]}}