{"id":9508,"date":"2020-02-11T18:45:42","date_gmt":"2020-02-11T18:45:42","guid":{"rendered":"https:\/\/xenum.com\/?page_id=9508"},"modified":"2023-10-17T12:35:25","modified_gmt":"2023-10-17T11:35:25","slug":"pro-dx1-5w30","status":"publish","type":"page","link":"https:\/\/xenum.com\/es\/inicio\/productos\/aceites\/motor\/completamente-sintetico\/pro-dx1-5w30\/","title":{"rendered":"PRO-DX1 5W30"},"content":{"rendered":"<p>Aceite sint\u00e9tico para motor. Universal, ahorrador combustible. Desarrollado empleando la tecnolog\u00eda m\u00e1s reciente. Basado en una selecci\u00f3n especial de aceites base con alto \u00edndice de viscosidad natural y una equilibrada selecci\u00f3n de aditivos avanzados.<\/p>\n<h2><strong>Propiedades<\/strong><\/h2>\n<ul>\n<li>Menor consumo de combustible.<\/li>\n<li>Alto y muy estable \u00edndice de viscosidad.<\/li>\n<li>Alta resistencia al cizallamiento.<\/li>\n<li>Arranque r\u00e1pido en fr\u00edo.<\/li>\n<li>Muy buena resistencia a la oxidaci\u00f3n.<\/li>\n<li>L\u00e1mina de lubricaci\u00f3n segura a temperaturas muy altas.<\/li>\n<li>Muy buena detergencia y dispersi\u00f3n.<\/li>\n<li>Protecci\u00f3n muy fuerte contra el desgaste, la corrosi\u00f3n y la formaci\u00f3n de espuma.<\/li>\n<\/ul>\n<h2><strong>Aplicaci\u00f3n<\/strong><\/h2>\n<p>Aceite sint\u00e9tico de composici\u00f3n especial y bajo consumo recomendado para su uso en motores de gasolina de turismos, que prescriban un aceite con la especificaci\u00f3n GM dexos1 \u2122 Gen 3.<\/p>\n<h2><strong>Especificaciones<\/strong><\/h2>\n<ul>\n<li>API SP Resource Conserving<\/li>\n<li>ILSAC GF-6A<\/li>\n<li>GM DEXOS 1 (TM) GEN 3<\/li>\n<li>CHRYSLER MS6395<\/li>\n<li>FORD WSS-M2C946-A\/WSS-M2C961-A1<\/li>\n<\/ul>\n<h2><strong>Disponible en<\/strong><\/h2>\n<p>12X1L, 4X4L, 4X5L, 20L, 60L, 208L<\/p>\n","protected":false},"excerpt":{"rendered":"<p>Aceite sint\u00e9tico para motor. Universal, ahorrador combustible. Desarrollado empleando la tecnolog\u00eda m\u00e1s reciente. Basado en una selecci\u00f3n especial de aceites base con alto \u00edndice de viscosidad natural y una equilibrada selecci\u00f3n de aditivos avanzados. Propiedades Menor consumo de combustible. Alto y muy estable \u00edndice de viscosidad. Alta resistencia al cizallamiento. Arranque r\u00e1pido en fr\u00edo. Muy [&hellip;]<\/p>\n","protected":false},"author":9,"featured_media":25224,"parent":9444,"menu_order":0,"comment_status":"closed","ping_status":"closed","template":"product-page.php","meta":{"_acf_changed":false,"inline_featured_image":false,"footnotes":""},"class_list":["post-9508","page","type-page","status-publish","has-post-thumbnail","hentry"],"acf":[],"_links":{"self":[{"href":"https:\/\/xenum.com\/es\/wp-json\/wp\/v2\/pages\/9508","targetHints":{"allow":["GET"]}}],"collection":[{"href":"https:\/\/xenum.com\/es\/wp-json\/wp\/v2\/pages"}],"about":[{"href":"https:\/\/xenum.com\/es\/wp-json\/wp\/v2\/types\/page"}],"author":[{"embeddable":true,"href":"https:\/\/xenum.com\/es\/wp-json\/wp\/v2\/users\/9"}],"replies":[{"embeddable":true,"href":"https:\/\/xenum.com\/es\/wp-json\/wp\/v2\/comments?post=9508"}],"version-history":[{"count":8,"href":"https:\/\/xenum.com\/es\/wp-json\/wp\/v2\/pages\/9508\/revisions"}],"predecessor-version":[{"id":24856,"href":"https:\/\/xenum.com\/es\/wp-json\/wp\/v2\/pages\/9508\/revisions\/24856"}],"up":[{"embeddable":true,"href":"https:\/\/xenum.com\/es\/wp-json\/wp\/v2\/pages\/9444"}],"wp:featuredmedia":[{"embeddable":true,"href":"https:\/\/xenum.com\/es\/wp-json\/wp\/v2\/media\/25224"}],"wp:attachment":[{"href":"https:\/\/xenum.com\/es\/wp-json\/wp\/v2\/media?parent=9508"}],"curies":[{"name":"wp","href":"https:\/\/api.w.org\/{rel}","templated":true}]}}