{"id":9432,"date":"2020-02-11T17:21:47","date_gmt":"2020-02-11T17:21:47","guid":{"rendered":"https:\/\/xenum.com\/?page_id=9432"},"modified":"2021-08-11T14:43:40","modified_gmt":"2021-08-11T14:43:40","slug":"hydrax-46","status":"publish","type":"page","link":"https:\/\/xenum.com\/es\/inicio\/productos\/aceites\/hydrolic\/hydrax-46\/","title":{"rendered":"HYDRAX 46"},"content":{"rendered":"<p>Aceite hidr\u00e1ulico de alto grado EP basado en aceites base refinados con disolventes seleccionados que tienen un \u00edndice de viscosidad natural, bajo adici\u00f3n de aditivos para obtener las siguientes propiedades<\/p>\n<h2><strong>PROPIEDADES<\/strong><\/h2>\n<ul>\n<li>Una excelente protecci\u00f3n contra el desgaste<\/li>\n<li>Una muy buena actividad contra la oxidaci\u00f3n y la corrosi\u00f3n<\/li>\n<li>Una excelente estabilidad frente a la oxidaci\u00f3n<\/li>\n<li>Muy buenas propiedades de demulsificaci\u00f3n<\/li>\n<li>Muy buenas propiedades de desaireaci\u00f3n y supresi\u00f3n de espuma<\/li>\n<li>Buena compatibilidad con las juntas y los sellos de material sint\u00e9tico<\/li>\n<li>Bajo punto de fluidez<\/li>\n<\/ul>\n<h2><strong>APLICACI\u00d3N<\/strong><\/h2>\n<p>Este tipo de fluido hidr\u00e1ulico puede utilizarse en equipos hidr\u00e1ulicos de alta resistencia, as\u00ed como en cajas de cambios y cojinetes de baja resistencia.<br \/>\ny cojinetes. Este aceite hidr\u00e1ulico tambi\u00e9n puede utilizarse para sistemas de lubricaci\u00f3n, lubricaci\u00f3n general y bombas de vac\u00edo<br \/>\n(con exclusi\u00f3n de las turbinas). Este fluido no es compatible en sistemas que contengan piezas o equipos con un<br \/>\nrevestimiento.<\/p>\n","protected":false},"excerpt":{"rendered":"<p>Aceite hidr\u00e1ulico de alto grado EP basado en aceites base refinados con disolventes seleccionados que tienen un \u00edndice de viscosidad natural, bajo adici\u00f3n de aditivos para obtener las siguientes propiedades PROPIEDADES Una excelente protecci\u00f3n contra el desgaste Una muy buena actividad contra la oxidaci\u00f3n y la corrosi\u00f3n Una excelente estabilidad frente a la oxidaci\u00f3n Muy [&hellip;]<\/p>\n","protected":false},"author":9,"featured_media":998,"parent":5916,"menu_order":2,"comment_status":"closed","ping_status":"closed","template":"product-page.php","meta":{"_acf_changed":false,"inline_featured_image":false,"footnotes":""},"class_list":["post-9432","page","type-page","status-publish","has-post-thumbnail","hentry"],"acf":[],"_links":{"self":[{"href":"https:\/\/xenum.com\/es\/wp-json\/wp\/v2\/pages\/9432","targetHints":{"allow":["GET"]}}],"collection":[{"href":"https:\/\/xenum.com\/es\/wp-json\/wp\/v2\/pages"}],"about":[{"href":"https:\/\/xenum.com\/es\/wp-json\/wp\/v2\/types\/page"}],"author":[{"embeddable":true,"href":"https:\/\/xenum.com\/es\/wp-json\/wp\/v2\/users\/9"}],"replies":[{"embeddable":true,"href":"https:\/\/xenum.com\/es\/wp-json\/wp\/v2\/comments?post=9432"}],"version-history":[{"count":3,"href":"https:\/\/xenum.com\/es\/wp-json\/wp\/v2\/pages\/9432\/revisions"}],"predecessor-version":[{"id":10349,"href":"https:\/\/xenum.com\/es\/wp-json\/wp\/v2\/pages\/9432\/revisions\/10349"}],"up":[{"embeddable":true,"href":"https:\/\/xenum.com\/es\/wp-json\/wp\/v2\/pages\/5916"}],"wp:featuredmedia":[{"embeddable":true,"href":"https:\/\/xenum.com\/es\/wp-json\/wp\/v2\/media\/998"}],"wp:attachment":[{"href":"https:\/\/xenum.com\/es\/wp-json\/wp\/v2\/media?parent=9432"}],"curies":[{"name":"wp","href":"https:\/\/api.w.org\/{rel}","templated":true}]}}