{"id":9382,"date":"2020-02-11T14:24:01","date_gmt":"2020-02-11T14:24:01","guid":{"rendered":"https:\/\/xenum.com\/?page_id=9382"},"modified":"2023-03-07T16:03:09","modified_gmt":"2023-03-07T15:03:09","slug":"pro-0w40","status":"publish","type":"page","link":"https:\/\/xenum.com\/es\/inicio\/productos\/aceites\/motor\/completamente-sintetico\/pro-0w40\/","title":{"rendered":"PRO 0W40"},"content":{"rendered":"<h2>DESCRIPCI\u00d3N<\/h2>\n<p>Aceite sint\u00e9tico de alto rendimiento para motor producido con una cuidadosa selecci\u00f3n de aceites base con alto \u00edndice de viscosidad y aditivos avanzados. Proporciona una protecci\u00f3n \u00f3ptima y una mayor vida \u00fatil y fiabilidad del motor. Combina un excepcional rendimiento anti desgaste y una excelente protecci\u00f3n contra altas temperaturas, adem\u00e1s de presentar excelentes caracter\u00edsticas para arranque en fr\u00edo.<\/p>\n<h2>PROPIEDADES<\/h2>\n<ul>\n<li>Ahorro de combustible y reducci\u00f3n de CO2.<\/li>\n<li>\u00cdndice de viscosidad elevado y muy estable.<\/li>\n<li>Arranque en fr\u00edo muy r\u00e1pido.<\/li>\n<li>Pel\u00edcula lubricante segura a temperaturas extremas.<\/li>\n<li>Admite intervalos de servicio de aceite prolongados y flexibles.<\/li>\n<li>Elevada protecci\u00f3n contra el desgaste.<\/li>\n<\/ul>\n<h2>APLICACI\u00d3N<\/h2>\n<p>Todos los motores de gasolina de 4 tiempos, 4 v\u00e1lvulas, turboalimentados y di\u00e9sel de 4 tiempos con o sin turbo. No es adecuado para filtros de part\u00edculas di\u00e9sel.<\/p>\n<h3><strong>ESPECIFICACIONES<\/strong><\/h3>\n<ul>\n<li>ACEA: A3\/B4<\/li>\n<li>API: SN<\/li>\n<li>BMW: LONGLIFE-01<\/li>\n<li>FORD: WSS-M2C937-A<\/li>\n<li>MB: 229.5<\/li>\n<li>PORSCHE: A40<\/li>\n<li>RENAULT: RN 0700<\/li>\n<li>RENAULT: RN 0710<\/li>\n<li>VW: 502 00, VW: 505 00<\/li>\n<\/ul>\n<h3><strong>EMBALAJE<\/strong><\/h3>\n<p>12X1L, 4X4L, 20L, 60L, 208L<\/p>\n","protected":false},"excerpt":{"rendered":"<p>DESCRIPCI\u00d3N Aceite sint\u00e9tico de alto rendimiento para motor producido con una cuidadosa selecci\u00f3n de aceites base con alto \u00edndice de viscosidad y aditivos avanzados. Proporciona una protecci\u00f3n \u00f3ptima y una mayor vida \u00fatil y fiabilidad del motor. Combina un excepcional rendimiento anti desgaste y una excelente protecci\u00f3n contra altas temperaturas, adem\u00e1s de presentar excelentes caracter\u00edsticas [&hellip;]<\/p>\n","protected":false},"author":9,"featured_media":9487,"parent":9444,"menu_order":0,"comment_status":"closed","ping_status":"closed","template":"product-page.php","meta":{"_acf_changed":false,"inline_featured_image":false,"footnotes":""},"class_list":["post-9382","page","type-page","status-publish","has-post-thumbnail","hentry"],"acf":[],"_links":{"self":[{"href":"https:\/\/xenum.com\/es\/wp-json\/wp\/v2\/pages\/9382","targetHints":{"allow":["GET"]}}],"collection":[{"href":"https:\/\/xenum.com\/es\/wp-json\/wp\/v2\/pages"}],"about":[{"href":"https:\/\/xenum.com\/es\/wp-json\/wp\/v2\/types\/page"}],"author":[{"embeddable":true,"href":"https:\/\/xenum.com\/es\/wp-json\/wp\/v2\/users\/9"}],"replies":[{"embeddable":true,"href":"https:\/\/xenum.com\/es\/wp-json\/wp\/v2\/comments?post=9382"}],"version-history":[{"count":11,"href":"https:\/\/xenum.com\/es\/wp-json\/wp\/v2\/pages\/9382\/revisions"}],"predecessor-version":[{"id":20841,"href":"https:\/\/xenum.com\/es\/wp-json\/wp\/v2\/pages\/9382\/revisions\/20841"}],"up":[{"embeddable":true,"href":"https:\/\/xenum.com\/es\/wp-json\/wp\/v2\/pages\/9444"}],"wp:featuredmedia":[{"embeddable":true,"href":"https:\/\/xenum.com\/es\/wp-json\/wp\/v2\/media\/9487"}],"wp:attachment":[{"href":"https:\/\/xenum.com\/es\/wp-json\/wp\/v2\/media?parent=9382"}],"curies":[{"name":"wp","href":"https:\/\/api.w.org\/{rel}","templated":true}]}}