{"id":9360,"date":"2020-02-10T19:58:49","date_gmt":"2020-02-10T19:58:49","guid":{"rendered":"https:\/\/xenum.com\/?page_id=9360"},"modified":"2021-08-11T14:49:08","modified_gmt":"2021-08-11T14:49:08","slug":"cerlub-x","status":"publish","type":"page","link":"https:\/\/xenum.com\/es\/inicio\/productos\/mantenimiento\/lubricantes\/cerlub-x\/","title":{"rendered":"CERLUB X"},"content":{"rendered":"<p>Pasta cer\u00e1mica para una lubricaci\u00f3n eficaz en condiciones de alta temperatura y alta presi\u00f3n.<\/p>\n<h2><strong>Beneficios<\/strong><\/h2>\n<ul>\n<li>Proporciona protecci\u00f3n y lubricaci\u00f3n resistente a las altas temperaturas de las piezas.<\/li>\n<li>Proporciona una protecci\u00f3n fiable contra la corrosi\u00f3n y el desgaste.<\/li>\n<li>F\u00e1cil de usar, gracias al cepillo. (200 ml)*.<\/li>\n<li>Paquete de aire a presi\u00f3n. (sin propulsores insalubres)*.<\/li>\n<\/ul>\n<p>*s\u00f3lo con paquete de presi\u00f3n de 200 ml<\/p>\n<h2><strong>Propiedades<\/strong><\/h2>\n<ul>\n<li>Libre de aluminio, plomo, cobre, MoS2 y azufre.<\/li>\n<li>Resiste las reacciones qu\u00edmicas del compuesto de rosca con los materiales de la rosca.<\/li>\n<li>Temperatura de servicio: -40\u00b0C a +1400\u00b0C.<\/li>\n<li>Repelente al agua.<\/li>\n<li>Anticorrosi\u00f3n.<\/li>\n<\/ul>\n<h2><strong>Aplicaci\u00f3n<\/strong><\/h2>\n<ul>\n<li>Frenos, sistemas de escape y turbo, tornillos de turbina.<\/li>\n<li>Lubricaci\u00f3n de roscas de sondas lambda.<\/li>\n<li>Roscas a alta temperatura en la industria qu\u00edmica, refiner\u00edas y centrales el\u00e9ctricas.<\/li>\n<li>Pasta de montaje para pernos y gu\u00edas de deslizamiento a altas temperaturas.<\/li>\n<\/ul>\n<p>Aplicar uniformemente con la brocha* o esp\u00e1tula incluida sobre la superficie o las piezas. Limpiar las piezas y la superficie antes de aplicar el compuesto cer\u00e1mico. No aplicar donde se requiera grasa.<\/p>\n<h3>Disponible en<\/h3>\n<p>Envase a presi\u00f3n de 200 ml (6 x 200 ml\/cart\u00f3n) - REF. 5073200<br \/>\nLata de 250 g (4 x 250 g\/cart\u00f3n)<br \/>\nLata de 500 g (4 x 500 g\/cart\u00f3n)<\/p>\n","protected":false},"excerpt":{"rendered":"<p>Pasta cer\u00e1mica para una lubricaci\u00f3n eficaz en condiciones de alta temperatura y alta presi\u00f3n. Beneficios Proporciona protecci\u00f3n y lubricaci\u00f3n resistente a las altas temperaturas de las piezas. Proporciona una protecci\u00f3n fiable contra la corrosi\u00f3n y el desgaste. F\u00e1cil de usar, gracias al cepillo. (200 ml)*. Paquete de aire a presi\u00f3n. (sin propulsores insalubres)*. *s\u00f3lo con [&hellip;]<\/p>\n","protected":false},"author":1,"featured_media":9344,"parent":2383,"menu_order":0,"comment_status":"closed","ping_status":"closed","template":"product-page.php","meta":{"_acf_changed":false,"inline_featured_image":false,"footnotes":""},"class_list":["post-9360","page","type-page","status-publish","has-post-thumbnail","hentry"],"acf":[],"_links":{"self":[{"href":"https:\/\/xenum.com\/es\/wp-json\/wp\/v2\/pages\/9360","targetHints":{"allow":["GET"]}}],"collection":[{"href":"https:\/\/xenum.com\/es\/wp-json\/wp\/v2\/pages"}],"about":[{"href":"https:\/\/xenum.com\/es\/wp-json\/wp\/v2\/types\/page"}],"author":[{"embeddable":true,"href":"https:\/\/xenum.com\/es\/wp-json\/wp\/v2\/users\/1"}],"replies":[{"embeddable":true,"href":"https:\/\/xenum.com\/es\/wp-json\/wp\/v2\/comments?post=9360"}],"version-history":[{"count":3,"href":"https:\/\/xenum.com\/es\/wp-json\/wp\/v2\/pages\/9360\/revisions"}],"predecessor-version":[{"id":10351,"href":"https:\/\/xenum.com\/es\/wp-json\/wp\/v2\/pages\/9360\/revisions\/10351"}],"up":[{"embeddable":true,"href":"https:\/\/xenum.com\/es\/wp-json\/wp\/v2\/pages\/2383"}],"wp:featuredmedia":[{"embeddable":true,"href":"https:\/\/xenum.com\/es\/wp-json\/wp\/v2\/media\/9344"}],"wp:attachment":[{"href":"https:\/\/xenum.com\/es\/wp-json\/wp\/v2\/media?parent=9360"}],"curies":[{"name":"wp","href":"https:\/\/api.w.org\/{rel}","templated":true}]}}