{"id":9300,"date":"2020-01-28T18:19:25","date_gmt":"2020-01-28T18:19:25","guid":{"rendered":"https:\/\/xenum.com\/?page_id=9300"},"modified":"2022-04-05T17:58:40","modified_gmt":"2022-04-05T16:58:40","slug":"at-flux-3","status":"publish","type":"page","link":"https:\/\/xenum.com\/es\/inicio\/productos\/equipamiento\/equipos\/at-flux-3\/","title":{"rendered":"AT-FLUX 3"},"content":{"rendered":"<p>XENUM AT-FLUX utiliza un m\u00e9todo avanzado e innovador para limpiar y llenar de aceite nuevo las transmisiones autom\u00e1ticas con el m\u00ednimo esfuerzo. La m\u00e1quina se conecta a la caja de cambios mediante mangueras, creando un circuito de aceite com\u00fan. Como resultado, el aceite fluye a trav\u00e9s de la transmisi\u00f3n y la m\u00e1quina. El aceite viejo, en combinaci\u00f3n con un fuerte aditivo de limpieza (T-Flush), fluye a trav\u00e9s de todo el sistema, asegurando que el lavado se haga autom\u00e1ticamente.<\/p>\n<h2><strong>Beneficios<\/strong><\/h2>\n<ul>\n<li>Compatible con todos los adaptadores de uso frecuentes<\/li>\n<li>Base de datos actualizada<\/li>\n<li>Tablet con instrucciones claras (d\u00f3nde conectar, que adaptador poner, la cantidad de aceite que debemos usar)<\/li>\n<li>Desperdicio m\u00ednimo de aceite<\/li>\n<li>A medida para nuestros envases de 20 litros<\/li>\n<\/ul>\n<h2><strong>Propiedades<\/strong><\/h2>\n<ul>\n<li>Todo el sistema se carga con ATF nuevo<\/li>\n<li>No se mezcla ATF antiguo con el nuevo<\/li>\n<li>Limpieza efectiva de todo el circuito de aceite del sistema de transmisi\u00f3n autom\u00e1tica, incluyendo: enfriador de aceite, convertidor de torsi\u00f3n, v\u00e1lvulas del mecanismo de cambio y mangueras de aceite<\/li>\n<li>El nuevo ATF elimina el desgaste excesivo, lo que repercute en una menor generaci\u00f3n de calor en la transmisi\u00f3n, proporcionando un mejor cambio y un menor consumo de combustible.<\/li>\n<li>Eficiente, f\u00e1cil de usar y respetuoso con el medio ambiente<\/li>\n<li>Cambios m\u00e1s suaves<\/li>\n<li>Soporte separado para el aditivo de limpieza y el aditivo de rendimiento<\/li>\n<\/ul>\n","protected":false},"excerpt":{"rendered":"<p>XENUM AT-FLUX utiliza un m\u00e9todo avanzado e innovador para limpiar y llenar de aceite nuevo las transmisiones autom\u00e1ticas con el m\u00ednimo esfuerzo. La m\u00e1quina se conecta a la caja de cambios mediante mangueras, creando un circuito de aceite com\u00fan. Como resultado, el aceite fluye a trav\u00e9s de la transmisi\u00f3n y la m\u00e1quina. El aceite viejo, [&hellip;]<\/p>\n","protected":false},"author":9,"featured_media":9294,"parent":2438,"menu_order":0,"comment_status":"closed","ping_status":"closed","template":"product-page.php","meta":{"_acf_changed":false,"inline_featured_image":false,"footnotes":""},"class_list":["post-9300","page","type-page","status-publish","has-post-thumbnail","hentry"],"acf":[],"_links":{"self":[{"href":"https:\/\/xenum.com\/es\/wp-json\/wp\/v2\/pages\/9300","targetHints":{"allow":["GET"]}}],"collection":[{"href":"https:\/\/xenum.com\/es\/wp-json\/wp\/v2\/pages"}],"about":[{"href":"https:\/\/xenum.com\/es\/wp-json\/wp\/v2\/types\/page"}],"author":[{"embeddable":true,"href":"https:\/\/xenum.com\/es\/wp-json\/wp\/v2\/users\/9"}],"replies":[{"embeddable":true,"href":"https:\/\/xenum.com\/es\/wp-json\/wp\/v2\/comments?post=9300"}],"version-history":[{"count":3,"href":"https:\/\/xenum.com\/es\/wp-json\/wp\/v2\/pages\/9300\/revisions"}],"predecessor-version":[{"id":17636,"href":"https:\/\/xenum.com\/es\/wp-json\/wp\/v2\/pages\/9300\/revisions\/17636"}],"up":[{"embeddable":true,"href":"https:\/\/xenum.com\/es\/wp-json\/wp\/v2\/pages\/2438"}],"wp:featuredmedia":[{"embeddable":true,"href":"https:\/\/xenum.com\/es\/wp-json\/wp\/v2\/media\/9294"}],"wp:attachment":[{"href":"https:\/\/xenum.com\/es\/wp-json\/wp\/v2\/media?parent=9300"}],"curies":[{"name":"wp","href":"https:\/\/api.w.org\/{rel}","templated":true}]}}