{"id":9287,"date":"2020-01-27T22:16:35","date_gmt":"2020-01-27T22:16:35","guid":{"rendered":"https:\/\/xenum.com\/?page_id=9287"},"modified":"2022-04-05T18:01:39","modified_gmt":"2022-04-05T17:01:39","slug":"4-way-flux","status":"publish","type":"page","link":"https:\/\/xenum.com\/es\/inicio\/productos\/equipamiento\/equipos\/4-way-flux\/","title":{"rendered":"4-WAY Flux"},"content":{"rendered":"<p>Equipo profesional para limpieza de admisi\u00f3n, sistema de combustible, filtro anti part\u00edculas (FAP), turbo y EGR.<\/p>\n<h2><strong>Limpieza de admisi\u00f3n<\/strong><\/h2>\n<ul>\n<li>Adecuado para veh\u00edculos di\u00e9sel y gasolina<\/li>\n<li>Mantiene limpio todo el sistema EGR\/admisi\u00f3n<\/li>\n<li>Evita el atascamiento de v\u00e1lvula EGR, colector de admisi\u00f3n, v\u00e1lvulas de mariposa...<\/li>\n<li>Disuelve gomas, lacas, alquitr\u00e1n, carb\u00f3n y otros dep\u00f3sitos<\/li>\n<li>Hace que el motor funcione de manera m\u00e1s suave<\/li>\n<li>Mejora la econom\u00eda de combustible<\/li>\n<\/ul>\n<p>Productos adicionales necesarios: <a href=\"https:\/\/xenum.com\/es\/inicio\/productos\/equipamiento\/quimicos\/i-flux-fluid\/\">I-FLUX FLUID<\/a>.<\/p>\n<p>Opcionales para di\u00e9sel: <a href=\"https:\/\/xenum.com\/es\/inicio\/productos\/aditivos\/combustible\/diesel-limpiadores\/in-out-diesel\/\">In &amp; Out Diesel<\/a>, <a href=\"https:\/\/xenum.com\/es\/inicio\/productos\/aditivos\/combustible\/diesel-limpiadores\/full-detox-pro\/\">Full Detox Pro<\/a>\u00a0o\u00a0<a href=\"https:\/\/xenum.com\/es\/inicio\/productos\/aditivos\/combustible\/diesel-limpiadores\/ultimax-diesel\/\">Ultimax Diesel<\/a>.<\/p>\n<p>Opcionales para gasolina: <a href=\"https:\/\/xenum.com\/es\/inicio\/productos\/aditivos\/combustible\/gasolina-limpiadores\/in-out-petrol\/\">In &amp; Out Petrol<\/a>, <a href=\"https:\/\/xenum.com\/es\/inicio\/productos\/aditivos\/combustible\/gasolina-limpiadores\/ultimax-petrol-conditioner\/\">Ultimax Petrol<\/a>.<\/p>\n<h2><strong>Limpieza del sistema de inyecci\u00f3n<\/strong><\/h2>\n<ul>\n<li>Adecuado para veh\u00edculos di\u00e9sel y gasolina<\/li>\n<li>Mantiene limpios los inyectores y la bomba<\/li>\n<li>Evita da\u00f1os mec\u00e1nicos en el sistema de inyecci\u00f3n<\/li>\n<li>Restaura la potencia y mejora las din\u00e1micas del motor<\/li>\n<li>Mayor econom\u00eda de combustible<\/li>\n<li>Funcionamiento del motor m\u00e1s suave, con menos ruido y vibraciones<\/li>\n<li>Mejora de la potencia y la eficiencia<\/li>\n<li>Protege el sistema de combustible de la corrosi\u00f3n<\/li>\n<li>Cataliza el holl\u00edn para mantener Turbo, EGR, CAT y filtro de holl\u00edn, libres de holl\u00edn<\/li>\n<\/ul>\n<p>Productos adicionales necesarios: <a href=\"https:\/\/xenum.com\/es\/inicio\/productos\/aditivos\/combustible\/diesel-limpiadores\/x-flush\/\">X-Flush Diesel<\/a> \/ X-Flush Petrol<\/p>\n<h2><strong>Limpieza del sistema FAP\/EGR<\/strong><\/h2>\n<ul>\n<li>Limpia y elimina los dep\u00f3sitos de holl\u00edn y carbon de las estructuras porosas en forma de panal presentes en el FAP<\/li>\n<li>Evita la acumulaci\u00f3n continuada de holl\u00edn en el filtro de part\u00edculas<\/li>\n<li>L\u00edquido no inflamable de base acuosa<\/li>\n<li>L\u00edquido de limpieza sin metales que no deja residuos<\/li>\n<li>Restaura el funcionamiento correcto del filtro de part\u00edculas di\u00e9sel<\/li>\n<li>Mejora la fiabilidad del motor y del FAP<\/li>\n<li>Se puede utilizar para limpiar la v\u00e1lvula EGR y el Turbo con un conector extra.<\/li>\n<\/ul>\n<p>Son necesarios productos adicionales: <a href=\"https:\/\/xenum.com\/es\/inicio\/productos\/equipamiento\/quimicos\/dpf-flush-step-1\/\">DPF Flush - Step 1<\/a>, <a href=\"https:\/\/xenum.com\/es\/inicio\/productos\/equipamiento\/quimicos\/dpf-flush-step-2\/\">DPF Flush - Step 2<\/a> y <a href=\"https:\/\/xenum.com\/es\/inicio\/productos\/equipamiento\/quimicos\/nexgen-dpf-coating-dpf-flush-step-3\/\">NEXGEN DPF Coating - DPF Flush Step 3<\/a>.<\/p>\n<p>Opcionales para di\u00e9sel: <a href=\"https:\/\/xenum.com\/es\/inicio\/productos\/aditivos\/combustible\/diesel-limpiadores\/in-out-diesel\/\">In &amp; Out Diesel<\/a>, <a href=\"https:\/\/xenum.com\/es\/inicio\/productos\/aditivos\/combustible\/diesel-limpiadores\/full-detox-diesel\/\">Full Detox<\/a> o\u00a0<a href=\"https:\/\/xenum.com\/es\/inicio\/productos\/aditivos\/combustible\/diesel-limpiadores\/ultimax-diesel\/\">Ultimax Diesel<\/a>.<\/p>\n<h3><strong>Instrucciones<\/strong><\/h3>\n<p>Leer atentamente el <a href=\"https:\/\/xenum.com\/downloads\/tds-msds-nr\/en\/4-way-flux_en_manual.pdf\">manual<\/a>.<\/p>\n","protected":false},"excerpt":{"rendered":"<p>Equipo profesional para limpieza de admisi\u00f3n, sistema de combustible, filtro anti part\u00edculas (FAP), turbo y EGR. Limpieza de admisi\u00f3n Adecuado para veh\u00edculos di\u00e9sel y gasolina Mantiene limpio todo el sistema EGR\/admisi\u00f3n Evita el atascamiento de v\u00e1lvula EGR, colector de admisi\u00f3n, v\u00e1lvulas de mariposa... Disuelve gomas, lacas, alquitr\u00e1n, carb\u00f3n y otros dep\u00f3sitos Hace que el motor [&hellip;]<\/p>\n","protected":false},"author":1,"featured_media":7617,"parent":2438,"menu_order":0,"comment_status":"closed","ping_status":"closed","template":"product-page.php","meta":{"_acf_changed":false,"inline_featured_image":false,"footnotes":""},"class_list":["post-9287","page","type-page","status-publish","has-post-thumbnail","hentry"],"acf":[],"_links":{"self":[{"href":"https:\/\/xenum.com\/es\/wp-json\/wp\/v2\/pages\/9287","targetHints":{"allow":["GET"]}}],"collection":[{"href":"https:\/\/xenum.com\/es\/wp-json\/wp\/v2\/pages"}],"about":[{"href":"https:\/\/xenum.com\/es\/wp-json\/wp\/v2\/types\/page"}],"author":[{"embeddable":true,"href":"https:\/\/xenum.com\/es\/wp-json\/wp\/v2\/users\/1"}],"replies":[{"embeddable":true,"href":"https:\/\/xenum.com\/es\/wp-json\/wp\/v2\/comments?post=9287"}],"version-history":[{"count":9,"href":"https:\/\/xenum.com\/es\/wp-json\/wp\/v2\/pages\/9287\/revisions"}],"predecessor-version":[{"id":17639,"href":"https:\/\/xenum.com\/es\/wp-json\/wp\/v2\/pages\/9287\/revisions\/17639"}],"up":[{"embeddable":true,"href":"https:\/\/xenum.com\/es\/wp-json\/wp\/v2\/pages\/2438"}],"wp:featuredmedia":[{"embeddable":true,"href":"https:\/\/xenum.com\/es\/wp-json\/wp\/v2\/media\/7617"}],"wp:attachment":[{"href":"https:\/\/xenum.com\/es\/wp-json\/wp\/v2\/media?parent=9287"}],"curies":[{"name":"wp","href":"https:\/\/api.w.org\/{rel}","templated":true}]}}