{"id":8953,"date":"2019-06-21T16:50:37","date_gmt":"2019-06-21T16:50:37","guid":{"rendered":"https:\/\/xenum.com\/?page_id=8953"},"modified":"2024-09-12T10:12:50","modified_gmt":"2024-09-12T09:12:50","slug":"dpf-cleaner","status":"publish","type":"page","link":"https:\/\/xenum.com\/es\/inicio\/productos\/mantenimiento\/limpiadores\/dpf-cleaner\/","title":{"rendered":"DPF Cleaner"},"content":{"rendered":"<p class=\"p1\">DPF Cleaner es una soluci\u00f3n potente dise\u00f1ada espec\u00edficamente para limpiar a fondo el Filtro de Part\u00edculas Di\u00e9sel sin necesidad de desmontarlo. Su f\u00f3rmula avanzada elimina eficientemente el holl\u00edn, las cenizas y otras impurezas, restaurando el rendimiento y la funcionalidad del DPF y prolongando su vida \u00fatil.<\/p>\n<h2><strong>Beneficios<\/strong><\/h2>\n<ul>\n<li>Limpieza del filtro antipart\u00edculas sin desmontaje<\/li>\n<li>Evita las p\u00e9rdidas de potencia<\/li>\n<li>Evita los problemas de los FAP con los trayectos cortos<\/li>\n<li>Alarga la vida \u00fatil del FAP<\/li>\n<\/ul>\n<h2><strong>Propiedades<\/strong><\/h2>\n<ul>\n<li>Sin metales<\/li>\n<li>Agente limpiador de cenizas<\/li>\n<\/ul>\n<h2><strong>Modo de uso<\/strong><\/h2>\n<p>Antes de usar este producto, aseg\u00farese de que la temperatura del FAP est\u00e9 por debajo de 40 \u00b0C y por encima de 20 \u00b0C<\/p>\n<ul>\n<li>Desmonte el sensor de temperatura o de presi\u00f3n del tubo de escape, justo enfrente del FAP.<\/li>\n<li>Inserte el tubo de la boquilla del aerosol en la abertura apuntando hacia el filtro.<\/li>\n<li>Vac\u00ede el contenido en el filtro, moviendo la boquilla y el tubo durante la pulverizaci\u00f3n. Espere a que act\u00fae durante al menos 30 minutos.<\/li>\n<li>Vuelva a montar el sensor de temperatura o de presi\u00f3n.<\/li>\n<li>Arranque el motor. Agua sucia (contaminada con holl\u00edn y cenizas) saldr\u00e1 por tubo de escape. Deje que el motor funcione en ralent\u00ed hasta que el goteo se detenga.<\/li>\n<li>Inicie una regeneraci\u00f3n conduciendo 20 - 30 minutos a altas velocidades (100 km\/h) y revoluciones (&gt;3.000 RPM).<\/li>\n<\/ul>\n<p>Si es necesario, revise el ordenador de a bordo y elimine los mensajes de error.<\/p>\n<h3><strong>Embalaje<\/strong><\/h3>\n<p>Spray de 400 ml (caja de 12 x 400 ml) - REF. 4274400<\/p>\n","protected":false},"excerpt":{"rendered":"<p>DPF Cleaner es una soluci\u00f3n potente dise\u00f1ada espec\u00edficamente para limpiar a fondo el Filtro de Part\u00edculas Di\u00e9sel sin necesidad de desmontarlo. Su f\u00f3rmula avanzada elimina eficientemente el holl\u00edn, las cenizas y otras impurezas, restaurando el rendimiento y la funcionalidad del DPF y prolongando su vida \u00fatil. Beneficios Limpieza del filtro antipart\u00edculas sin desmontaje Evita las [&hellip;]<\/p>\n","protected":false},"author":1,"featured_media":8919,"parent":2373,"menu_order":0,"comment_status":"closed","ping_status":"closed","template":"product-page.php","meta":{"_acf_changed":false,"inline_featured_image":false,"footnotes":""},"class_list":["post-8953","page","type-page","status-publish","has-post-thumbnail","hentry"],"acf":[],"_links":{"self":[{"href":"https:\/\/xenum.com\/es\/wp-json\/wp\/v2\/pages\/8953","targetHints":{"allow":["GET"]}}],"collection":[{"href":"https:\/\/xenum.com\/es\/wp-json\/wp\/v2\/pages"}],"about":[{"href":"https:\/\/xenum.com\/es\/wp-json\/wp\/v2\/types\/page"}],"author":[{"embeddable":true,"href":"https:\/\/xenum.com\/es\/wp-json\/wp\/v2\/users\/1"}],"replies":[{"embeddable":true,"href":"https:\/\/xenum.com\/es\/wp-json\/wp\/v2\/comments?post=8953"}],"version-history":[{"count":2,"href":"https:\/\/xenum.com\/es\/wp-json\/wp\/v2\/pages\/8953\/revisions"}],"predecessor-version":[{"id":25590,"href":"https:\/\/xenum.com\/es\/wp-json\/wp\/v2\/pages\/8953\/revisions\/25590"}],"up":[{"embeddable":true,"href":"https:\/\/xenum.com\/es\/wp-json\/wp\/v2\/pages\/2373"}],"wp:featuredmedia":[{"embeddable":true,"href":"https:\/\/xenum.com\/es\/wp-json\/wp\/v2\/media\/8919"}],"wp:attachment":[{"href":"https:\/\/xenum.com\/es\/wp-json\/wp\/v2\/media?parent=8953"}],"curies":[{"name":"wp","href":"https:\/\/api.w.org\/{rel}","templated":true}]}}