{"id":8914,"date":"2019-06-14T17:30:57","date_gmt":"2019-06-14T17:30:57","guid":{"rendered":"https:\/\/xenum.com\/?page_id=8914"},"modified":"2023-03-09T16:13:31","modified_gmt":"2023-03-09T15:13:31","slug":"pro-f-5w30","status":"publish","type":"page","link":"https:\/\/xenum.com\/es\/inicio\/productos\/aceites\/motor\/completamente-sintetico\/pro-f-5w30\/","title":{"rendered":"PRO F 5W30"},"content":{"rendered":"<p>Aceite sint\u00e9tico de alto rendimiento para motor elaborado con una selecci\u00f3n especial de aceites base con alto \u00edndice de viscosidad y una equilibrada selecci\u00f3n de aditivos avanzados. Proporciona una protecci\u00f3n \u00f3ptima y una mayor vida \u00fatil y fiabilidad al motor. Combina un excepcional rendimiento anti desgaste y una excelente protecci\u00f3n contra altas temperaturas con unas excelentes caracter\u00edsticas de arranque en fr\u00edo. Este aceite de motor tambi\u00e9n contribuye a la prolongaci\u00f3n de la vida \u00fatil de los filtros de part\u00edculas.<\/p>\n<h2>Propiedades<\/h2>\n<ul>\n<li>Ahorro de combustible.<\/li>\n<li>\u00cdndice de viscosidad muy elevado y estable<\/li>\n<li>Resistencia superior al cizallamiento.<\/li>\n<li>Arranque r\u00e1pido en fr\u00edo.<\/li>\n<li>L\u00e1mina de lubricaci\u00f3n segura a temperaturas extremas.<\/li>\n<li>Intervalos de drenaje de aceite flexibles y prolongados.<\/li>\n<li>Alta protecci\u00f3n contra el desgaste.<\/li>\n<li>Low SAPS \/ Compatible FAP<\/li>\n<\/ul>\n<h2>Aplicaci\u00f3n<\/h2>\n<p>Este aceite sint\u00e9tico universal de ahorro de combustible est\u00e1 especialmente desarrollado para motores di\u00e9sel con inyector unitario. Es compatible con motores de gasolina y di\u00e9sel, con o sin turboalimentaci\u00f3n. Cumple con los requisitos de varios fabricantes de equipos originales y, por lo tanto, tiene una amplia aplicaci\u00f3n. Aplique la cantidad correcta de aceite indicada en las instrucciones de funcionamiento del veh\u00edculo y del motor.<\/p>\n<h3>Especificaciones<\/h3>\n<ul>\n<li>ACEA C1<\/li>\n<li>FORD WSS-M2C934B<\/li>\n<li>JASO DL-1<\/li>\n<li>JAGUAR\/LAND ROVER STJR.03.5005<\/li>\n<li>MAZDA (DPF &amp; FAP)<\/li>\n<\/ul>\n<h3>Embalaje<\/h3>\n<p>12X1L, 4X4L, 4X5L, 20L, 60L, 208L<\/p>\n","protected":false},"excerpt":{"rendered":"<p>Aceite sint\u00e9tico de alto rendimiento para motor elaborado con una selecci\u00f3n especial de aceites base con alto \u00edndice de viscosidad y una equilibrada selecci\u00f3n de aditivos avanzados. Proporciona una protecci\u00f3n \u00f3ptima y una mayor vida \u00fatil y fiabilidad al motor. Combina un excepcional rendimiento anti desgaste y una excelente protecci\u00f3n contra altas temperaturas con unas [&hellip;]<\/p>\n","protected":false},"author":1,"featured_media":14417,"parent":9444,"menu_order":10,"comment_status":"closed","ping_status":"closed","template":"product-page.php","meta":{"_acf_changed":false,"inline_featured_image":false,"footnotes":""},"class_list":["post-8914","page","type-page","status-publish","has-post-thumbnail","hentry"],"acf":[],"_links":{"self":[{"href":"https:\/\/xenum.com\/es\/wp-json\/wp\/v2\/pages\/8914","targetHints":{"allow":["GET"]}}],"collection":[{"href":"https:\/\/xenum.com\/es\/wp-json\/wp\/v2\/pages"}],"about":[{"href":"https:\/\/xenum.com\/es\/wp-json\/wp\/v2\/types\/page"}],"author":[{"embeddable":true,"href":"https:\/\/xenum.com\/es\/wp-json\/wp\/v2\/users\/1"}],"replies":[{"embeddable":true,"href":"https:\/\/xenum.com\/es\/wp-json\/wp\/v2\/comments?post=8914"}],"version-history":[{"count":4,"href":"https:\/\/xenum.com\/es\/wp-json\/wp\/v2\/pages\/8914\/revisions"}],"predecessor-version":[{"id":20917,"href":"https:\/\/xenum.com\/es\/wp-json\/wp\/v2\/pages\/8914\/revisions\/20917"}],"up":[{"embeddable":true,"href":"https:\/\/xenum.com\/es\/wp-json\/wp\/v2\/pages\/9444"}],"wp:featuredmedia":[{"embeddable":true,"href":"https:\/\/xenum.com\/es\/wp-json\/wp\/v2\/media\/14417"}],"wp:attachment":[{"href":"https:\/\/xenum.com\/es\/wp-json\/wp\/v2\/media?parent=8914"}],"curies":[{"name":"wp","href":"https:\/\/api.w.org\/{rel}","templated":true}]}}