{"id":829,"date":"2017-07-18T20:58:32","date_gmt":"2017-07-18T20:58:32","guid":{"rendered":"https:\/\/xenum.com\/?page_id=829"},"modified":"2023-06-14T12:30:34","modified_gmt":"2023-06-14T11:30:34","slug":"gp-10w40","status":"publish","type":"page","link":"https:\/\/xenum.com\/es\/inicio\/productos\/aceites\/motor\/aceite-grafito\/gp-10w40\/","title":{"rendered":"GP 10W40"},"content":{"rendered":"<p>GP 10W40 es un aceite de motor con carbonografito micro coloidal. Su avanzada formulaci\u00f3n lo convierte en id\u00f3neo para todos los motores modernos y de alto rendimiento, pero tambi\u00e9n es una perfecta elecci\u00f3n para coches antiguos. Una mezcla muy especial de aceites sint\u00e9ticos, minerales, aditivos de alta tecnolog\u00eda y micro carbono grafito provee importantes ventajas sobre otros aceites.<\/p>\n<p>Reduce el consumo de energ\u00eda generado por la fricci\u00f3n. Previene de forma eficiente el contacto metal-metal y la fricci\u00f3n entre las asperezas de las superficies. Provee una insuperable eficiencia energ\u00e9tica y hasta dos veces mas protecci\u00f3n al desgaste que la provista por aceites semi-sint\u00e9ticos e incluso sint\u00e9ticos populares.<\/p>\n<p><strong>Caracter\u00edsticas:<\/strong><\/p>\n<ul>\n<li>Ahorro de combustible importante (-3 a -5%)<\/li>\n<li>Reducci\u00f3n sustancial de la fricci\u00f3n interna<\/li>\n<li>Incremento de potencia significativo (+2 a +5%)<\/li>\n<li>Reduce de forma importante el consumo de aceite (hasta -80%)<\/li>\n<li>Reducci\u00f3n perceptible del ruido del motor<\/li>\n<li>Arranque en fr\u00edo mejorado<\/li>\n<li>Mantiene el motor limpio.<\/li>\n<\/ul>\n<p><strong>Especificaciones:<\/strong><\/p>\n<ul>\n<li>ACEA A3\/B3, A3\/B4<\/li>\n<li>API SM\/CF<\/li>\n<\/ul>\n<p><strong>Disponible en:<\/strong><\/p>\n<p>12X1L, 4X5L<\/p>\n","protected":false},"excerpt":{"rendered":"<p>GP 10W40 es un aceite de motor con carbonografito micro coloidal. Su avanzada formulaci\u00f3n lo convierte en id\u00f3neo para todos los motores modernos y de alto rendimiento, pero tambi\u00e9n es una perfecta elecci\u00f3n para coches antiguos. Una mezcla muy especial de aceites sint\u00e9ticos, minerales, aditivos de alta tecnolog\u00eda y micro carbono grafito provee importantes ventajas [&hellip;]<\/p>\n","protected":false},"author":1,"featured_media":527,"parent":554,"menu_order":0,"comment_status":"closed","ping_status":"closed","template":"product-page.php","meta":{"_acf_changed":false,"inline_featured_image":false,"footnotes":""},"class_list":["post-829","page","type-page","status-publish","has-post-thumbnail","hentry"],"acf":[],"_links":{"self":[{"href":"https:\/\/xenum.com\/es\/wp-json\/wp\/v2\/pages\/829","targetHints":{"allow":["GET"]}}],"collection":[{"href":"https:\/\/xenum.com\/es\/wp-json\/wp\/v2\/pages"}],"about":[{"href":"https:\/\/xenum.com\/es\/wp-json\/wp\/v2\/types\/page"}],"author":[{"embeddable":true,"href":"https:\/\/xenum.com\/es\/wp-json\/wp\/v2\/users\/1"}],"replies":[{"embeddable":true,"href":"https:\/\/xenum.com\/es\/wp-json\/wp\/v2\/comments?post=829"}],"version-history":[{"count":10,"href":"https:\/\/xenum.com\/es\/wp-json\/wp\/v2\/pages\/829\/revisions"}],"predecessor-version":[{"id":22882,"href":"https:\/\/xenum.com\/es\/wp-json\/wp\/v2\/pages\/829\/revisions\/22882"}],"up":[{"embeddable":true,"href":"https:\/\/xenum.com\/es\/wp-json\/wp\/v2\/pages\/554"}],"wp:featuredmedia":[{"embeddable":true,"href":"https:\/\/xenum.com\/es\/wp-json\/wp\/v2\/media\/527"}],"wp:attachment":[{"href":"https:\/\/xenum.com\/es\/wp-json\/wp\/v2\/media?parent=829"}],"curies":[{"name":"wp","href":"https:\/\/api.w.org\/{rel}","templated":true}]}}