{"id":796,"date":"2017-07-18T20:52:28","date_gmt":"2017-07-18T20:52:28","guid":{"rendered":"https:\/\/xenum.com\/?page_id=796"},"modified":"2023-09-29T09:58:21","modified_gmt":"2023-09-29T08:58:21","slug":"gpr-10w60","status":"publish","type":"page","link":"https:\/\/xenum.com\/es\/inicio\/productos\/aceites\/motor\/aceite-grafito\/gpr-10w60\/","title":{"rendered":"GPR 10W60"},"content":{"rendered":"<p>GPR 10W60 es un aceite sint\u00e9tico de calidad superior que contiene micro carbono grafito, aportando importantes ventajas sobre otros aceites. Reduce el consumo de energ\u00eda generado por la fricci\u00f3n. Previene de forma eficiente el contacto metal-metal y la fricci\u00f3n entre las asperezas de las superficies. Provee una insuperable eficiencia energ\u00e9tica y hasta dos veces mas protecci\u00f3n al desgaste que la provista por otros aceites sint\u00e9ticos populares. Su avanzada formulaci\u00f3n lo convierte en id\u00f3neo para todos los motores modernos y de alto rendimiento, pero tambi\u00e9n es una perfecta elecci\u00f3n para coches antiguos, como los anteriores a 1990.<\/p>\n<p>Con su formulaci\u00f3n y viscosidad especiales GPR 10W60 es un producto ideal para competici\u00f3n.<\/p>\n<p><strong>Caracter\u00edsticas:<\/strong><\/p>\n<ul>\n<li>Ahorro de combustible importante (-3 a -5%)<\/li>\n<li>Reducci\u00f3n sustancial de la fricci\u00f3n interna<\/li>\n<li>Incremento de potencia significativo (+2 a +5%)<\/li>\n<li>Reduce de forma importante el consumo de aceite (hasta -80%)<\/li>\n<li>Reducci\u00f3n perceptible del ruido del motor<\/li>\n<li>Arranque en fr\u00edo mejorado<\/li>\n<li>Mantiene el motor limpio.<\/li>\n<\/ul>\n<p><strong>Especificaciones:<\/strong><\/p>\n<ul>\n<li>ACEA C3<\/li>\n<li>API SN\/CF<\/li>\n<\/ul>\n<p><strong>Disponible en:<br \/>\n<\/strong><\/p>\n<p>12X1L, 4X5L<\/p>\n","protected":false},"excerpt":{"rendered":"<p>GPR 10W60 es un aceite sint\u00e9tico de calidad superior que contiene micro carbono grafito, aportando importantes ventajas sobre otros aceites. Reduce el consumo de energ\u00eda generado por la fricci\u00f3n. Previene de forma eficiente el contacto metal-metal y la fricci\u00f3n entre las asperezas de las superficies. Provee una insuperable eficiencia energ\u00e9tica y hasta dos veces mas [&hellip;]<\/p>\n","protected":false},"author":1,"featured_media":528,"parent":554,"menu_order":0,"comment_status":"closed","ping_status":"closed","template":"product-page.php","meta":{"_acf_changed":false,"inline_featured_image":false,"footnotes":""},"class_list":["post-796","page","type-page","status-publish","has-post-thumbnail","hentry"],"acf":[],"_links":{"self":[{"href":"https:\/\/xenum.com\/es\/wp-json\/wp\/v2\/pages\/796","targetHints":{"allow":["GET"]}}],"collection":[{"href":"https:\/\/xenum.com\/es\/wp-json\/wp\/v2\/pages"}],"about":[{"href":"https:\/\/xenum.com\/es\/wp-json\/wp\/v2\/types\/page"}],"author":[{"embeddable":true,"href":"https:\/\/xenum.com\/es\/wp-json\/wp\/v2\/users\/1"}],"replies":[{"embeddable":true,"href":"https:\/\/xenum.com\/es\/wp-json\/wp\/v2\/comments?post=796"}],"version-history":[{"count":11,"href":"https:\/\/xenum.com\/es\/wp-json\/wp\/v2\/pages\/796\/revisions"}],"predecessor-version":[{"id":24506,"href":"https:\/\/xenum.com\/es\/wp-json\/wp\/v2\/pages\/796\/revisions\/24506"}],"up":[{"embeddable":true,"href":"https:\/\/xenum.com\/es\/wp-json\/wp\/v2\/pages\/554"}],"wp:featuredmedia":[{"embeddable":true,"href":"https:\/\/xenum.com\/es\/wp-json\/wp\/v2\/media\/528"}],"wp:attachment":[{"href":"https:\/\/xenum.com\/es\/wp-json\/wp\/v2\/media?parent=796"}],"curies":[{"name":"wp","href":"https:\/\/api.w.org\/{rel}","templated":true}]}}