{"id":7701,"date":"2018-11-27T17:21:38","date_gmt":"2018-11-27T17:21:38","guid":{"rendered":"https:\/\/xenum.com\/?page_id=7701"},"modified":"2023-02-14T10:22:31","modified_gmt":"2023-02-14T09:22:31","slug":"nippon-runner-5w30","status":"publish","type":"page","link":"https:\/\/xenum.com\/es\/inicio\/productos\/aceites\/motor\/aceite-convencional\/nippon-runner-5w30\/","title":{"rendered":"NIPPON RUNNER 5W30"},"content":{"rendered":"<p>Aceite avanzado para motor, especialmente dise\u00f1ado para proteger los componentes cr\u00edticos en veh\u00edculos de mayor kilometraje (m\u00e1s de 120.000 km). Basado en aceites base especiales con agentes para juntas y aditivos especiales, que prolongan la vida \u00fatil del aceite, reducen los lodos y evitan la formaci\u00f3n de dep\u00f3sitos. Sus acondicionadores para juntas previenen las fugas en los motores m\u00e1s antiguos al tiempo que reducen el consumo de aceite. Influye positivamente en el envejecimiento y la protecci\u00f3n del motor.<\/p>\n<h2><strong>Propiedades<\/strong><\/h2>\n<ul>\n<li>Ralentiza el proceso de envejecimiento del motor.<\/li>\n<li>Mejora la protecci\u00f3n contra el desgaste.<\/li>\n<li>Proporciona una mejor resistencia a la oxidaci\u00f3n.<\/li>\n<li>Excelentes propiedades de limpieza.<\/li>\n<li>Muy buenas propiedades para arranque en fr\u00edo.<\/li>\n<li>Minimiza el consumo de aceite.<\/li>\n<li>Mejora el estado de las juntas y evita las fugas de aceite.<strong>\u00a0<\/strong><\/li>\n<\/ul>\n<h2><strong>Aplicaci\u00f3n<\/strong><\/h2>\n<p>Adecuado para todo tipo de motores de turismos y veh\u00edculos comerciales ligeros con m\u00e1s de 120.000 km. Aplique la cantidad correcta de aceite como se indica en las instrucciones de uso del veh\u00edculo y del motor.<\/p>\n<h2><strong>Especificaciones<\/strong><\/h2>\n<ul>\n<li>ACEA A3\/B4<\/li>\n<li>API SN\/CF<\/li>\n<li>MB 229.3, 226.5<\/li>\n<li>BMW Longlife-01<\/li>\n<li>VW 502.00\/505.00<\/li>\n<li>OPEL GM-LL-B-25<\/li>\n<li>RENAULT 0700<\/li>\n<\/ul>\n<h3><strong>Embalaje<\/strong><\/h3>\n<p>12X1L, 4X4L, 4X5L, 20L, 60L, 208L<\/p>\n","protected":false},"excerpt":{"rendered":"<p>Aceite avanzado para motor, especialmente dise\u00f1ado para proteger los componentes cr\u00edticos en veh\u00edculos de mayor kilometraje (m\u00e1s de 120.000 km). Basado en aceites base especiales con agentes para juntas y aditivos especiales, que prolongan la vida \u00fatil del aceite, reducen los lodos y evitan la formaci\u00f3n de dep\u00f3sitos. Sus acondicionadores para juntas previenen las fugas [&hellip;]<\/p>\n","protected":false},"author":1,"featured_media":7699,"parent":616,"menu_order":13,"comment_status":"closed","ping_status":"closed","template":"product-page.php","meta":{"_acf_changed":false,"inline_featured_image":false,"footnotes":""},"class_list":["post-7701","page","type-page","status-publish","has-post-thumbnail","hentry"],"acf":[],"_links":{"self":[{"href":"https:\/\/xenum.com\/es\/wp-json\/wp\/v2\/pages\/7701","targetHints":{"allow":["GET"]}}],"collection":[{"href":"https:\/\/xenum.com\/es\/wp-json\/wp\/v2\/pages"}],"about":[{"href":"https:\/\/xenum.com\/es\/wp-json\/wp\/v2\/types\/page"}],"author":[{"embeddable":true,"href":"https:\/\/xenum.com\/es\/wp-json\/wp\/v2\/users\/1"}],"replies":[{"embeddable":true,"href":"https:\/\/xenum.com\/es\/wp-json\/wp\/v2\/comments?post=7701"}],"version-history":[{"count":5,"href":"https:\/\/xenum.com\/es\/wp-json\/wp\/v2\/pages\/7701\/revisions"}],"predecessor-version":[{"id":20470,"href":"https:\/\/xenum.com\/es\/wp-json\/wp\/v2\/pages\/7701\/revisions\/20470"}],"up":[{"embeddable":true,"href":"https:\/\/xenum.com\/es\/wp-json\/wp\/v2\/pages\/616"}],"wp:featuredmedia":[{"embeddable":true,"href":"https:\/\/xenum.com\/es\/wp-json\/wp\/v2\/media\/7699"}],"wp:attachment":[{"href":"https:\/\/xenum.com\/es\/wp-json\/wp\/v2\/media?parent=7701"}],"curies":[{"name":"wp","href":"https:\/\/api.w.org\/{rel}","templated":true}]}}