{"id":7599,"date":"2018-11-21T16:26:59","date_gmt":"2018-11-21T16:26:59","guid":{"rendered":"https:\/\/xenum.com\/?page_id=7599"},"modified":"2023-02-09T15:26:39","modified_gmt":"2023-02-09T14:26:39","slug":"x1-10w60","status":"publish","type":"page","link":"https:\/\/xenum.com\/es\/inicio\/productos\/aceites\/motor\/ester-sintetico\/x1-10w60\/","title":{"rendered":"X1 10W60"},"content":{"rendered":"<p>Aceite sint\u00e9tico base \u00e9ster de alto rendimiento para motor. Proporciona una protecci\u00f3n \u00f3ptima y una mayor vida \u00fatil y fiabilidad del motor. Supera los requisitos de rendimiento de pr\u00e1cticamente todos los fabricantes de motores. Combina un excepcional rendimiento anti desgaste y una excelente protecci\u00f3n con altas temperaturas. Gracias a sus aditivos avanzados y a su elevada viscosidad, tambi\u00e9n es adecuado para competici\u00f3n.<\/p>\n<h2><strong>Caracter\u00edsticas<\/strong><\/h2>\n<ul>\n<li>\u00cdndice de viscosidad elevado y muy estable<\/li>\n<li>Alta resistencia al cizallamiento<\/li>\n<li>Arranque r\u00e1pido en fr\u00edo<\/li>\n<li>Pel\u00edcula lubricante segura a temperaturas elevadas<\/li>\n<li>Formaci\u00f3n de cenizas de combusti\u00f3n reducida<\/li>\n<li>Muy buena detergencia y dispersi\u00f3n<\/li>\n<li>Protecci\u00f3n muy elevada contra el desgaste, la corrosi\u00f3n y la formaci\u00f3n de espuma<\/li>\n<\/ul>\n<h2><strong>Especificaciones<\/strong><\/h2>\n<ul>\n<li>ACEA C3<\/li>\n<li>API SN\/CF<\/li>\n<li>BMW M-Engines \/ LL-01<\/li>\n<li>PORSCHE A 40<\/li>\n<\/ul>\n<h3><strong>Disponible en<\/strong><\/h3>\n<p>1 L,\u00a05 L,\u00a060 L,\u00a0208 L<\/p>\n","protected":false},"excerpt":{"rendered":"<p>Aceite sint\u00e9tico base \u00e9ster de alto rendimiento para motor. Proporciona una protecci\u00f3n \u00f3ptima y una mayor vida \u00fatil y fiabilidad del motor. Supera los requisitos de rendimiento de pr\u00e1cticamente todos los fabricantes de motores. Combina un excepcional rendimiento anti desgaste y una excelente protecci\u00f3n con altas temperaturas. Gracias a sus aditivos avanzados y a su [&hellip;]<\/p>\n","protected":false},"author":1,"featured_media":10110,"parent":9327,"menu_order":8,"comment_status":"closed","ping_status":"closed","template":"product-page.php","meta":{"_acf_changed":false,"inline_featured_image":false,"footnotes":""},"class_list":["post-7599","page","type-page","status-publish","has-post-thumbnail","hentry"],"acf":[],"_links":{"self":[{"href":"https:\/\/xenum.com\/es\/wp-json\/wp\/v2\/pages\/7599","targetHints":{"allow":["GET"]}}],"collection":[{"href":"https:\/\/xenum.com\/es\/wp-json\/wp\/v2\/pages"}],"about":[{"href":"https:\/\/xenum.com\/es\/wp-json\/wp\/v2\/types\/page"}],"author":[{"embeddable":true,"href":"https:\/\/xenum.com\/es\/wp-json\/wp\/v2\/users\/1"}],"replies":[{"embeddable":true,"href":"https:\/\/xenum.com\/es\/wp-json\/wp\/v2\/comments?post=7599"}],"version-history":[{"count":5,"href":"https:\/\/xenum.com\/es\/wp-json\/wp\/v2\/pages\/7599\/revisions"}],"predecessor-version":[{"id":20196,"href":"https:\/\/xenum.com\/es\/wp-json\/wp\/v2\/pages\/7599\/revisions\/20196"}],"up":[{"embeddable":true,"href":"https:\/\/xenum.com\/es\/wp-json\/wp\/v2\/pages\/9327"}],"wp:featuredmedia":[{"embeddable":true,"href":"https:\/\/xenum.com\/es\/wp-json\/wp\/v2\/media\/10110"}],"wp:attachment":[{"href":"https:\/\/xenum.com\/es\/wp-json\/wp\/v2\/media?parent=7599"}],"curies":[{"name":"wp","href":"https:\/\/api.w.org\/{rel}","templated":true}]}}