{"id":7542,"date":"2018-11-15T17:05:12","date_gmt":"2018-11-15T17:05:12","guid":{"rendered":"https:\/\/xenum.com\/?page_id=7542"},"modified":"2023-02-10T14:23:10","modified_gmt":"2023-02-10T13:23:10","slug":"x1-5w40","status":"publish","type":"page","link":"https:\/\/xenum.com\/es\/inicio\/productos\/aceites\/motor\/ester-sintetico\/x1-5w40\/","title":{"rendered":"X1 5W40"},"content":{"rendered":"<p>Aceite sint\u00e9tico ester de alto rendimiento para motor que provee \u00f3ptima protecci\u00f3n y vida y fiabilidad de motor extendidas. Combina un excepcional rendimiento anti-desgaste y una sobresaliente protecci\u00f3n a elevadas temperaturas, con excelentes caracter\u00edsticas para arranque en fr\u00edo.<\/p>\n<h2><strong>Caracter\u00edsticas<\/strong><\/h2>\n<ul>\n<li>Reduce el consumo de combustible y las emisiones de CO2.<\/li>\n<li>Contribuye a desarrollar m\u00e1s potencia en el motor.<\/li>\n<li>\u00cdndice de viscosidad elevado y estable.<\/li>\n<li>Arranque en fr\u00edo r\u00e1pido.<\/li>\n<li>Proporciona una estabilidad t\u00e9rmica superior, asegurando una m\u00ednima generaci\u00f3n de residuos para una mayor limpieza interna.<\/li>\n<li>Asegura protecci\u00f3n al motor desde el primer momento del arranque, minimizando desgaste y da\u00f1os.<\/li>\n<li>Protege los Filtros Antipart\u00edculas Di\u00e9sel.<\/li>\n<\/ul>\n<h2><strong>Especificaciones<\/strong><\/h2>\n<ul>\n<li>ACEA C3<\/li>\n<li>API SN<\/li>\n<li>API SN Plus<\/li>\n<li>BMW Longlife-04<\/li>\n<li>FIAT 9.55535-T2\/9.55535-S2<\/li>\n<li>FORD WSS-M2C917-A<\/li>\n<li>MB 229.31\/229.51\/229.52<\/li>\n<li>GM dexos 2<\/li>\n<li>PORSCHE A40<\/li>\n<li>RENAULT RN 0710<\/li>\n<li>VW 505 00\/505 01<\/li>\n<\/ul>\n<h3><strong>Disponible en<\/strong><\/h3>\n<p>12X1L, 4X4L, 4X5L<\/p>\n","protected":false},"excerpt":{"rendered":"<p>Aceite sint\u00e9tico ester de alto rendimiento para motor que provee \u00f3ptima protecci\u00f3n y vida y fiabilidad de motor extendidas. Combina un excepcional rendimiento anti-desgaste y una sobresaliente protecci\u00f3n a elevadas temperaturas, con excelentes caracter\u00edsticas para arranque en fr\u00edo. Caracter\u00edsticas Reduce el consumo de combustible y las emisiones de CO2. Contribuye a desarrollar m\u00e1s potencia en [&hellip;]<\/p>\n","protected":false},"author":1,"featured_media":10108,"parent":9327,"menu_order":4,"comment_status":"closed","ping_status":"closed","template":"product-page.php","meta":{"_acf_changed":false,"inline_featured_image":false,"footnotes":""},"class_list":["post-7542","page","type-page","status-publish","has-post-thumbnail","hentry"],"acf":[],"_links":{"self":[{"href":"https:\/\/xenum.com\/es\/wp-json\/wp\/v2\/pages\/7542","targetHints":{"allow":["GET"]}}],"collection":[{"href":"https:\/\/xenum.com\/es\/wp-json\/wp\/v2\/pages"}],"about":[{"href":"https:\/\/xenum.com\/es\/wp-json\/wp\/v2\/types\/page"}],"author":[{"embeddable":true,"href":"https:\/\/xenum.com\/es\/wp-json\/wp\/v2\/users\/1"}],"replies":[{"embeddable":true,"href":"https:\/\/xenum.com\/es\/wp-json\/wp\/v2\/comments?post=7542"}],"version-history":[{"count":8,"href":"https:\/\/xenum.com\/es\/wp-json\/wp\/v2\/pages\/7542\/revisions"}],"predecessor-version":[{"id":20339,"href":"https:\/\/xenum.com\/es\/wp-json\/wp\/v2\/pages\/7542\/revisions\/20339"}],"up":[{"embeddable":true,"href":"https:\/\/xenum.com\/es\/wp-json\/wp\/v2\/pages\/9327"}],"wp:featuredmedia":[{"embeddable":true,"href":"https:\/\/xenum.com\/es\/wp-json\/wp\/v2\/media\/10108"}],"wp:attachment":[{"href":"https:\/\/xenum.com\/es\/wp-json\/wp\/v2\/media?parent=7542"}],"curies":[{"name":"wp","href":"https:\/\/api.w.org\/{rel}","templated":true}]}}