{"id":7473,"date":"2018-11-12T15:39:08","date_gmt":"2018-11-12T15:39:08","guid":{"rendered":"https:\/\/xenum.com\/?page_id=7473"},"modified":"2023-02-10T14:47:56","modified_gmt":"2023-02-10T13:47:56","slug":"x1-0w40","status":"publish","type":"page","link":"https:\/\/xenum.com\/es\/inicio\/productos\/aceites\/motor\/ester-sintetico\/x1-0w40\/","title":{"rendered":"X1 0W40"},"content":{"rendered":"<p>Aceite de motor \u00e9ster sint\u00e9tico de alto rendimiento que proporciona una protecci\u00f3n \u00f3ptima y alarga la vida y la fiabilidad del motor. Supera por mucho los requerimientos de funcionamiento de pr\u00e1cticamente cualquier fabricante de motores. Combina un excepcional rendimiento antidesgaste, una protecci\u00f3n sobresaliente a altas temperaturas y excelentes caracter\u00edsticas para arranque en fr\u00edo.<\/p>\n<h2><strong>Propiedades<\/strong><\/h2>\n<ul>\n<li>Reduce el consumo y las emisiones de CO2.<\/li>\n<li>Incrementa la potencia del motor.<\/li>\n<li>Alto \u00edndice de viscosidad muy estable.<\/li>\n<li>Alta resistencia al cizallamiento.<\/li>\n<li>Arranque r\u00e1pido en fr\u00edo.<\/li>\n<li>Proporciona una estabilidad t\u00e9rmica excelente, y minimiza los dep\u00f3sitos internos.<\/li>\n<li>Garantiza la protecci\u00f3n del motor desde el primer momento de ignici\u00f3n, minimizando el da\u00f1o y el desgaste.<\/li>\n<\/ul>\n<h2><strong>Aplicaci\u00f3n<\/strong><\/h2>\n<p>Apto para todos los motores gasolina y di\u00e9sel, con turbo y de aspiraci\u00f3n natural, IDI e DI.<\/p>\n<p>Use la cantidad correcta de aceite indicada en el manual de operaciones del veh\u00edculo y del fabricante del motor.<\/p>\n<h2><strong>Especificaciones<\/strong><\/h2>\n<ul>\n<li>ACEA C3<\/li>\n<li>Cumple con los requerimientos de ACEA C2<\/li>\n<li>API SN\/CF<\/li>\n<li>BMW Longlife-04<\/li>\n<li>MB 229.31\/229.51<\/li>\n<li>Dexos 2<\/li>\n<\/ul>\n<h3><strong>Embalaje<\/strong><\/h3>\n<p>12X1L, 4X4L, 4X5L, 20L, 60L, 208L<\/p>\n","protected":false},"excerpt":{"rendered":"<p>Aceite de motor \u00e9ster sint\u00e9tico de alto rendimiento que proporciona una protecci\u00f3n \u00f3ptima y alarga la vida y la fiabilidad del motor. Supera por mucho los requerimientos de funcionamiento de pr\u00e1cticamente cualquier fabricante de motores. Combina un excepcional rendimiento antidesgaste, una protecci\u00f3n sobresaliente a altas temperaturas y excelentes caracter\u00edsticas para arranque en fr\u00edo. Propiedades Reduce [&hellip;]<\/p>\n","protected":false},"author":1,"featured_media":10106,"parent":9327,"menu_order":2,"comment_status":"closed","ping_status":"closed","template":"product-page.php","meta":{"_acf_changed":false,"inline_featured_image":false,"footnotes":""},"class_list":["post-7473","page","type-page","status-publish","has-post-thumbnail","hentry"],"acf":[],"_links":{"self":[{"href":"https:\/\/xenum.com\/es\/wp-json\/wp\/v2\/pages\/7473","targetHints":{"allow":["GET"]}}],"collection":[{"href":"https:\/\/xenum.com\/es\/wp-json\/wp\/v2\/pages"}],"about":[{"href":"https:\/\/xenum.com\/es\/wp-json\/wp\/v2\/types\/page"}],"author":[{"embeddable":true,"href":"https:\/\/xenum.com\/es\/wp-json\/wp\/v2\/users\/1"}],"replies":[{"embeddable":true,"href":"https:\/\/xenum.com\/es\/wp-json\/wp\/v2\/comments?post=7473"}],"version-history":[{"count":6,"href":"https:\/\/xenum.com\/es\/wp-json\/wp\/v2\/pages\/7473\/revisions"}],"predecessor-version":[{"id":20378,"href":"https:\/\/xenum.com\/es\/wp-json\/wp\/v2\/pages\/7473\/revisions\/20378"}],"up":[{"embeddable":true,"href":"https:\/\/xenum.com\/es\/wp-json\/wp\/v2\/pages\/9327"}],"wp:featuredmedia":[{"embeddable":true,"href":"https:\/\/xenum.com\/es\/wp-json\/wp\/v2\/media\/10106"}],"wp:attachment":[{"href":"https:\/\/xenum.com\/es\/wp-json\/wp\/v2\/media?parent=7473"}],"curies":[{"name":"wp","href":"https:\/\/api.w.org\/{rel}","templated":true}]}}