{"id":5209,"date":"2017-11-27T17:10:57","date_gmt":"2017-11-27T17:10:57","guid":{"rendered":"https:\/\/xenum.com\/?page_id=5209"},"modified":"2019-07-31T15:51:16","modified_gmt":"2019-07-31T15:51:16","slug":"dpf-fluid","status":"publish","type":"page","link":"https:\/\/xenum.com\/es\/inicio\/productos\/aditivos\/combustible\/diesel-limpiadores\/dpf-fluid\/","title":{"rendered":"DPF Fluid"},"content":{"rendered":"<p>Producto profesional desarrollado como sustituto del l\u00edquido de filtro de part\u00edculas utilizado por diversos fabricantes en sistemas de dosificaci\u00f3n de a bordo. DPF Fluid permite quemar part\u00edculas de holl\u00edn regularmente y de manera r\u00e1pida y eficaz a una temperatura de combusti\u00f3n m\u00e1s baja.<\/p>\n<h3><strong>Beneficios<\/strong><\/h3>\n<ul>\n<li>Combusti\u00f3n de part\u00edculas de holl\u00edn acumuladas<\/li>\n<li>Funcionamiento suave y sin complicaciones del FAP y el sistema catal\u00edtico<\/li>\n<li>Reducci\u00f3n de humos y de emisiones de CO2<\/li>\n<\/ul>\n<h3><strong>Properties<\/strong><\/h3>\n<ul>\n<li>Reducci\u00f3n de humos y de emisiones de CO2<\/li>\n<li>Detiene las obstrucciones del FAP<\/li>\n<li>Uso universal<\/li>\n<\/ul>\n<h3><strong>Aplicaci\u00f3n<\/strong><\/h3>\n<p>Producto universal, puede utilizarse en todos los veh\u00edculos di\u00e9sel con sistema de dosificaci\u00f3n recargable de a bordo para la regeneraci\u00f3n del FAP.<\/p>\n<h3>Instrucciones de uso<\/h3>\n<p>Producto de uso profesional.<\/p>\n<p>Siga las instrucciones proporcionadas por el fabricante del autom\u00f3vil, ya que su uso puede variar dependiendo de la marca.<\/p>\n<p>Incluye herramienta para rellenar diferentes tipos de dep\u00f3sitos<\/p>\n<h3><strong>Disponible en<\/strong><\/h3>\n<ul>\n<li>Bote de 1 L (caja de 12 x 1 L + 3x herramientas)<\/li>\n<\/ul>\n<p>&nbsp;<\/p>\n","protected":false},"excerpt":{"rendered":"<p>Producto profesional desarrollado como sustituto del l\u00edquido de filtro de part\u00edculas utilizado por diversos fabricantes en sistemas de dosificaci\u00f3n de a bordo. DPF Fluid permite quemar part\u00edculas de holl\u00edn regularmente y de manera r\u00e1pida y eficaz a una temperatura de combusti\u00f3n m\u00e1s baja. Beneficios Combusti\u00f3n de part\u00edculas de holl\u00edn acumuladas Funcionamiento suave y sin complicaciones [&hellip;]<\/p>\n","protected":false},"author":1,"featured_media":9043,"parent":1171,"menu_order":0,"comment_status":"closed","ping_status":"closed","template":"product-page.php","meta":{"_acf_changed":false,"inline_featured_image":false,"footnotes":""},"class_list":["post-5209","page","type-page","status-publish","has-post-thumbnail","hentry"],"acf":[],"_links":{"self":[{"href":"https:\/\/xenum.com\/es\/wp-json\/wp\/v2\/pages\/5209","targetHints":{"allow":["GET"]}}],"collection":[{"href":"https:\/\/xenum.com\/es\/wp-json\/wp\/v2\/pages"}],"about":[{"href":"https:\/\/xenum.com\/es\/wp-json\/wp\/v2\/types\/page"}],"author":[{"embeddable":true,"href":"https:\/\/xenum.com\/es\/wp-json\/wp\/v2\/users\/1"}],"replies":[{"embeddable":true,"href":"https:\/\/xenum.com\/es\/wp-json\/wp\/v2\/comments?post=5209"}],"version-history":[{"count":6,"href":"https:\/\/xenum.com\/es\/wp-json\/wp\/v2\/pages\/5209\/revisions"}],"predecessor-version":[{"id":8495,"href":"https:\/\/xenum.com\/es\/wp-json\/wp\/v2\/pages\/5209\/revisions\/8495"}],"up":[{"embeddable":true,"href":"https:\/\/xenum.com\/es\/wp-json\/wp\/v2\/pages\/1171"}],"wp:featuredmedia":[{"embeddable":true,"href":"https:\/\/xenum.com\/es\/wp-json\/wp\/v2\/media\/9043"}],"wp:attachment":[{"href":"https:\/\/xenum.com\/es\/wp-json\/wp\/v2\/media?parent=5209"}],"curies":[{"name":"wp","href":"https:\/\/api.w.org\/{rel}","templated":true}]}}