{"id":4638,"date":"2017-10-03T14:32:04","date_gmt":"2017-10-03T14:32:04","guid":{"rendered":"https:\/\/xenum.com\/?page_id=4638"},"modified":"2023-06-30T19:15:36","modified_gmt":"2023-06-30T18:15:36","slug":"i-flux-fluid","status":"publish","type":"page","link":"https:\/\/xenum.com\/es\/inicio\/productos\/equipamiento\/quimicos\/i-flux-fluid\/","title":{"rendered":"I-FLUX Fluid"},"content":{"rendered":"<p>Producto de uso profesional especialmente dise\u00f1ado para su uso en equipos de limpieza de sistemas de admisi\u00f3n <a href=\"https:\/\/xenum.com\/es\/indexes\/productos\/equipamiento\/equipos\/i-flux-200\/\">Xenum I-FLUX<\/a>.<\/p>\n<p>Provee una limpieza intensiva del sistema de admisi\u00f3n&nbsp; incluyendo el colector de admisi\u00f3n, v\u00e1lvula EGR y v\u00e1lvula de turbulencia (swirl valve) en los motores diesel. Para un uso seguro y eficaz, lea y aplique cuidadosamente las instrucciones del manual de uso.<\/p>\n<p><strong>DISPONIBLE EN:<\/strong><\/p>\n<p>I-FLUX 200 &nbsp;\u2013 REF. 8880005<\/p>\n<p>I-FLUX FLUID&nbsp;\u2013 1 L \u2013 REF. 6124001<\/p>\n","protected":false},"excerpt":{"rendered":"<p>Producto de uso profesional especialmente dise\u00f1ado para su uso en equipos de limpieza de sistemas de admisi\u00f3n Xenum I-FLUX. Provee una limpieza intensiva del sistema de admisi\u00f3n&nbsp; incluyendo el colector de admisi\u00f3n, v\u00e1lvula EGR y v\u00e1lvula de turbulencia (swirl valve) en los motores diesel. Para un uso seguro y eficaz, lea y aplique cuidadosamente las [&hellip;]<\/p>\n","protected":false},"author":1,"featured_media":11304,"parent":2467,"menu_order":0,"comment_status":"closed","ping_status":"closed","template":"product-page.php","meta":{"_acf_changed":false,"inline_featured_image":false,"footnotes":""},"class_list":["post-4638","page","type-page","status-publish","has-post-thumbnail","hentry"],"acf":[],"_links":{"self":[{"href":"https:\/\/xenum.com\/es\/wp-json\/wp\/v2\/pages\/4638","targetHints":{"allow":["GET"]}}],"collection":[{"href":"https:\/\/xenum.com\/es\/wp-json\/wp\/v2\/pages"}],"about":[{"href":"https:\/\/xenum.com\/es\/wp-json\/wp\/v2\/types\/page"}],"author":[{"embeddable":true,"href":"https:\/\/xenum.com\/es\/wp-json\/wp\/v2\/users\/1"}],"replies":[{"embeddable":true,"href":"https:\/\/xenum.com\/es\/wp-json\/wp\/v2\/comments?post=4638"}],"version-history":[{"count":10,"href":"https:\/\/xenum.com\/es\/wp-json\/wp\/v2\/pages\/4638\/revisions"}],"predecessor-version":[{"id":23622,"href":"https:\/\/xenum.com\/es\/wp-json\/wp\/v2\/pages\/4638\/revisions\/23622"}],"up":[{"embeddable":true,"href":"https:\/\/xenum.com\/es\/wp-json\/wp\/v2\/pages\/2467"}],"wp:featuredmedia":[{"embeddable":true,"href":"https:\/\/xenum.com\/es\/wp-json\/wp\/v2\/media\/11304"}],"wp:attachment":[{"href":"https:\/\/xenum.com\/es\/wp-json\/wp\/v2\/media?parent=4638"}],"curies":[{"name":"wp","href":"https:\/\/api.w.org\/{rel}","templated":true}]}}