{"id":4358,"date":"2017-09-05T09:14:19","date_gmt":"2017-09-05T09:14:19","guid":{"rendered":"https:\/\/xenum.com\/?page_id=4358"},"modified":"2019-01-17T16:32:05","modified_gmt":"2019-01-17T16:32:05","slug":"i-flux-200","status":"publish","type":"page","link":"https:\/\/xenum.com\/es\/inicio\/productos\/equipamiento\/equipos\/i-flux-200\/","title":{"rendered":"I-FLUX 200"},"content":{"rendered":"<p>Xenum ha desarrollado un dispositivo profesional que limpia intensiva y completamente el sistema de admisi\u00f3n de los motores di\u00e9sel, incluyendo colector de admisi\u00f3n, v\u00e1lvula EGR y v\u00e1lvulas de turbulencia. Su potente limpiador disuelve la mayor\u00eda de los restos de goma, laca, alquitr\u00e1n, carb\u00f3n y otros residuos. En caso de suciedad extrema, se recomienda desmontar el sistema de admisi\u00f3n y realizar la limpieza manualmente la primera vez.<\/p>\n<p><strong>PROPIEDADES<\/strong><\/p>\n<ul>\n<li>Previene detonaciones<\/li>\n<li>Mayor potencia<\/li>\n<li>Ahorro de combustible<\/li>\n<li>Mejora de la combusti\u00f3n<\/li>\n<li>Funcionamiento m\u00e1s suave del motor<\/li>\n<li>Mayor fiabilidad del motor<\/li>\n<li>Reducci\u00f3n de las emisiones t\u00f3xicas y de humo<\/li>\n<li>Se puede usar en veh\u00edculos con filtro de part\u00edculas<\/li>\n<\/ul>\n<p><strong>ESPECIFICACIONES<\/strong><\/p>\n<p>Se recomienda aplicar este tratamiento de manera regular al realizar una revisi\u00f3n, o en caso de detectar alg\u00fan posible problema en el sistema de admisi\u00f3n. Lea cuidadosamente el manual de usuario de la unidad Xenum I-FLUX y siga sus instrucciones cuando la utilice. V\u00e1lido para todo tipo de motores di\u00e9sel, incluyendo los de \u00faltima generaci\u00f3n equipados con DPF y Catalizador.<\/p>\n<p><strong>DISPONIBLE EN:<\/strong><\/p>\n<p>I-FLUX 200 \u00a0\u2013 REF. 8880005<\/p>\n<p><a href=\"https:\/\/xenum.com\/es\/indexes\/productos\/equipamiento\/quimicos\/i-flux-fluid\/\">I-FLUX FLUID<\/a> \u2013 1 L \u2013 REF. 6124001<\/p>\n","protected":false},"excerpt":{"rendered":"<p>Xenum ha desarrollado un dispositivo profesional que limpia intensiva y completamente el sistema de admisi\u00f3n de los motores di\u00e9sel, incluyendo colector de admisi\u00f3n, v\u00e1lvula EGR y v\u00e1lvulas de turbulencia. Su potente limpiador disuelve la mayor\u00eda de los restos de goma, laca, alquitr\u00e1n, carb\u00f3n y otros residuos. En caso de suciedad extrema, se recomienda desmontar el [&hellip;]<\/p>\n","protected":false},"author":1,"featured_media":279,"parent":2438,"menu_order":0,"comment_status":"closed","ping_status":"closed","template":"product-page.php","meta":{"_acf_changed":false,"inline_featured_image":false,"footnotes":""},"class_list":["post-4358","page","type-page","status-publish","has-post-thumbnail","hentry"],"acf":[],"_links":{"self":[{"href":"https:\/\/xenum.com\/es\/wp-json\/wp\/v2\/pages\/4358","targetHints":{"allow":["GET"]}}],"collection":[{"href":"https:\/\/xenum.com\/es\/wp-json\/wp\/v2\/pages"}],"about":[{"href":"https:\/\/xenum.com\/es\/wp-json\/wp\/v2\/types\/page"}],"author":[{"embeddable":true,"href":"https:\/\/xenum.com\/es\/wp-json\/wp\/v2\/users\/1"}],"replies":[{"embeddable":true,"href":"https:\/\/xenum.com\/es\/wp-json\/wp\/v2\/comments?post=4358"}],"version-history":[{"count":9,"href":"https:\/\/xenum.com\/es\/wp-json\/wp\/v2\/pages\/4358\/revisions"}],"predecessor-version":[{"id":8415,"href":"https:\/\/xenum.com\/es\/wp-json\/wp\/v2\/pages\/4358\/revisions\/8415"}],"up":[{"embeddable":true,"href":"https:\/\/xenum.com\/es\/wp-json\/wp\/v2\/pages\/2438"}],"wp:featuredmedia":[{"embeddable":true,"href":"https:\/\/xenum.com\/es\/wp-json\/wp\/v2\/media\/279"}],"wp:attachment":[{"href":"https:\/\/xenum.com\/es\/wp-json\/wp\/v2\/media?parent=4358"}],"curies":[{"name":"wp","href":"https:\/\/api.w.org\/{rel}","templated":true}]}}