{"id":4335,"date":"2017-08-31T19:35:38","date_gmt":"2017-08-31T19:35:38","guid":{"rendered":"https:\/\/xenum.com\/?page_id=4335"},"modified":"2023-06-22T08:11:28","modified_gmt":"2023-06-22T07:11:28","slug":"xa-tran-8g","status":"publish","type":"page","link":"https:\/\/xenum.com\/es\/inicio\/productos\/aceites\/transmision\/automatica\/xa-tran-8g\/","title":{"rendered":"XA-TRAN 8G"},"content":{"rendered":"<p>XA-TRAN 8G is a premium automatic transmission fluid formulated using high-viscosity synthetic base oils and a carefully selected blend of advanced additives. It provides outstanding protection against wear and friction, enhances fuel efficiency and prolongs oil change intervals.<\/p>\n<h2><strong>PROPIEDADES<\/strong><\/h2>\n<ul>\n<li>Contribuye a optimizar la eficiencia del combustible<\/li>\n<li>Proporciona una excelente lubricaci\u00f3n y protecci\u00f3n contra el desgaste<\/li>\n<li>Presenta una excepcional resistencia a la oxidaci\u00f3n y la formaci\u00f3n de espuma<\/li>\n<li>Mantiene un \u00edndice de viscosidad elevado y estable, incluso a altas temperaturas<\/li>\n<li>Prolonga los intervalos de cambio de aceite<\/li>\n<\/ul>\n<h2><strong>APLICACI\u00d3N<\/strong><\/h2>\n<p>Espec\u00edficamente dise\u00f1ado para lubricar transmisiones ZF 8HP, incluyendo 8HP45, 8HP55, 8HP70 y 8HP90. Adem\u00e1s, puede utilizarse en determinadas transmisiones ZF 6HP que se encuentran en varios modelos VAG.<\/p>\n<h3><strong>ESPECIFICACIONES<\/strong><\/h3>\n<ul>\n<li>ZF 8 CV<\/li>\n<li>BMW: 83222152426<\/li>\n<li>CHRYSLER: 68157995AA<\/li>\n<li>FIAT: 9.55550-AV5<\/li>\n<li>JAGUAR: 02JDE26444<\/li>\n<li>LAND ROVER LR023288<\/li>\n<li>VW 060 162<\/li>\n<\/ul>\n<h3><strong>EMBALAJE<\/strong><\/h3>\n<p>12X1L, 4X4L, 4X5L, 20L, 60L, 208L<\/p>\n","protected":false},"excerpt":{"rendered":"<p>XA-TRAN 8G is a premium automatic transmission fluid formulated using high-viscosity synthetic base oils and a carefully selected blend of advanced additives. It provides outstanding protection against wear and friction, enhances fuel efficiency and prolongs oil change intervals. PROPIEDADES Contribuye a optimizar la eficiencia del combustible Proporciona una excelente lubricaci\u00f3n y protecci\u00f3n contra el desgaste [&hellip;]<\/p>\n","protected":false},"author":1,"featured_media":9737,"parent":725,"menu_order":0,"comment_status":"closed","ping_status":"closed","template":"product-page.php","meta":{"_acf_changed":false,"inline_featured_image":false,"footnotes":""},"class_list":["post-4335","page","type-page","status-publish","has-post-thumbnail","hentry"],"acf":[],"_links":{"self":[{"href":"https:\/\/xenum.com\/es\/wp-json\/wp\/v2\/pages\/4335","targetHints":{"allow":["GET"]}}],"collection":[{"href":"https:\/\/xenum.com\/es\/wp-json\/wp\/v2\/pages"}],"about":[{"href":"https:\/\/xenum.com\/es\/wp-json\/wp\/v2\/types\/page"}],"author":[{"embeddable":true,"href":"https:\/\/xenum.com\/es\/wp-json\/wp\/v2\/users\/1"}],"replies":[{"embeddable":true,"href":"https:\/\/xenum.com\/es\/wp-json\/wp\/v2\/comments?post=4335"}],"version-history":[{"count":6,"href":"https:\/\/xenum.com\/es\/wp-json\/wp\/v2\/pages\/4335\/revisions"}],"predecessor-version":[{"id":23280,"href":"https:\/\/xenum.com\/es\/wp-json\/wp\/v2\/pages\/4335\/revisions\/23280"}],"up":[{"embeddable":true,"href":"https:\/\/xenum.com\/es\/wp-json\/wp\/v2\/pages\/725"}],"wp:featuredmedia":[{"embeddable":true,"href":"https:\/\/xenum.com\/es\/wp-json\/wp\/v2\/media\/9737"}],"wp:attachment":[{"href":"https:\/\/xenum.com\/es\/wp-json\/wp\/v2\/media?parent=4335"}],"curies":[{"name":"wp","href":"https:\/\/api.w.org\/{rel}","templated":true}]}}