{"id":4010,"date":"2017-08-10T16:48:59","date_gmt":"2017-08-10T16:48:59","guid":{"rendered":"https:\/\/xenum.com\/?page_id=4010"},"modified":"2019-01-17T16:36:31","modified_gmt":"2019-01-17T16:36:31","slug":"climair-go","status":"publish","type":"page","link":"https:\/\/xenum.com\/es\/inicio\/productos\/mantenimiento\/aire-acondicionado\/climair-go\/","title":{"rendered":"Climair GO"},"content":{"rendered":"<p>Cuando los sistemas del aire acondicionado o de la calefacci\u00f3n contienen residuos de moho, pueden llegar a desprender muy mal olor, llegando incluso a ser una amenaza para la salud. Climair GO restaura el sistema del aire acondicionado y de la calefacci\u00f3n.<\/p>\n<h2><strong>Beneficios<\/strong><\/h2>\n<ul>\n<li>Olor fresco.<\/li>\n<li>F\u00e1cil de usar.<\/li>\n<li>No deja manchas.<\/li>\n<\/ul>\n<h2><strong>Propiedades<\/strong><\/h2>\n<ul>\n<li>Neutraliza y elimina los malos olores.<\/li>\n<li>Suave aroma a lim\u00f3n.<\/li>\n<li>Restaura el sistema de ventilaci\u00f3n.<\/li>\n<\/ul>\n<h2><strong>Modo de uso<\/strong><\/h2>\n<ul>\n<li>Encienda el motor y d\u00e9jelo a ralent\u00ed.<\/li>\n<li>Configure el sistema de ventilaci\u00f3n en la posici\u00f3n de recirculaci\u00f3n a m\u00e1xima potencia.<\/li>\n<li>Aseg\u00farese de que est\u00e1 activado el aire acondicionado.<\/li>\n<li>Agite el producto durante 15-30 segundos.<\/li>\n<li>Coloque el bote en el centro del veh\u00edculo, active el aerosol presionando la boquilla y cierre las puertas.<\/li>\n<li>Deje funcionar el motor unos minutos despu\u00e9s de haberse vaciado el bote; entonces ap\u00e1guelo y deje las puertas abiertas durante 10 minutos.<\/li>\n<\/ul>\n<h3><strong>Embalajes<\/strong><\/h3>\n<p>150 ML \u2013 REF.\u00a04267150<\/p>\n","protected":false},"excerpt":{"rendered":"<p>Cuando los sistemas del aire acondicionado o de la calefacci\u00f3n contienen residuos de moho, pueden llegar a desprender muy mal olor, llegando incluso a ser una amenaza para la salud. Climair GO restaura el sistema del aire acondicionado y de la calefacci\u00f3n. Beneficios Olor fresco. F\u00e1cil de usar. No deja manchas. Propiedades Neutraliza y elimina [&hellip;]<\/p>\n","protected":false},"author":1,"featured_media":4016,"parent":2350,"menu_order":0,"comment_status":"closed","ping_status":"closed","template":"product-page.php","meta":{"_acf_changed":false,"inline_featured_image":false,"footnotes":""},"class_list":["post-4010","page","type-page","status-publish","has-post-thumbnail","hentry"],"acf":[],"_links":{"self":[{"href":"https:\/\/xenum.com\/es\/wp-json\/wp\/v2\/pages\/4010","targetHints":{"allow":["GET"]}}],"collection":[{"href":"https:\/\/xenum.com\/es\/wp-json\/wp\/v2\/pages"}],"about":[{"href":"https:\/\/xenum.com\/es\/wp-json\/wp\/v2\/types\/page"}],"author":[{"embeddable":true,"href":"https:\/\/xenum.com\/es\/wp-json\/wp\/v2\/users\/1"}],"replies":[{"embeddable":true,"href":"https:\/\/xenum.com\/es\/wp-json\/wp\/v2\/comments?post=4010"}],"version-history":[{"count":4,"href":"https:\/\/xenum.com\/es\/wp-json\/wp\/v2\/pages\/4010\/revisions"}],"predecessor-version":[{"id":8441,"href":"https:\/\/xenum.com\/es\/wp-json\/wp\/v2\/pages\/4010\/revisions\/8441"}],"up":[{"embeddable":true,"href":"https:\/\/xenum.com\/es\/wp-json\/wp\/v2\/pages\/2350"}],"wp:featuredmedia":[{"embeddable":true,"href":"https:\/\/xenum.com\/es\/wp-json\/wp\/v2\/media\/4016"}],"wp:attachment":[{"href":"https:\/\/xenum.com\/es\/wp-json\/wp\/v2\/media?parent=4010"}],"curies":[{"name":"wp","href":"https:\/\/api.w.org\/{rel}","templated":true}]}}