{"id":3344,"date":"2017-08-01T16:12:59","date_gmt":"2017-08-01T16:12:59","guid":{"rendered":"https:\/\/xenum.com\/?page_id=3344"},"modified":"2022-02-09T19:57:27","modified_gmt":"2022-02-09T18:57:27","slug":"nexgen","status":"publish","type":"page","link":"https:\/\/xenum.com\/es\/inicio\/empresa\/tecnologia\/nexgen\/","title":{"rendered":"NEXGEN\u2122"},"content":{"rendered":"<h2>\u00d3xido de cerio en NEXGEN\u2122<\/h2>\n<p>Xenum ha desarrollado un aditivo diesel muy especial, con tecnolog\u00eda llamada NEXGEN\u2122. Nuestros aditivos para combustible NEXGEN\u2122<sup>&nbsp;<\/sup>est\u00e1n basados en nano-part\u00edculas de \u00d3xido de cerio, que como bien se sabe, mejoran la combusti\u00f3n de los motores diesel.<\/p>\n<p>Las part\u00edculas de \u00f3xido de cerio contenidas en NEXGEN\u2122 tienen un tama\u00f1o de 10 nanometros, de esta manera poseen el \u00e1rea de superficie que hace que sean especialmente efectivas como catalizador; Incluso concentraciones muy bajas de&nbsp; NEXGEN\u2122&nbsp;proveen m\u00e1ximo poder de oxidaci\u00f3n y rendimiento.<\/p>\n<p><b>VENTAJAS<\/b><\/p>\n<p>El efecto catal\u00edtico de los aditivos NEXGEN\u2122&nbsp;provee impresionantes ventajas en los motores diesel modernos; El combustible se quema de una forma m\u00e1s eficiente, o de forma m\u00e1s completa. Incluso las part\u00edculas de holl\u00edn (combustible sin quemar) se oxidan (quemadas) transform\u00e1ndose en energ\u00eda. Una combusti\u00f3n mejor y motores m\u00e1s eficientes resultan predeciblemente en menos emisiones peligrosas:<\/p>\n<ul>\n<li><strong>Di\u00f3xido de carbono (CO2<\/strong>): Directamente relacionado con el consumo de combustible, cada 1kg de combustible ahorrado reduce las emisiones de CO2 en aproximadamente 3kg.<\/li>\n<li><strong>Part\u00edculas<\/strong>: Observado hasta un 18% de reducci\u00f3n<\/li>\n<li><strong>Hidrocarburos<\/strong>&nbsp;(HC): Observado hasta un 13% de reducci\u00f3n<\/li>\n<li><strong>Mon\u00f3xido de carbono<\/strong>&nbsp;<strong>(CO):<\/strong>&nbsp;Observado hasta un 6% de reducci\u00f3n<\/li>\n<\/ul>\n<p>NEXGEN\u2122&nbsp;reduce y hace desaparecer los dep\u00f3sitos existentes de carb\u00f3n. Tambi\u00e9n previene la formaci\u00f3n de dep\u00f3sitos de carb\u00f3n futuros, sobretodo en el lugar donde se recogen: el filtro antipart\u00edculas diesel, pero tambi\u00e9n en la cabeza del cilindro y corona del pist\u00f3n y \u00e1labes de turbo.<\/p>\n<p>Concentraciones elevadas de NEXGEN\u2122&nbsp;son capaces de limpiar por completo el FAP y los \u00e1labes del turbo. Nuestro famoso In&amp;out Cleaner ha demostrado su excepcional eficacia en esta materia.<\/p>\n<p>Empleado en:<\/p>\n<ul>\n<li><a href=\"https:\/\/xenum.com\/es\/inicio\/productos\/aditivos\/combustible\/diesel-limpiadores\/in-out-cleaner\/\">In &amp; Out Cleaner<\/a><\/li>\n<li><a href=\"https:\/\/xenum.com\/es\/inicio\/productos\/aditivos\/combustible\/diesel-mejoradores\/nex10\/\">Nex10<\/a><\/li>\n<li><a href=\"https:\/\/xenum.com\/es\/inicio\/productos\/aditivos\/combustible\/diesel-limpiadores\/ultimax-diesel\/\">Ultimax Diesel<\/a><\/li>\n<\/ul>\n","protected":false},"excerpt":{"rendered":"<p>\u00d3xido de cerio en NEXGEN\u2122 Xenum ha desarrollado un aditivo diesel muy especial, con tecnolog\u00eda llamada NEXGEN\u2122. Nuestros aditivos para combustible NEXGEN\u2122&nbsp;est\u00e1n basados en nano-part\u00edculas de \u00d3xido de cerio, que como bien se sabe, mejoran la combusti\u00f3n de los motores diesel. Las part\u00edculas de \u00f3xido de cerio contenidas en NEXGEN\u2122 tienen un tama\u00f1o de 10 [&hellip;]<\/p>\n","protected":false},"author":1,"featured_media":3017,"parent":16165,"menu_order":0,"comment_status":"closed","ping_status":"closed","template":"tech-page.php","meta":{"_acf_changed":false,"inline_featured_image":false,"footnotes":""},"class_list":["post-3344","page","type-page","status-publish","has-post-thumbnail","hentry"],"acf":[],"_links":{"self":[{"href":"https:\/\/xenum.com\/es\/wp-json\/wp\/v2\/pages\/3344","targetHints":{"allow":["GET"]}}],"collection":[{"href":"https:\/\/xenum.com\/es\/wp-json\/wp\/v2\/pages"}],"about":[{"href":"https:\/\/xenum.com\/es\/wp-json\/wp\/v2\/types\/page"}],"author":[{"embeddable":true,"href":"https:\/\/xenum.com\/es\/wp-json\/wp\/v2\/users\/1"}],"replies":[{"embeddable":true,"href":"https:\/\/xenum.com\/es\/wp-json\/wp\/v2\/comments?post=3344"}],"version-history":[{"count":6,"href":"https:\/\/xenum.com\/es\/wp-json\/wp\/v2\/pages\/3344\/revisions"}],"predecessor-version":[{"id":16780,"href":"https:\/\/xenum.com\/es\/wp-json\/wp\/v2\/pages\/3344\/revisions\/16780"}],"up":[{"embeddable":true,"href":"https:\/\/xenum.com\/es\/wp-json\/wp\/v2\/pages\/16165"}],"wp:featuredmedia":[{"embeddable":true,"href":"https:\/\/xenum.com\/es\/wp-json\/wp\/v2\/media\/3017"}],"wp:attachment":[{"href":"https:\/\/xenum.com\/es\/wp-json\/wp\/v2\/media?parent=3344"}],"curies":[{"name":"wp","href":"https:\/\/api.w.org\/{rel}","templated":true}]}}