{"id":2929,"date":"2017-07-22T14:19:50","date_gmt":"2017-07-22T14:19:50","guid":{"rendered":"https:\/\/xenum.com\/?page_id=2929"},"modified":"2022-12-12T11:22:10","modified_gmt":"2022-12-12T10:22:10","slug":"dpf-flush-step-2","status":"publish","type":"page","link":"https:\/\/xenum.com\/es\/inicio\/productos\/equipamiento\/quimicos\/dpf-flush-step-2\/","title":{"rendered":"DPF FLUSH - Step 2"},"content":{"rendered":"<p>Limpiador concentrado para filtros anti part\u00edculas diesel (FAP). Asegura un FAP limpio y regenerable. No es inflamable y est\u00e1 libre de cenizas y metales. No deja residuos.<\/p>\n<h2><strong>Aplicaci\u00f3n<\/strong><\/h2>\n<p>Empl\u00e9ese como paso 2 al emplear el kit de limpieza XENUM DPF.\u00a0 A\u00f1ada el contenido (1000ml) en el tanque del pulverizador. Pulverizar con el adaptador directamente dentro del FAP. Deje el motor funcionando a 2000-2500 rpm mientras se evapora el l\u00edquido en el FAP.<\/p>\n<p>Atenci\u00f3n: es posible que parte del fluido salga por el tubo de escape. De ser necesario, colore un recipiente recogedor. Despu\u00e9s de consumirse todo el contenido, realice un test de conducci\u00f3n con el veh\u00edculo (+\/- 20 minutos) y acelere frecuentemente el motor (+3000rpm). Esto asegurar\u00e1 un resultado \u00f3ptimo eliminando restos de holl\u00edn.<\/p>\n<h3><strong>Disponible en<\/strong><\/h3>\n<p>1000 ML \u2013 REF. 6049001<\/p>\n","protected":false},"excerpt":{"rendered":"<p>Limpiador concentrado para filtros anti part\u00edculas diesel (FAP). Asegura un FAP limpio y regenerable. No es inflamable y est\u00e1 libre de cenizas y metales. No deja residuos. Aplicaci\u00f3n Empl\u00e9ese como paso 2 al emplear el kit de limpieza XENUM DPF.\u00a0 A\u00f1ada el contenido (1000ml) en el tanque del pulverizador. Pulverizar con el adaptador directamente dentro [&hellip;]<\/p>\n","protected":false},"author":1,"featured_media":10237,"parent":2467,"menu_order":0,"comment_status":"closed","ping_status":"closed","template":"product-page.php","meta":{"_acf_changed":false,"inline_featured_image":false,"footnotes":""},"class_list":["post-2929","page","type-page","status-publish","has-post-thumbnail","hentry"],"acf":[],"_links":{"self":[{"href":"https:\/\/xenum.com\/es\/wp-json\/wp\/v2\/pages\/2929","targetHints":{"allow":["GET"]}}],"collection":[{"href":"https:\/\/xenum.com\/es\/wp-json\/wp\/v2\/pages"}],"about":[{"href":"https:\/\/xenum.com\/es\/wp-json\/wp\/v2\/types\/page"}],"author":[{"embeddable":true,"href":"https:\/\/xenum.com\/es\/wp-json\/wp\/v2\/users\/1"}],"replies":[{"embeddable":true,"href":"https:\/\/xenum.com\/es\/wp-json\/wp\/v2\/comments?post=2929"}],"version-history":[{"count":12,"href":"https:\/\/xenum.com\/es\/wp-json\/wp\/v2\/pages\/2929\/revisions"}],"predecessor-version":[{"id":19726,"href":"https:\/\/xenum.com\/es\/wp-json\/wp\/v2\/pages\/2929\/revisions\/19726"}],"up":[{"embeddable":true,"href":"https:\/\/xenum.com\/es\/wp-json\/wp\/v2\/pages\/2467"}],"wp:featuredmedia":[{"embeddable":true,"href":"https:\/\/xenum.com\/es\/wp-json\/wp\/v2\/media\/10237"}],"wp:attachment":[{"href":"https:\/\/xenum.com\/es\/wp-json\/wp\/v2\/media?parent=2929"}],"curies":[{"name":"wp","href":"https:\/\/api.w.org\/{rel}","templated":true}]}}