{"id":2904,"date":"2017-07-22T14:12:06","date_gmt":"2017-07-22T14:12:06","guid":{"rendered":"https:\/\/xenum.com\/?page_id=2904"},"modified":"2022-04-13T10:30:33","modified_gmt":"2022-04-13T09:30:33","slug":"dpf-flush-step-1","status":"publish","type":"page","link":"https:\/\/xenum.com\/es\/inicio\/productos\/equipamiento\/quimicos\/dpf-flush-step-1\/","title":{"rendered":"DPF FLUSH - Step 1"},"content":{"rendered":"<p>Limpiador profesional para filtros antipart\u00edculas diesel (FAP). Limpia y elimina holl\u00edn y dep\u00f3sitos de carb\u00f3n de estructuras porosas en panal como las presentes en los FAP. No es inflamable, est\u00e1 basado en agua y no contiene metales. No deja residuos.<\/p>\n<p><strong>Aplicaci\u00f3n:<\/strong><\/p>\n<p>El motor debe estar a temperatura de servicio antes de comenzar con el tratamiento. Apague el motor. A\u00f1ada el contenido (500ml) en el tanque del pulverizador. Inyecte con el adaptador adecuado directamente dentro del FAP. Espere unos minutos y arranque el motor, dejandolo encendido por 5 minutos a +\/- 3000 rpm.<\/p>\n<p>Atenci\u00f3n: es posible que parte del fluido salga por el tubo de escape. Si es necesario coloque un recipiente recogedor.<\/p>\n<p><strong>Disponible en:<\/strong><\/p>\n<p>1 L \u2013 REF. 6032001<\/p>\n","protected":false},"excerpt":{"rendered":"<p>Limpiador profesional para filtros antipart\u00edculas diesel (FAP). Limpia y elimina holl\u00edn y dep\u00f3sitos de carb\u00f3n de estructuras porosas en panal como las presentes en los FAP. No es inflamable, est\u00e1 basado en agua y no contiene metales. No deja residuos. Aplicaci\u00f3n: El motor debe estar a temperatura de servicio antes de comenzar con el tratamiento. [&hellip;]<\/p>\n","protected":false},"author":1,"featured_media":10236,"parent":2467,"menu_order":0,"comment_status":"closed","ping_status":"closed","template":"product-page.php","meta":{"_acf_changed":false,"inline_featured_image":false,"footnotes":""},"class_list":["post-2904","page","type-page","status-publish","has-post-thumbnail","hentry"],"acf":[],"_links":{"self":[{"href":"https:\/\/xenum.com\/es\/wp-json\/wp\/v2\/pages\/2904","targetHints":{"allow":["GET"]}}],"collection":[{"href":"https:\/\/xenum.com\/es\/wp-json\/wp\/v2\/pages"}],"about":[{"href":"https:\/\/xenum.com\/es\/wp-json\/wp\/v2\/types\/page"}],"author":[{"embeddable":true,"href":"https:\/\/xenum.com\/es\/wp-json\/wp\/v2\/users\/1"}],"replies":[{"embeddable":true,"href":"https:\/\/xenum.com\/es\/wp-json\/wp\/v2\/comments?post=2904"}],"version-history":[{"count":6,"href":"https:\/\/xenum.com\/es\/wp-json\/wp\/v2\/pages\/2904\/revisions"}],"predecessor-version":[{"id":17726,"href":"https:\/\/xenum.com\/es\/wp-json\/wp\/v2\/pages\/2904\/revisions\/17726"}],"up":[{"embeddable":true,"href":"https:\/\/xenum.com\/es\/wp-json\/wp\/v2\/pages\/2467"}],"wp:featuredmedia":[{"embeddable":true,"href":"https:\/\/xenum.com\/es\/wp-json\/wp\/v2\/media\/10236"}],"wp:attachment":[{"href":"https:\/\/xenum.com\/es\/wp-json\/wp\/v2\/media?parent=2904"}],"curies":[{"name":"wp","href":"https:\/\/api.w.org\/{rel}","templated":true}]}}