{"id":2888,"date":"2017-07-22T14:05:48","date_gmt":"2017-07-22T14:05:48","guid":{"rendered":"https:\/\/xenum.com\/?page_id=2888"},"modified":"2018-02-27T09:24:20","modified_gmt":"2018-02-27T09:24:20","slug":"vap-saver","status":"publish","type":"page","link":"https:\/\/xenum.com\/es\/inicio\/productos\/equipamiento\/equipos\/vap-saver\/","title":{"rendered":"VAP Saver"},"content":{"rendered":"<p>Vap saver es un sistema de lubricaci\u00f3n de alto rendimiento dise\u00f1ado para vaporizar el lubricante <a href=\"https:\/\/xenum.com\/es\/inicio\/productos\/aditivos\/combustible\/glp-y-gnc\/valvex\/\">VALVEX<\/a> en el colector de admisi\u00f3n del motor.<\/p>\n<p>La vaporizaci\u00f3n automatizada minimiza la recesi\u00f3n de los asientos de v\u00e1lvula en motores GLP y GNC.<\/p>\n<h2><strong>Aplicaciones<\/strong><\/h2>\n<p>Adecuado en todo tipo de motores a GLP y GNC as\u00ed como en motores de cl\u00e1sicos a gasolina que requieran gasolina con plomo. Con VAP Saver no es necesario emplear aditivos en el combustible cada vez que se reposta.<\/p>\n<p>Asegura una dosificaci\u00f3n constante del lubricante.<\/p>\n<p>Lea cuidad\u00f3samente el manual de instalaci\u00f3n de VAP Saver y escoja la dosificaci\u00f3n correcta dependiendo del tipo de motor. Seguro para veh\u00edculos con catalizador y sensores de oxigeno.<\/p>\n<h3><strong>Disponible en<br \/>\n<\/strong><\/h3>\n<p>VAP SAVER UNIT \u2013 REF. 8880002<\/p>\n<h3>Nota importante<\/h3>\n<p>Xenum no fabrica este producto. El dise\u00f1o puede variar sin previo aviso manteniendo sus funcionalidades.<\/p>\n","protected":false},"excerpt":{"rendered":"<p>Vap saver es un sistema de lubricaci\u00f3n de alto rendimiento dise\u00f1ado para vaporizar el lubricante VALVEX en el colector de admisi\u00f3n del motor. La vaporizaci\u00f3n automatizada minimiza la recesi\u00f3n de los asientos de v\u00e1lvula en motores GLP y GNC. Aplicaciones Adecuado en todo tipo de motores a GLP y GNC as\u00ed como en motores de [&hellip;]<\/p>\n","protected":false},"author":1,"featured_media":236,"parent":2438,"menu_order":0,"comment_status":"closed","ping_status":"closed","template":"product-page.php","meta":{"_acf_changed":false,"inline_featured_image":false,"footnotes":""},"class_list":["post-2888","page","type-page","status-publish","has-post-thumbnail","hentry"],"acf":[],"_links":{"self":[{"href":"https:\/\/xenum.com\/es\/wp-json\/wp\/v2\/pages\/2888","targetHints":{"allow":["GET"]}}],"collection":[{"href":"https:\/\/xenum.com\/es\/wp-json\/wp\/v2\/pages"}],"about":[{"href":"https:\/\/xenum.com\/es\/wp-json\/wp\/v2\/types\/page"}],"author":[{"embeddable":true,"href":"https:\/\/xenum.com\/es\/wp-json\/wp\/v2\/users\/1"}],"replies":[{"embeddable":true,"href":"https:\/\/xenum.com\/es\/wp-json\/wp\/v2\/comments?post=2888"}],"version-history":[{"count":4,"href":"https:\/\/xenum.com\/es\/wp-json\/wp\/v2\/pages\/2888\/revisions"}],"predecessor-version":[{"id":5888,"href":"https:\/\/xenum.com\/es\/wp-json\/wp\/v2\/pages\/2888\/revisions\/5888"}],"up":[{"embeddable":true,"href":"https:\/\/xenum.com\/es\/wp-json\/wp\/v2\/pages\/2438"}],"wp:featuredmedia":[{"embeddable":true,"href":"https:\/\/xenum.com\/es\/wp-json\/wp\/v2\/media\/236"}],"wp:attachment":[{"href":"https:\/\/xenum.com\/es\/wp-json\/wp\/v2\/media?parent=2888"}],"curies":[{"name":"wp","href":"https:\/\/api.w.org\/{rel}","templated":true}]}}