{"id":2815,"date":"2017-07-22T13:37:43","date_gmt":"2017-07-22T13:37:43","guid":{"rendered":"https:\/\/xenum.com\/?page_id=2815"},"modified":"2021-09-15T08:17:05","modified_gmt":"2021-09-15T08:17:05","slug":"belt-conditioner","status":"publish","type":"page","link":"https:\/\/xenum.com\/es\/inicio\/productos\/mantenimiento\/otros\/belt-conditioner\/","title":{"rendered":"Belt Conditioner"},"content":{"rendered":"<p>Dise\u00f1ado especialmente para el tratamiento eficaz de correas de motor y transmisi\u00f3n en diferentes clases de maquinaria, para evitar el patinamiento y chirriado debido a calor, fr\u00edo, polvo, humedad y envejecimiento.<\/p>\n<p><strong>Caracter\u00edsticas:<\/strong><\/p>\n<ul>\n<li>Penetra en las fibras de cordon y provee un efecto de larga duraci\u00f3n<\/li>\n<li>Mejora el agarre, elasticidad y flexibilidad de la correa<\/li>\n<li>Incrementa la fiabilidad de las correas y ruedas de tracci\u00f3n<\/li>\n<\/ul>\n<p><strong>Aplicaciones:<\/strong><\/p>\n<p>Todo tipo de correas: V-, redondas, planas, V-acanaladas y correas de accionamiento acanaladas<\/p>\n<p><strong>Disponible en:<\/strong><\/p>\n<p>500 ML \u2013 REF. 4106500<\/p>\n","protected":false},"excerpt":{"rendered":"<p>Dise\u00f1ado especialmente para el tratamiento eficaz de correas de motor y transmisi\u00f3n en diferentes clases de maquinaria, para evitar el patinamiento y chirriado debido a calor, fr\u00edo, polvo, humedad y envejecimiento. Caracter\u00edsticas: Penetra en las fibras de cordon y provee un efecto de larga duraci\u00f3n Mejora el agarre, elasticidad y flexibilidad de la correa Incrementa [&hellip;]<\/p>\n","protected":false},"author":1,"featured_media":11081,"parent":2416,"menu_order":0,"comment_status":"closed","ping_status":"closed","template":"product-page.php","meta":{"_acf_changed":false,"inline_featured_image":false,"footnotes":""},"class_list":["post-2815","page","type-page","status-publish","has-post-thumbnail","hentry"],"acf":[],"_links":{"self":[{"href":"https:\/\/xenum.com\/es\/wp-json\/wp\/v2\/pages\/2815","targetHints":{"allow":["GET"]}}],"collection":[{"href":"https:\/\/xenum.com\/es\/wp-json\/wp\/v2\/pages"}],"about":[{"href":"https:\/\/xenum.com\/es\/wp-json\/wp\/v2\/types\/page"}],"author":[{"embeddable":true,"href":"https:\/\/xenum.com\/es\/wp-json\/wp\/v2\/users\/1"}],"replies":[{"embeddable":true,"href":"https:\/\/xenum.com\/es\/wp-json\/wp\/v2\/comments?post=2815"}],"version-history":[{"count":6,"href":"https:\/\/xenum.com\/es\/wp-json\/wp\/v2\/pages\/2815\/revisions"}],"predecessor-version":[{"id":11084,"href":"https:\/\/xenum.com\/es\/wp-json\/wp\/v2\/pages\/2815\/revisions\/11084"}],"up":[{"embeddable":true,"href":"https:\/\/xenum.com\/es\/wp-json\/wp\/v2\/pages\/2416"}],"wp:featuredmedia":[{"embeddable":true,"href":"https:\/\/xenum.com\/es\/wp-json\/wp\/v2\/media\/11081"}],"wp:attachment":[{"href":"https:\/\/xenum.com\/es\/wp-json\/wp\/v2\/media?parent=2815"}],"curies":[{"name":"wp","href":"https:\/\/api.w.org\/{rel}","templated":true}]}}