{"id":2779,"date":"2017-07-22T13:27:16","date_gmt":"2017-07-22T13:27:16","guid":{"rendered":"https:\/\/xenum.com\/?page_id=2779"},"modified":"2022-04-05T17:52:02","modified_gmt":"2022-04-05T16:52:02","slug":"zinc-coat","status":"publish","type":"page","link":"https:\/\/xenum.com\/es\/inicio\/productos\/mantenimiento\/otros\/zinc-coat\/","title":{"rendered":"Zinc Coat+"},"content":{"rendered":"<p>Zinc spray es un producto profesional que provee una protecci\u00f3n duradera y estable contra la corrosi\u00f3n en metales ferrosos.<\/p>\n<p><strong>Caracter\u00edsticas:<\/strong><\/p>\n<ul>\n<li>Secado r\u00e1pido<\/li>\n<li>Forma una capa protectora fiable<\/li>\n<li>Resiste altas temperaturas (hasta 500\u00baC)<\/li>\n<li>Contiene mas del 90% en Zinc (Zn) asegurando una protecci\u00f3n cat\u00f3dica excelente<\/li>\n<\/ul>\n<p><strong>Aplicaciones:<\/strong><\/p>\n<ul>\n<li>Aplicaci\u00f3n universal<\/li>\n<li>Puede usarse como imprimaci\u00f3n antes de pintar<\/li>\n<li>Seca al tacto en 15 minutos. Completamente seco y listo para pintar en 12-24 horas<\/li>\n<li>Especialmente adecuado para proteger soldaduras en piezas galvanizadas<\/li>\n<\/ul>\n<p><strong>Disponible en:<\/strong><\/p>\n<p>500 ML \u2013 REF. 4113500<\/p>\n","protected":false},"excerpt":{"rendered":"<p>Zinc spray es un producto profesional que provee una protecci\u00f3n duradera y estable contra la corrosi\u00f3n en metales ferrosos. Caracter\u00edsticas: Secado r\u00e1pido Forma una capa protectora fiable Resiste altas temperaturas (hasta 500\u00baC) Contiene mas del 90% en Zinc (Zn) asegurando una protecci\u00f3n cat\u00f3dica excelente Aplicaciones: Aplicaci\u00f3n universal Puede usarse como imprimaci\u00f3n antes de pintar Seca [&hellip;]<\/p>\n","protected":false},"author":1,"featured_media":10234,"parent":2416,"menu_order":0,"comment_status":"closed","ping_status":"closed","template":"product-page.php","meta":{"_acf_changed":false,"inline_featured_image":false,"footnotes":""},"class_list":["post-2779","page","type-page","status-publish","has-post-thumbnail","hentry"],"acf":[],"_links":{"self":[{"href":"https:\/\/xenum.com\/es\/wp-json\/wp\/v2\/pages\/2779","targetHints":{"allow":["GET"]}}],"collection":[{"href":"https:\/\/xenum.com\/es\/wp-json\/wp\/v2\/pages"}],"about":[{"href":"https:\/\/xenum.com\/es\/wp-json\/wp\/v2\/types\/page"}],"author":[{"embeddable":true,"href":"https:\/\/xenum.com\/es\/wp-json\/wp\/v2\/users\/1"}],"replies":[{"embeddable":true,"href":"https:\/\/xenum.com\/es\/wp-json\/wp\/v2\/comments?post=2779"}],"version-history":[{"count":5,"href":"https:\/\/xenum.com\/es\/wp-json\/wp\/v2\/pages\/2779\/revisions"}],"predecessor-version":[{"id":17621,"href":"https:\/\/xenum.com\/es\/wp-json\/wp\/v2\/pages\/2779\/revisions\/17621"}],"up":[{"embeddable":true,"href":"https:\/\/xenum.com\/es\/wp-json\/wp\/v2\/pages\/2416"}],"wp:featuredmedia":[{"embeddable":true,"href":"https:\/\/xenum.com\/es\/wp-json\/wp\/v2\/media\/10234"}],"wp:attachment":[{"href":"https:\/\/xenum.com\/es\/wp-json\/wp\/v2\/media?parent=2779"}],"curies":[{"name":"wp","href":"https:\/\/api.w.org\/{rel}","templated":true}]}}