{"id":2763,"date":"2017-07-22T13:21:47","date_gmt":"2017-07-22T13:21:47","guid":{"rendered":"https:\/\/xenum.com\/?page_id=2763"},"modified":"2024-08-23T15:46:18","modified_gmt":"2024-08-23T14:46:18","slug":"intake-pro-petrol","status":"publish","type":"page","link":"https:\/\/xenum.com\/es\/inicio\/productos\/mantenimiento\/motor\/intake-pro-petrol\/","title":{"rendered":"Intake Pro Petrol"},"content":{"rendered":"<p>Intake Pro Petrol es un limpiador avanzado y altamente eficiente del sistema de admisi\u00f3n. Su f\u00f3rmula potente limpia todo el sistema de admisi\u00f3n en menos de 10 minutos sin necesidad de desmontaje completo.<\/p>\n<h3><strong>Propiedades<\/strong><\/h3>\n<ul>\n<li>Elimina activamente goma, laca, alquitr\u00e1n, carbono y otros dep\u00f3sitos.<\/li>\n<li>Optimiza el flujo de aire para una mayor eficiencia en la c\u00e1mara de combusti\u00f3n.<\/li>\n<li>Garantiza un funcionamiento suave y estable del motor.<\/li>\n<li>Restaura y mantiene el rendimiento del motor, optimizando el consumo de combustible.<\/li>\n<li>Previene y resuelve problemas de arranque.<\/li>\n<li>Reduce las emisiones de humo negro.<\/li>\n<li>Mejora la funcionalidad de las sondas lambda y el filtro de part\u00edculas di\u00e9sel (DPF).<\/li>\n<\/ul>\n<h3><strong>Aplicaci\u00f3n<\/strong><\/h3>\n<p>Para una limpieza efectiva del sistema de admisi\u00f3n. Intake Pro Petrol se puede aplicar en varios componentes, incluyendo la v\u00e1lvula EGR, la v\u00e1lvula de control de aire en ralent\u00ed, la v\u00e1lvula de mariposa y la carcasa, el M\u00f3dulo de Mariposa Electr\u00f3nica (ETM), el sensor de presi\u00f3n del m\u00faltiple de admisi\u00f3n, las v\u00e1lvulas de admisi\u00f3n y el sistema de ventilaci\u00f3n del c\u00e1rter.<\/p>\n<h4><strong>Disponible en:<\/strong><\/h4>\n<p>500 ML \u2013 REF. 4151500<\/p>\n","protected":false},"excerpt":{"rendered":"<p>Intake Pro Petrol es un limpiador avanzado y altamente eficiente del sistema de admisi\u00f3n. Su f\u00f3rmula potente limpia todo el sistema de admisi\u00f3n en menos de 10 minutos sin necesidad de desmontaje completo. Propiedades Elimina activamente goma, laca, alquitr\u00e1n, carbono y otros dep\u00f3sitos. Optimiza el flujo de aire para una mayor eficiencia en la c\u00e1mara [&hellip;]<\/p>\n","protected":false},"author":4,"featured_media":7011,"parent":2400,"menu_order":0,"comment_status":"closed","ping_status":"closed","template":"product-page.php","meta":{"_acf_changed":false,"inline_featured_image":false,"footnotes":""},"class_list":["post-2763","page","type-page","status-publish","has-post-thumbnail","hentry"],"acf":[],"_links":{"self":[{"href":"https:\/\/xenum.com\/es\/wp-json\/wp\/v2\/pages\/2763","targetHints":{"allow":["GET"]}}],"collection":[{"href":"https:\/\/xenum.com\/es\/wp-json\/wp\/v2\/pages"}],"about":[{"href":"https:\/\/xenum.com\/es\/wp-json\/wp\/v2\/types\/page"}],"author":[{"embeddable":true,"href":"https:\/\/xenum.com\/es\/wp-json\/wp\/v2\/users\/4"}],"replies":[{"embeddable":true,"href":"https:\/\/xenum.com\/es\/wp-json\/wp\/v2\/comments?post=2763"}],"version-history":[{"count":10,"href":"https:\/\/xenum.com\/es\/wp-json\/wp\/v2\/pages\/2763\/revisions"}],"predecessor-version":[{"id":25580,"href":"https:\/\/xenum.com\/es\/wp-json\/wp\/v2\/pages\/2763\/revisions\/25580"}],"up":[{"embeddable":true,"href":"https:\/\/xenum.com\/es\/wp-json\/wp\/v2\/pages\/2400"}],"wp:featuredmedia":[{"embeddable":true,"href":"https:\/\/xenum.com\/es\/wp-json\/wp\/v2\/media\/7011"}],"wp:attachment":[{"href":"https:\/\/xenum.com\/es\/wp-json\/wp\/v2\/media?parent=2763"}],"curies":[{"name":"wp","href":"https:\/\/api.w.org\/{rel}","templated":true}]}}