{"id":2648,"date":"2017-07-22T12:44:52","date_gmt":"2017-07-22T12:44:52","guid":{"rendered":"https:\/\/xenum.com\/?page_id=2648"},"modified":"2023-11-22T15:31:17","modified_gmt":"2023-11-22T14:31:17","slug":"x-cut","status":"publish","type":"page","link":"https:\/\/xenum.com\/es\/inicio\/productos\/mantenimiento\/lubricantes\/x-cut\/","title":{"rendered":"X-Cut"},"content":{"rendered":"<p>X-CUT es un fluido de corte de alto rendimiento dise\u00f1ado para ofrecer una excelente lubricaci\u00f3n a altas velocidades de corte. Alarga la vida \u00fatil de las herramientas de corte.<\/p>\n<h3><strong>Propiedades<\/strong><\/h3>\n<ul>\n<li>Proporciona una lubricaci\u00f3n excepcional a altas velocidades de corte<\/li>\n<li>Alarga la vida \u00fatil de las herramientas de corte<\/li>\n<li>Propiedades ultrapenetrantes<\/li>\n<li>Ofrece un acabado impecable<\/li>\n<\/ul>\n<h3>Aplicaci\u00f3n<\/h3>\n<p>Adecuado para diversas aplicaciones, incluyendo taladrado, corte y roscado de metales como acero, acero inoxidable y la mayor\u00eda de los metales no ferrosos.<\/p>\n<h4><strong>Disponible en:<\/strong><\/h4>\n<p>400 ML \u2013 REF. 4144400<\/p>\n","protected":false},"excerpt":{"rendered":"<p>X-CUT es un fluido de corte de alto rendimiento dise\u00f1ado para ofrecer una excelente lubricaci\u00f3n a altas velocidades de corte. Alarga la vida \u00fatil de las herramientas de corte. Propiedades Proporciona una lubricaci\u00f3n excepcional a altas velocidades de corte Alarga la vida \u00fatil de las herramientas de corte Propiedades ultrapenetrantes Ofrece un acabado impecable Aplicaci\u00f3n [&hellip;]<\/p>\n","protected":false},"author":4,"featured_media":10117,"parent":2383,"menu_order":0,"comment_status":"closed","ping_status":"closed","template":"product-page.php","meta":{"_acf_changed":false,"inline_featured_image":false,"footnotes":""},"class_list":["post-2648","page","type-page","status-publish","has-post-thumbnail","hentry"],"acf":[],"_links":{"self":[{"href":"https:\/\/xenum.com\/es\/wp-json\/wp\/v2\/pages\/2648","targetHints":{"allow":["GET"]}}],"collection":[{"href":"https:\/\/xenum.com\/es\/wp-json\/wp\/v2\/pages"}],"about":[{"href":"https:\/\/xenum.com\/es\/wp-json\/wp\/v2\/types\/page"}],"author":[{"embeddable":true,"href":"https:\/\/xenum.com\/es\/wp-json\/wp\/v2\/users\/4"}],"replies":[{"embeddable":true,"href":"https:\/\/xenum.com\/es\/wp-json\/wp\/v2\/comments?post=2648"}],"version-history":[{"count":5,"href":"https:\/\/xenum.com\/es\/wp-json\/wp\/v2\/pages\/2648\/revisions"}],"predecessor-version":[{"id":25043,"href":"https:\/\/xenum.com\/es\/wp-json\/wp\/v2\/pages\/2648\/revisions\/25043"}],"up":[{"embeddable":true,"href":"https:\/\/xenum.com\/es\/wp-json\/wp\/v2\/pages\/2383"}],"wp:featuredmedia":[{"embeddable":true,"href":"https:\/\/xenum.com\/es\/wp-json\/wp\/v2\/media\/10117"}],"wp:attachment":[{"href":"https:\/\/xenum.com\/es\/wp-json\/wp\/v2\/media?parent=2648"}],"curies":[{"name":"wp","href":"https:\/\/api.w.org\/{rel}","templated":true}]}}