{"id":2616,"date":"2017-07-22T12:33:26","date_gmt":"2017-07-22T12:33:26","guid":{"rendered":"https:\/\/xenum.com\/?page_id=2616"},"modified":"2019-06-25T13:31:44","modified_gmt":"2019-06-25T13:31:44","slug":"xc-lube","status":"publish","type":"page","link":"https:\/\/xenum.com\/es\/inicio\/productos\/mantenimiento\/lubricantes\/xc-lube\/","title":{"rendered":"XC-Lube"},"content":{"rendered":"<p>Lubricante de alta tecnolog\u00eda reforzado con lubricante Cerflon\u00ae. Proporciona una lubricaci\u00f3n excepcional y propiedades protectoras incluso en aplicaciones severas.<\/p>\n<h2><strong>Caracter\u00edsticas<\/strong><\/h2>\n<ul>\n<li>Lubrica y reduce fricci\u00f3n y desgaste en las partes m\u00f3viles<\/li>\n<li>Provee una sobresaliente y duradera protecci\u00f3n contra la oxidaci\u00f3n y corrosi\u00f3n<\/li>\n<li>Capacidad adhesiva significativa (no visco-el\u00e1stica)<\/li>\n<li>Elimina chirridos<\/li>\n<li>Resistente al agua y desplaza la humedad<\/li>\n<li>Resiste altas presiones<\/li>\n<\/ul>\n<h2><strong>Aplicaciones<\/strong><\/h2>\n<p>Lubricaci\u00f3n multiusos y duradera para piezas como: cadenas, cables, cintas transportadoras, rodamientos, maquinaria, engranajes abiertos, conexiones, poleas etc. Para industria, taller, agricultura, marina, motocicletas y mas.<\/p>\n<h3><strong>Disponible en<\/strong><\/h3>\n<p>500 ML \u2013 REF. 4014500<\/p>\n","protected":false},"excerpt":{"rendered":"<p>Lubricante de alta tecnolog\u00eda reforzado con lubricante Cerflon\u00ae. Proporciona una lubricaci\u00f3n excepcional y propiedades protectoras incluso en aplicaciones severas. Caracter\u00edsticas Lubrica y reduce fricci\u00f3n y desgaste en las partes m\u00f3viles Provee una sobresaliente y duradera protecci\u00f3n contra la oxidaci\u00f3n y corrosi\u00f3n Capacidad adhesiva significativa (no visco-el\u00e1stica) Elimina chirridos Resistente al agua y desplaza la humedad [&hellip;]<\/p>\n","protected":false},"author":1,"featured_media":9007,"parent":2383,"menu_order":0,"comment_status":"closed","ping_status":"closed","template":"product-page.php","meta":{"_acf_changed":false,"inline_featured_image":false,"footnotes":""},"class_list":["post-2616","page","type-page","status-publish","has-post-thumbnail","hentry"],"acf":[],"_links":{"self":[{"href":"https:\/\/xenum.com\/es\/wp-json\/wp\/v2\/pages\/2616","targetHints":{"allow":["GET"]}}],"collection":[{"href":"https:\/\/xenum.com\/es\/wp-json\/wp\/v2\/pages"}],"about":[{"href":"https:\/\/xenum.com\/es\/wp-json\/wp\/v2\/types\/page"}],"author":[{"embeddable":true,"href":"https:\/\/xenum.com\/es\/wp-json\/wp\/v2\/users\/1"}],"replies":[{"embeddable":true,"href":"https:\/\/xenum.com\/es\/wp-json\/wp\/v2\/comments?post=2616"}],"version-history":[{"count":7,"href":"https:\/\/xenum.com\/es\/wp-json\/wp\/v2\/pages\/2616\/revisions"}],"predecessor-version":[{"id":9011,"href":"https:\/\/xenum.com\/es\/wp-json\/wp\/v2\/pages\/2616\/revisions\/9011"}],"up":[{"embeddable":true,"href":"https:\/\/xenum.com\/es\/wp-json\/wp\/v2\/pages\/2383"}],"wp:featuredmedia":[{"embeddable":true,"href":"https:\/\/xenum.com\/es\/wp-json\/wp\/v2\/media\/9007"}],"wp:attachment":[{"href":"https:\/\/xenum.com\/es\/wp-json\/wp\/v2\/media?parent=2616"}],"curies":[{"name":"wp","href":"https:\/\/api.w.org\/{rel}","templated":true}]}}