{"id":26028,"date":"2025-07-23T13:33:19","date_gmt":"2025-07-23T12:33:19","guid":{"rendered":"https:\/\/xenum.com\/?page_id=26028"},"modified":"2025-07-23T13:33:24","modified_gmt":"2025-07-23T12:33:24","slug":"xa-tran-ulv","status":"publish","type":"page","link":"https:\/\/xenum.com\/es\/inicio\/productos\/aceites\/transmision\/automatica\/xa-tran-ulv\/","title":{"rendered":"XA-TRAN ULV"},"content":{"rendered":"\n<p>XA-TRAN ULV es un fluido para transmisiones autom\u00e1ticas totalmente sint\u00e9tico, formulado con aceites base altamente refinados y cuidadosamente seleccionados. Ofrece un alto \u00edndice de viscosidad, excelente estabilidad a la oxidaci\u00f3n y s\u00f3lidas propiedades antidesgaste y antifricci\u00f3n. Garantiza un rendimiento fiable y ayuda a mejorar la eficiencia del combustible. Compatible con muchas transmisiones autom\u00e1ticas modernas de Ford y GM.<\/p>\n\n\n\n<h3 class=\"wp-block-heading\"><strong>Propiedades<\/strong><\/h3>\n\n\n\n<ul class=\"wp-block-list\">\n<li>Excelente protecci\u00f3n contra el desgaste y la fricci\u00f3n<\/li>\n\n\n\n<li>Alta resistencia a la oxidaci\u00f3n, incluso bajo calor y carga<\/li>\n\n\n\n<li>Contribuye al ahorro de combustible<\/li>\n\n\n\n<li>Cambios de marcha suaves y consistentes<\/li>\n\n\n\n<li>Formulaci\u00f3n de ultra baja viscosidad<\/li>\n<\/ul>\n\n\n\n<h3 class=\"wp-block-heading\"><strong>Aplicaci\u00f3n<\/strong><\/h3>\n\n\n\n<p>XA-TRAN ULV est\u00e1 dise\u00f1ado para transmisiones autom\u00e1ticas de 10 velocidades GM Hydra-Matic 10L90 (serie 10Lxx), utilizadas en veh\u00edculos como Camaro ZL1, Corvette, Cadillac, Yukon y Tahoe (a partir del a\u00f1o modelo 2017). Tambi\u00e9n se utiliza en la transmisi\u00f3n Ford 10R80, presente en los modelos F-150 y Raptor. Cumple con las especificaciones Ford Mercon ULV y WSS-M2C949-A.<\/p>\n\n\n\n<h3 class=\"wp-block-heading\"><strong>Especificaciones<\/strong><\/h3>\n\n\n\n<ul class=\"wp-block-list\">\n<li>AISIN-WARNER: AW-2<\/li>\n\n\n\n<li>FORD: 2 537 413 \/ 2537407 \/ HU7J M2C949 AB \/ HU7J M2C949 BA<\/li>\n\n\n\n<li>FORD: MERCON ULV \/ WSS-M2C949-A \/ XT-12-QULV<\/li>\n\n\n\n<li>GM: DEXRON ULV \/ GM9986396 \/ GMW16954<\/li>\n\n\n\n<li>NISSAN: MATIC-P<\/li>\n\n\n\n<li>VW: G F53 006 M2 \/ G F53 007 M4<\/li>\n<\/ul>\n\n\n\n<h4 class=\"wp-block-heading\"><strong>Disponible en<\/strong>:<\/h4>\n\n\n\n<p>20L \u2013 REF. 1730020<\/p>\n","protected":false},"excerpt":{"rendered":"<p>XA-TRAN ULV es un fluido para transmisiones autom\u00e1ticas totalmente sint\u00e9tico, formulado con aceites base altamente refinados y cuidadosamente seleccionados. Ofrece un alto \u00edndice de viscosidad, excelente estabilidad a la oxidaci\u00f3n y s\u00f3lidas propiedades antidesgaste y antifricci\u00f3n. Garantiza un rendimiento fiable y ayuda a mejorar la eficiencia del combustible. Compatible con muchas transmisiones autom\u00e1ticas modernas de [&hellip;]<\/p>\n","protected":false},"author":1,"featured_media":26006,"parent":725,"menu_order":0,"comment_status":"closed","ping_status":"closed","template":"product-page.php","meta":{"_acf_changed":false,"inline_featured_image":false,"footnotes":""},"class_list":["post-26028","page","type-page","status-publish","has-post-thumbnail","hentry"],"acf":[],"_links":{"self":[{"href":"https:\/\/xenum.com\/es\/wp-json\/wp\/v2\/pages\/26028","targetHints":{"allow":["GET"]}}],"collection":[{"href":"https:\/\/xenum.com\/es\/wp-json\/wp\/v2\/pages"}],"about":[{"href":"https:\/\/xenum.com\/es\/wp-json\/wp\/v2\/types\/page"}],"author":[{"embeddable":true,"href":"https:\/\/xenum.com\/es\/wp-json\/wp\/v2\/users\/1"}],"replies":[{"embeddable":true,"href":"https:\/\/xenum.com\/es\/wp-json\/wp\/v2\/comments?post=26028"}],"version-history":[{"count":2,"href":"https:\/\/xenum.com\/es\/wp-json\/wp\/v2\/pages\/26028\/revisions"}],"predecessor-version":[{"id":26030,"href":"https:\/\/xenum.com\/es\/wp-json\/wp\/v2\/pages\/26028\/revisions\/26030"}],"up":[{"embeddable":true,"href":"https:\/\/xenum.com\/es\/wp-json\/wp\/v2\/pages\/725"}],"wp:featuredmedia":[{"embeddable":true,"href":"https:\/\/xenum.com\/es\/wp-json\/wp\/v2\/media\/26006"}],"wp:attachment":[{"href":"https:\/\/xenum.com\/es\/wp-json\/wp\/v2\/media?parent=26028"}],"curies":[{"name":"wp","href":"https:\/\/api.w.org\/{rel}","templated":true}]}}