{"id":2572,"date":"2017-07-22T12:20:59","date_gmt":"2017-07-22T12:20:59","guid":{"rendered":"https:\/\/xenum.com\/?page_id=2572"},"modified":"2022-04-05T17:54:02","modified_gmt":"2022-04-05T16:54:02","slug":"multi-cleaner-active-foam","status":"publish","type":"page","link":"https:\/\/xenum.com\/es\/inicio\/productos\/mantenimiento\/limpiadores\/multi-cleaner-active-foam\/","title":{"rendered":"Multi Cleaner Active Foam"},"content":{"rendered":"<p>Limpiador activo de alta eficiencia para superficies planas. La espuma deshace la suciedad.<\/p>\n<p><strong>Caracter\u00edsticas:<\/strong><\/p>\n<ul>\n<li>Limpia y desengrasa una amplia variedad de superficies y materiales<\/li>\n<li>No deja residuos<\/li>\n<li>Secado r\u00e1pido<\/li>\n<\/ul>\n<p><strong>Aplicaciones:<\/strong><\/p>\n<ul>\n<li>La espuma act\u00faa de forma eficiente en parabrisas, faros y llantas<\/li>\n<li>Limpia todo tipo de superficies: pulidas, chapas cromadas, lacadas, plastificadas y esmaltadas. Es adecuado tambi\u00e9n para textil, tapicer\u00eda, cuero e imitaci\u00f3n a cuero<\/li>\n<li>Elimina suciedad, grasa y resinas ligeras, nicotina,\u00a0 bet\u00fan de zapato, excrementos de insectos e insectos muertos<\/li>\n<\/ul>\n<p><strong>Disponible en:<\/strong><\/p>\n<p>500 ML \u2013 REF. 4083500<\/p>\n","protected":false},"excerpt":{"rendered":"<p>Limpiador activo de alta eficiencia para superficies planas. La espuma deshace la suciedad. Caracter\u00edsticas: Limpia y desengrasa una amplia variedad de superficies y materiales No deja residuos Secado r\u00e1pido Aplicaciones: La espuma act\u00faa de forma eficiente en parabrisas, faros y llantas Limpia todo tipo de superficies: pulidas, chapas cromadas, lacadas, plastificadas y esmaltadas. Es adecuado [&hellip;]<\/p>\n","protected":false},"author":1,"featured_media":8923,"parent":2373,"menu_order":0,"comment_status":"closed","ping_status":"closed","template":"product-page.php","meta":{"_acf_changed":false,"inline_featured_image":false,"footnotes":""},"class_list":["post-2572","page","type-page","status-publish","has-post-thumbnail","hentry"],"acf":[],"_links":{"self":[{"href":"https:\/\/xenum.com\/es\/wp-json\/wp\/v2\/pages\/2572","targetHints":{"allow":["GET"]}}],"collection":[{"href":"https:\/\/xenum.com\/es\/wp-json\/wp\/v2\/pages"}],"about":[{"href":"https:\/\/xenum.com\/es\/wp-json\/wp\/v2\/types\/page"}],"author":[{"embeddable":true,"href":"https:\/\/xenum.com\/es\/wp-json\/wp\/v2\/users\/1"}],"replies":[{"embeddable":true,"href":"https:\/\/xenum.com\/es\/wp-json\/wp\/v2\/comments?post=2572"}],"version-history":[{"count":7,"href":"https:\/\/xenum.com\/es\/wp-json\/wp\/v2\/pages\/2572\/revisions"}],"predecessor-version":[{"id":17625,"href":"https:\/\/xenum.com\/es\/wp-json\/wp\/v2\/pages\/2572\/revisions\/17625"}],"up":[{"embeddable":true,"href":"https:\/\/xenum.com\/es\/wp-json\/wp\/v2\/pages\/2373"}],"wp:featuredmedia":[{"embeddable":true,"href":"https:\/\/xenum.com\/es\/wp-json\/wp\/v2\/media\/8923"}],"wp:attachment":[{"href":"https:\/\/xenum.com\/es\/wp-json\/wp\/v2\/media?parent=2572"}],"curies":[{"name":"wp","href":"https:\/\/api.w.org\/{rel}","templated":true}]}}