{"id":2500,"date":"2017-07-22T12:03:01","date_gmt":"2017-07-22T12:03:01","guid":{"rendered":"https:\/\/xenum.com\/?page_id=2500"},"modified":"2024-07-12T08:38:06","modified_gmt":"2024-07-12T07:38:06","slug":"brake-cleaner-pro-xxxl","status":"publish","type":"page","link":"https:\/\/xenum.com\/es\/inicio\/productos\/mantenimiento\/limpiadores\/brake-cleaner-pro-xxxl\/","title":{"rendered":"Brake Cleaner PRO XXXL"},"content":{"rendered":"<p>Brake Cleaner PRO XXXL es un aerosol de alta presi\u00f3n que limpia y desengrasa eficientemente todos los componentes del sistema de frenos, incluyendo cilindros maestros, pinzas, zapatas, resortes y pastillas.<\/p>\n<h3><strong>Propiedades<\/strong><\/h3>\n<ul>\n<li>Elimina eficazmente residuos de resina y alquitr\u00e1n.<\/li>\n<li>Elimina contaminantes a base de aceite y grasa.<\/li>\n<li>Seguro para piezas de goma, nylon y pl\u00e1stico.<\/li>\n<li>R\u00e1pido y f\u00e1cil de usar.<\/li>\n<li>Sin dejar residuos.<\/li>\n<\/ul>\n<h3><strong>Aplicaci\u00f3n<\/strong><\/h3>\n<p>Adecuado para usar en todas las partes del sistema de frenos, tanto de frenos de disco como de tambor, incluyendo pinzas, zapatas, cilindros, resortes y pastillas. El Limpiador de Frenos PRO XXXL tambi\u00e9n se puede utilizar para limpiar y desengrasar componentes del embrague como revestimientos y platos de presi\u00f3n.<\/p>\n<p><strong>Disponible en:<br \/>\n<\/strong><\/p>\n<p>750 ML \u2013 REF. 4175750<\/p>\n","protected":false},"excerpt":{"rendered":"<p>Brake Cleaner PRO XXXL es un aerosol de alta presi\u00f3n que limpia y desengrasa eficientemente todos los componentes del sistema de frenos, incluyendo cilindros maestros, pinzas, zapatas, resortes y pastillas. Propiedades Elimina eficazmente residuos de resina y alquitr\u00e1n. Elimina contaminantes a base de aceite y grasa. Seguro para piezas de goma, nylon y pl\u00e1stico. R\u00e1pido [&hellip;]<\/p>\n","protected":false},"author":4,"featured_media":7766,"parent":2373,"menu_order":0,"comment_status":"closed","ping_status":"closed","template":"product-page.php","meta":{"_acf_changed":false,"inline_featured_image":false,"footnotes":""},"class_list":["post-2500","page","type-page","status-publish","has-post-thumbnail","hentry"],"acf":[],"_links":{"self":[{"href":"https:\/\/xenum.com\/es\/wp-json\/wp\/v2\/pages\/2500","targetHints":{"allow":["GET"]}}],"collection":[{"href":"https:\/\/xenum.com\/es\/wp-json\/wp\/v2\/pages"}],"about":[{"href":"https:\/\/xenum.com\/es\/wp-json\/wp\/v2\/types\/page"}],"author":[{"embeddable":true,"href":"https:\/\/xenum.com\/es\/wp-json\/wp\/v2\/users\/4"}],"replies":[{"embeddable":true,"href":"https:\/\/xenum.com\/es\/wp-json\/wp\/v2\/comments?post=2500"}],"version-history":[{"count":7,"href":"https:\/\/xenum.com\/es\/wp-json\/wp\/v2\/pages\/2500\/revisions"}],"predecessor-version":[{"id":25410,"href":"https:\/\/xenum.com\/es\/wp-json\/wp\/v2\/pages\/2500\/revisions\/25410"}],"up":[{"embeddable":true,"href":"https:\/\/xenum.com\/es\/wp-json\/wp\/v2\/pages\/2373"}],"wp:featuredmedia":[{"embeddable":true,"href":"https:\/\/xenum.com\/es\/wp-json\/wp\/v2\/media\/7766"}],"wp:attachment":[{"href":"https:\/\/xenum.com\/es\/wp-json\/wp\/v2\/media?parent=2500"}],"curies":[{"name":"wp","href":"https:\/\/api.w.org\/{rel}","templated":true}]}}