{"id":2322,"date":"2017-07-22T11:18:22","date_gmt":"2017-07-22T11:18:22","guid":{"rendered":"https:\/\/xenum.com\/?page_id=2322"},"modified":"2022-04-05T17:44:58","modified_gmt":"2022-04-05T16:44:58","slug":"r-flush","status":"publish","type":"page","link":"https:\/\/xenum.com\/es\/inicio\/productos\/aditivos\/sistema-de-refrigeracion\/r-flush\/","title":{"rendered":"R-Flush"},"content":{"rendered":"<p>Combinaci\u00f3n de alta tecnolog\u00eda de \u00e1cidos inorg\u00e1nicos e inhibidores, dise\u00f1ada para una limpieza efectiva\u00a0 en sistemas de refrigeraci\u00f3n de:<\/p>\n<ul>\n<li>\u00d3xido<\/li>\n<li>Formaciones calc\u00e1reas<\/li>\n<li>Residuos aceitosos<\/li>\n<\/ul>\n<h2><strong>Caracter\u00edsticas<\/strong><\/h2>\n<ul>\n<li>Restaura la circulaci\u00f3n normal del refrigerante en el sistema y elimina el riesgo de sobrecalentamiento.<\/li>\n<li>Restaura el funcionamiento \u00f3ptimo de los controles dentro del sistema de refrigeraci\u00f3n.<\/li>\n<li>No es necesario desmontar<\/li>\n<li>Seguro con mangueras de goma, juntas y todos los metales del sistema de refrigeraci\u00f3n.<\/li>\n<li>Protege contra los contaminantes y atascos.<\/li>\n<li>Protege contra la corrosi\u00f3n y oxidaci\u00f3n.<\/li>\n<li>Excelente rendimiento en todas las clases de refrigerante l\u00edquido, incluyendo org\u00e1nicos.<\/li>\n<\/ul>\n<h2><strong>Aplicaciones<\/strong><\/h2>\n<p>Recomendado para sistemas de refrigeraci\u00f3n por \u201cagua\u201d en todo tipo de motores.<\/p>\n<h3><strong>Disponible<\/strong><\/h3>\n<ul>\n<li>250\u00a0ML CAN - REF. 3147250<\/li>\n<li>1 L BOTTLE - REF. 3321001<\/li>\n<\/ul>\n","protected":false},"excerpt":{"rendered":"<p>Combinaci\u00f3n de alta tecnolog\u00eda de \u00e1cidos inorg\u00e1nicos e inhibidores, dise\u00f1ada para una limpieza efectiva\u00a0 en sistemas de refrigeraci\u00f3n de: \u00d3xido Formaciones calc\u00e1reas Residuos aceitosos Caracter\u00edsticas Restaura la circulaci\u00f3n normal del refrigerante en el sistema y elimina el riesgo de sobrecalentamiento. Restaura el funcionamiento \u00f3ptimo de los controles dentro del sistema de refrigeraci\u00f3n. No es necesario [&hellip;]<\/p>\n","protected":false},"author":1,"featured_media":9056,"parent":2045,"menu_order":0,"comment_status":"closed","ping_status":"closed","template":"product-page.php","meta":{"_acf_changed":false,"inline_featured_image":false,"footnotes":""},"class_list":["post-2322","page","type-page","status-publish","has-post-thumbnail","hentry"],"acf":[],"_links":{"self":[{"href":"https:\/\/xenum.com\/es\/wp-json\/wp\/v2\/pages\/2322","targetHints":{"allow":["GET"]}}],"collection":[{"href":"https:\/\/xenum.com\/es\/wp-json\/wp\/v2\/pages"}],"about":[{"href":"https:\/\/xenum.com\/es\/wp-json\/wp\/v2\/types\/page"}],"author":[{"embeddable":true,"href":"https:\/\/xenum.com\/es\/wp-json\/wp\/v2\/users\/1"}],"replies":[{"embeddable":true,"href":"https:\/\/xenum.com\/es\/wp-json\/wp\/v2\/comments?post=2322"}],"version-history":[{"count":8,"href":"https:\/\/xenum.com\/es\/wp-json\/wp\/v2\/pages\/2322\/revisions"}],"predecessor-version":[{"id":17607,"href":"https:\/\/xenum.com\/es\/wp-json\/wp\/v2\/pages\/2322\/revisions\/17607"}],"up":[{"embeddable":true,"href":"https:\/\/xenum.com\/es\/wp-json\/wp\/v2\/pages\/2045"}],"wp:featuredmedia":[{"embeddable":true,"href":"https:\/\/xenum.com\/es\/wp-json\/wp\/v2\/media\/9056"}],"wp:attachment":[{"href":"https:\/\/xenum.com\/es\/wp-json\/wp\/v2\/media?parent=2322"}],"curies":[{"name":"wp","href":"https:\/\/api.w.org\/{rel}","templated":true}]}}