{"id":2279,"date":"2017-07-22T11:07:06","date_gmt":"2017-07-22T11:07:06","guid":{"rendered":"https:\/\/xenum.com\/?page_id=2279"},"modified":"2022-04-05T17:44:58","modified_gmt":"2022-04-05T16:44:58","slug":"restop","status":"publish","type":"page","link":"https:\/\/xenum.com\/es\/inicio\/productos\/aditivos\/sistema-de-refrigeracion\/restop\/","title":{"rendered":"RESTOP"},"content":{"rendered":"<p>Restop es un producto de alta tecnolog\u00eda con triple campo de acci\u00f3n en los sistemas de refrigeraci\u00f3n:<\/p>\n<ul>\n<li>Detiene peque\u00f1as fugas de l\u00edquido<\/li>\n<li>Lubrica la bomba de agua<\/li>\n<li>Mantiene el sistema limpio y protegido.<\/li>\n<\/ul>\n<h2><strong>Caracter\u00edsticas<\/strong><\/h2>\n<ul>\n<li>F\u00e1cil de usar, sin necesidad de desmontar.<\/li>\n<li>Mejora la fiabilidad del sistema de refrigeraci\u00f3n.<\/li>\n<li>Impide el atascamiento de los conductos del radiador y sensores de temperatura.<\/li>\n<li>Resiste presiones altas y vibraciones.<\/li>\n<li>Seguro para mangueras de goma, juntas u otros componentes.<\/li>\n<li>Previene la formaci\u00f3n de dep\u00f3sitos de calcio.<\/li>\n<li>Protege el sistema de refrigeraci\u00f3n contra la corrosi\u00f3n y la oxidaci\u00f3n.<\/li>\n<\/ul>\n<h2><strong>Aplicaciones<\/strong><\/h2>\n<p>Recomendado para sistemas de refrigeraci\u00f3n por \u201cagua\u201d en todo tipo de motores, diesel o gasolina. Compatible con todos los refrigerantes, tambi\u00e9n del tipo OAT (Organic Acid Technology)<\/p>\n<h3><strong>Disponible en<br \/>\n<\/strong><\/h3>\n<p>300 ML CAN \u2013 REF. 3079300<\/p>\n<p>1 L BOTTLE \u2013 REF. 3338001<\/p>\n","protected":false},"excerpt":{"rendered":"<p>Restop es un producto de alta tecnolog\u00eda con triple campo de acci\u00f3n en los sistemas de refrigeraci\u00f3n: Detiene peque\u00f1as fugas de l\u00edquido Lubrica la bomba de agua Mantiene el sistema limpio y protegido. Caracter\u00edsticas F\u00e1cil de usar, sin necesidad de desmontar. Mejora la fiabilidad del sistema de refrigeraci\u00f3n. Impide el atascamiento de los conductos del [&hellip;]<\/p>\n","protected":false},"author":1,"featured_media":9057,"parent":2045,"menu_order":0,"comment_status":"closed","ping_status":"closed","template":"product-page.php","meta":{"_acf_changed":false,"inline_featured_image":false,"footnotes":""},"class_list":["post-2279","page","type-page","status-publish","has-post-thumbnail","hentry"],"acf":[],"_links":{"self":[{"href":"https:\/\/xenum.com\/es\/wp-json\/wp\/v2\/pages\/2279","targetHints":{"allow":["GET"]}}],"collection":[{"href":"https:\/\/xenum.com\/es\/wp-json\/wp\/v2\/pages"}],"about":[{"href":"https:\/\/xenum.com\/es\/wp-json\/wp\/v2\/types\/page"}],"author":[{"embeddable":true,"href":"https:\/\/xenum.com\/es\/wp-json\/wp\/v2\/users\/1"}],"replies":[{"embeddable":true,"href":"https:\/\/xenum.com\/es\/wp-json\/wp\/v2\/comments?post=2279"}],"version-history":[{"count":7,"href":"https:\/\/xenum.com\/es\/wp-json\/wp\/v2\/pages\/2279\/revisions"}],"predecessor-version":[{"id":17609,"href":"https:\/\/xenum.com\/es\/wp-json\/wp\/v2\/pages\/2279\/revisions\/17609"}],"up":[{"embeddable":true,"href":"https:\/\/xenum.com\/es\/wp-json\/wp\/v2\/pages\/2045"}],"wp:featuredmedia":[{"embeddable":true,"href":"https:\/\/xenum.com\/es\/wp-json\/wp\/v2\/media\/9057"}],"wp:attachment":[{"href":"https:\/\/xenum.com\/es\/wp-json\/wp\/v2\/media?parent=2279"}],"curies":[{"name":"wp","href":"https:\/\/api.w.org\/{rel}","templated":true}]}}