{"id":2263,"date":"2017-07-22T10:57:19","date_gmt":"2017-07-22T10:57:19","guid":{"rendered":"https:\/\/xenum.com\/?page_id=2263"},"modified":"2019-01-17T09:28:23","modified_gmt":"2019-01-17T09:28:23","slug":"valvex","status":"publish","type":"page","link":"https:\/\/xenum.com\/es\/inicio\/productos\/aditivos\/combustible\/gasolina-mejoradores\/valvex\/","title":{"rendered":"Valvex"},"content":{"rendered":"<p>Valvex Protection Fluid es un lubricante para la parte superior del cilindro dise\u00f1ado para minimizar la recesi\u00f3n de los asientos de v\u00e1lvula en motores gasolina a GLP y GNC.<\/p>\n<p><strong>Caracter\u00edsticas:<\/strong><\/p>\n<ul>\n<li>Lubrica y crea una barrera protectora entre las v\u00e1lvulas y los asientos de v\u00e1lvula.<\/li>\n<li>Evita da\u00f1os mec\u00e1nicos ocasionados por el micro soldado de los asientos de v\u00e1lvula<\/li>\n<li>Mejora la riabilidad mantiendo las v\u00e1lvulas &amp; asientos fr\u00edos<\/li>\n<li>Provee una operaci\u00f3n del motor sin problemas por largo tiempo.<\/li>\n<li>No contiene plomo.<\/li>\n<\/ul>\n<p><strong>Aplicaciones:<\/strong><\/p>\n<p>Especialmente dise\u00f1ado para el sistema de lubricaci\u00f3n VAP-Saver. Para todo tipo de motores GLP y GNC. Uso seguro en veh\u00edculos equipados con catalizador y sensores de ox\u00edgeno.<\/p>\n<p><strong>Disponible en:<br \/>\n<\/strong><\/p>\n<p>1 L \u2013 REF. 3420001<\/p>\n","protected":false},"excerpt":{"rendered":"<p>Valvex Protection Fluid es un lubricante para la parte superior del cilindro dise\u00f1ado para minimizar la recesi\u00f3n de los asientos de v\u00e1lvula en motores gasolina a GLP y GNC. Caracter\u00edsticas: Lubrica y crea una barrera protectora entre las v\u00e1lvulas y los asientos de v\u00e1lvula. Evita da\u00f1os mec\u00e1nicos ocasionados por el micro soldado de los asientos [&hellip;]<\/p>\n","protected":false},"author":1,"featured_media":235,"parent":2010,"menu_order":4,"comment_status":"closed","ping_status":"closed","template":"product-page.php","meta":{"_acf_changed":false,"inline_featured_image":false,"footnotes":""},"class_list":["post-2263","page","type-page","status-publish","has-post-thumbnail","hentry"],"acf":[],"_links":{"self":[{"href":"https:\/\/xenum.com\/es\/wp-json\/wp\/v2\/pages\/2263","targetHints":{"allow":["GET"]}}],"collection":[{"href":"https:\/\/xenum.com\/es\/wp-json\/wp\/v2\/pages"}],"about":[{"href":"https:\/\/xenum.com\/es\/wp-json\/wp\/v2\/types\/page"}],"author":[{"embeddable":true,"href":"https:\/\/xenum.com\/es\/wp-json\/wp\/v2\/users\/1"}],"replies":[{"embeddable":true,"href":"https:\/\/xenum.com\/es\/wp-json\/wp\/v2\/comments?post=2263"}],"version-history":[{"count":5,"href":"https:\/\/xenum.com\/es\/wp-json\/wp\/v2\/pages\/2263\/revisions"}],"predecessor-version":[{"id":8083,"href":"https:\/\/xenum.com\/es\/wp-json\/wp\/v2\/pages\/2263\/revisions\/8083"}],"up":[{"embeddable":true,"href":"https:\/\/xenum.com\/es\/wp-json\/wp\/v2\/pages\/2010"}],"wp:featuredmedia":[{"embeddable":true,"href":"https:\/\/xenum.com\/es\/wp-json\/wp\/v2\/media\/235"}],"wp:attachment":[{"href":"https:\/\/xenum.com\/es\/wp-json\/wp\/v2\/media?parent=2263"}],"curies":[{"name":"wp","href":"https:\/\/api.w.org\/{rel}","templated":true}]}}