{"id":18585,"date":"2022-09-14T08:05:02","date_gmt":"2022-09-14T07:05:02","guid":{"rendered":"https:\/\/xenum.com\/inicio\/productos\/aceites\/motos\/ester-synthetic\/x1-bike-10w40\/"},"modified":"2022-09-14T08:33:20","modified_gmt":"2022-09-14T07:33:20","slug":"x1-bike-10w40","status":"publish","type":"page","link":"https:\/\/xenum.com\/es\/inicio\/productos\/aceites\/motos\/ester-synthetic\/x1-bike-10w40\/","title":{"rendered":"X1-BIKE 10W40"},"content":{"rendered":"\n<p>Una nueva generaci\u00f3n de aceites sint\u00e9ticos para motos de cuatro tiempos, basados en aceites base especialmente seleccionados y combinados con aditivos equilibrados especialmente desarrollados.<\/p>\n\n\n\n<h2 class=\"wp-block-heading\" id=\"h-beneficios\"><strong>Beneficios<\/strong><\/h2>\n\n\n\n<ul class=\"wp-block-list\"><li>Ahorro de combustible<\/li><li>\u00cdndice de viscosidad alto y estable<\/li><li>Excelentes propiedades lubricantes, incluso a altas temperaturas<\/li><li>Caracter\u00edsticas \u00f3ptimas de fricci\u00f3n<\/li><li>Buenas propiedades antidesgaste, anticorrosi\u00f3n y antiespumantes<\/li><li>Muy buen efecto detergente y dispersante<\/li><\/ul>\n\n\n\n<h2 class=\"wp-block-heading\" id=\"h-aplicaci-n\"><strong>Aplicaci\u00f3n<\/strong><\/h2>\n\n\n\n<p>Este aceite ha sido desarrollado especialmente para la lubricaci\u00f3n de motores de motocicletas de cuatro tiempos, de modo que los discos de embrague que resbalan, se pegan o se mueven con dificultad son cosa del pasado. Este aceite ha sido desarrollado en estrecha colaboraci\u00f3n con los principales fabricantes de motocicletas y ha sido probado y comprobado en la pr\u00e1ctica.<\/p>\n\n\n\n<p>Gracias a todas estas propiedades, este aceite es extremadamente adecuado para su uso en competici\u00f3n y otras condiciones extremas.<\/p>\n\n\n\n<h3 class=\"wp-block-heading\" id=\"h-especificaciones\"><strong>Especificaciones<\/strong><\/h3>\n\n\n\n<p>API SL<br>JASO MA2<\/p>\n\n\n\n<h3 class=\"wp-block-heading\" id=\"h-embalaje\"><strong>Embalaje<\/strong><\/h3>\n\n\n\n<p>Bote de 1 L<\/p>\n","protected":false},"excerpt":{"rendered":"<p>Una nueva generaci\u00f3n de aceites sint\u00e9ticos para motos de cuatro tiempos, basados en aceites base especialmente seleccionados y combinados con aditivos equilibrados especialmente desarrollados. Beneficios Ahorro de combustible \u00cdndice de viscosidad alto y estable Excelentes propiedades lubricantes, incluso a altas temperaturas Caracter\u00edsticas \u00f3ptimas de fricci\u00f3n Buenas propiedades antidesgaste, anticorrosi\u00f3n y antiespumantes Muy buen efecto detergente [&hellip;]<\/p>\n","protected":false},"author":1,"featured_media":18620,"parent":10836,"menu_order":1,"comment_status":"closed","ping_status":"closed","template":"product-page.php","meta":{"_acf_changed":false,"inline_featured_image":false,"footnotes":""},"class_list":["post-18585","page","type-page","status-publish","has-post-thumbnail","hentry"],"acf":[],"_links":{"self":[{"href":"https:\/\/xenum.com\/es\/wp-json\/wp\/v2\/pages\/18585","targetHints":{"allow":["GET"]}}],"collection":[{"href":"https:\/\/xenum.com\/es\/wp-json\/wp\/v2\/pages"}],"about":[{"href":"https:\/\/xenum.com\/es\/wp-json\/wp\/v2\/types\/page"}],"author":[{"embeddable":true,"href":"https:\/\/xenum.com\/es\/wp-json\/wp\/v2\/users\/1"}],"replies":[{"embeddable":true,"href":"https:\/\/xenum.com\/es\/wp-json\/wp\/v2\/comments?post=18585"}],"version-history":[{"count":2,"href":"https:\/\/xenum.com\/es\/wp-json\/wp\/v2\/pages\/18585\/revisions"}],"predecessor-version":[{"id":18587,"href":"https:\/\/xenum.com\/es\/wp-json\/wp\/v2\/pages\/18585\/revisions\/18587"}],"up":[{"embeddable":true,"href":"https:\/\/xenum.com\/es\/wp-json\/wp\/v2\/pages\/10836"}],"wp:featuredmedia":[{"embeddable":true,"href":"https:\/\/xenum.com\/es\/wp-json\/wp\/v2\/media\/18620"}],"wp:attachment":[{"href":"https:\/\/xenum.com\/es\/wp-json\/wp\/v2\/media?parent=18585"}],"curies":[{"name":"wp","href":"https:\/\/api.w.org\/{rel}","templated":true}]}}