{"id":1805,"date":"2017-07-21T09:42:30","date_gmt":"2017-07-21T09:42:30","guid":{"rendered":"https:\/\/xenum.com\/?page_id=1805"},"modified":"2021-08-10T08:12:37","modified_gmt":"2021-08-10T08:12:37","slug":"ultimax-petrol-conditioner","status":"publish","type":"page","link":"https:\/\/xenum.com\/es\/inicio\/productos\/aditivos\/combustible\/gasolina-limpiadores\/ultimax-petrol-conditioner\/","title":{"rendered":"Ultimax Petrol Conditioner"},"content":{"rendered":"<p>Aditivo multifuncional avanzado dise\u00f1ado para limpiar y proteger todo sistema de inyecci\u00f3n, as\u00ed como catalizador y turbo en motores a gasolina. Incrementa el octanaje.<\/p>\n<h2><strong>Beneficios<\/strong><\/h2>\n<ul>\n<li>Limpia y lubrica bomba, inyectores, v\u00e1lvulas y todo el sistema de combustible<\/li>\n<li>Incrementa la potencia y la din\u00e1mica del motor<\/li>\n<li>Mejora la fiabilidad del motor<\/li>\n<li>Favorece el ahorro de combustible<\/li>\n<li>Protege contra la corrosi\u00f3n y la oxidaci\u00f3n<\/li>\n<li>Neutraliza el agua del tanque de combustible (sin emulsionarla)<\/li>\n<li>Reduce los niveles de CO<sub>2<\/sub><\/li>\n<li>Previene aver\u00edas y el atascamiento del catalizador y el turbo<\/li>\n<\/ul>\n<h2><strong>Aplicaciones<\/strong><\/h2>\n<p>Adecuado para todo tipo de motores a gasolina, incluyendo la \u00faltima generaci\u00f3n de inyecci\u00f3n directa con equipamiento en el escape.<\/p>\n<h3><strong>Disponible en<\/strong><\/h3>\n<p>350 ML CAN \u2013 REF. 3413350<\/p>\n","protected":false},"excerpt":{"rendered":"<p>Aditivo multifuncional avanzado dise\u00f1ado para limpiar y proteger todo sistema de inyecci\u00f3n, as\u00ed como catalizador y turbo en motores a gasolina. Incrementa el octanaje. Beneficios Limpia y lubrica bomba, inyectores, v\u00e1lvulas y todo el sistema de combustible Incrementa la potencia y la din\u00e1mica del motor Mejora la fiabilidad del motor Favorece el ahorro de combustible [&hellip;]<\/p>\n","protected":false},"author":1,"featured_media":10225,"parent":1236,"menu_order":0,"comment_status":"closed","ping_status":"closed","template":"product-page.php","meta":{"_acf_changed":false,"inline_featured_image":false,"footnotes":""},"class_list":["post-1805","page","type-page","status-publish","has-post-thumbnail","hentry"],"acf":[],"_links":{"self":[{"href":"https:\/\/xenum.com\/es\/wp-json\/wp\/v2\/pages\/1805","targetHints":{"allow":["GET"]}}],"collection":[{"href":"https:\/\/xenum.com\/es\/wp-json\/wp\/v2\/pages"}],"about":[{"href":"https:\/\/xenum.com\/es\/wp-json\/wp\/v2\/types\/page"}],"author":[{"embeddable":true,"href":"https:\/\/xenum.com\/es\/wp-json\/wp\/v2\/users\/1"}],"replies":[{"embeddable":true,"href":"https:\/\/xenum.com\/es\/wp-json\/wp\/v2\/comments?post=1805"}],"version-history":[{"count":5,"href":"https:\/\/xenum.com\/es\/wp-json\/wp\/v2\/pages\/1805\/revisions"}],"predecessor-version":[{"id":8047,"href":"https:\/\/xenum.com\/es\/wp-json\/wp\/v2\/pages\/1805\/revisions\/8047"}],"up":[{"embeddable":true,"href":"https:\/\/xenum.com\/es\/wp-json\/wp\/v2\/pages\/1236"}],"wp:featuredmedia":[{"embeddable":true,"href":"https:\/\/xenum.com\/es\/wp-json\/wp\/v2\/media\/10225"}],"wp:attachment":[{"href":"https:\/\/xenum.com\/es\/wp-json\/wp\/v2\/media?parent=1805"}],"curies":[{"name":"wp","href":"https:\/\/api.w.org\/{rel}","templated":true}]}}