{"id":1769,"date":"2017-07-21T09:16:44","date_gmt":"2017-07-21T09:16:44","guid":{"rendered":"https:\/\/xenum.com\/?page_id=1769"},"modified":"2020-02-04T10:01:53","modified_gmt":"2020-02-04T10:01:53","slug":"diesel-multi-conditioner","status":"publish","type":"page","link":"https:\/\/xenum.com\/es\/inicio\/productos\/aditivos\/combustible\/diesel-mejoradores\/diesel-multi-conditioner\/","title":{"rendered":"Diesel Multi Conditioner"},"content":{"rendered":"<p>Mejora el nivel de calidad y el rendimiento del combustible di\u00e9sel<\/p>\n<h2><strong>Caracter\u00edsticas<\/strong><\/h2>\n<ul>\n<li>Limpia y lubrica inyectores y sistemas de combustible<\/li>\n<li>Mantiene limpia la EGR y el FAP<\/li>\n<li>Neutraliza el agua del tanque de combustible<\/li>\n<li>Protege el sistema contra la corrosi\u00f3n<\/li>\n<li>Protege la bomba de distribuci\u00f3n de inyecci\u00f3n del desgaste<\/li>\n<li>Previene el agarrotamiento de los inyectores<\/li>\n<li>Incrementa el n\u00famero de cetano del di\u00e9sel, para una combusti\u00f3n mas suave y ligera<\/li>\n<li>Econom\u00eda de combustible<\/li>\n<li>Fiabilidad del motor mejorada<\/li>\n<li>Reduce emisiones t\u00f3xicas y humo<\/li>\n<li>Econ\u00f3mico y f\u00e1cil de usar\u00a0 (1:1000)<\/li>\n<\/ul>\n<h2><strong>Aplicaciones<\/strong><\/h2>\n<ul>\n<li>Para uso diario mejorador y preventivo<\/li>\n<li>Adecuado para todo tipo de motores di\u00e9sel<\/li>\n<\/ul>\n<h3><strong>Disponible en<\/strong><\/h3>\n<ul>\n<li>250 ML - REF. 3185250<\/li>\n<li>1 L - REF. 3109001<\/li>\n<li>5 L - REF. 3031005<\/li>\n<li>60 L - REF. 3031060<\/li>\n<li>200 L - REF. 3031200<\/li>\n<\/ul>\n","protected":false},"excerpt":{"rendered":"<p>Mejora el nivel de calidad y el rendimiento del combustible di\u00e9sel Caracter\u00edsticas Limpia y lubrica inyectores y sistemas de combustible Mantiene limpia la EGR y el FAP Neutraliza el agua del tanque de combustible Protege el sistema contra la corrosi\u00f3n Protege la bomba de distribuci\u00f3n de inyecci\u00f3n del desgaste Previene el agarrotamiento de los inyectores [&hellip;]<\/p>\n","protected":false},"author":1,"featured_media":9324,"parent":1206,"menu_order":0,"comment_status":"closed","ping_status":"closed","template":"product-page.php","meta":{"_acf_changed":false,"inline_featured_image":false,"footnotes":""},"class_list":["post-1769","page","type-page","status-publish","has-post-thumbnail","hentry"],"acf":[],"_links":{"self":[{"href":"https:\/\/xenum.com\/es\/wp-json\/wp\/v2\/pages\/1769","targetHints":{"allow":["GET"]}}],"collection":[{"href":"https:\/\/xenum.com\/es\/wp-json\/wp\/v2\/pages"}],"about":[{"href":"https:\/\/xenum.com\/es\/wp-json\/wp\/v2\/types\/page"}],"author":[{"embeddable":true,"href":"https:\/\/xenum.com\/es\/wp-json\/wp\/v2\/users\/1"}],"replies":[{"embeddable":true,"href":"https:\/\/xenum.com\/es\/wp-json\/wp\/v2\/comments?post=1769"}],"version-history":[{"count":6,"href":"https:\/\/xenum.com\/es\/wp-json\/wp\/v2\/pages\/1769\/revisions"}],"predecessor-version":[{"id":7914,"href":"https:\/\/xenum.com\/es\/wp-json\/wp\/v2\/pages\/1769\/revisions\/7914"}],"up":[{"embeddable":true,"href":"https:\/\/xenum.com\/es\/wp-json\/wp\/v2\/pages\/1206"}],"wp:featuredmedia":[{"embeddable":true,"href":"https:\/\/xenum.com\/es\/wp-json\/wp\/v2\/media\/9324"}],"wp:attachment":[{"href":"https:\/\/xenum.com\/es\/wp-json\/wp\/v2\/media?parent=1769"}],"curies":[{"name":"wp","href":"https:\/\/api.w.org\/{rel}","templated":true}]}}