{"id":1721,"date":"2017-07-21T08:46:58","date_gmt":"2017-07-21T08:46:58","guid":{"rendered":"https:\/\/xenum.com\/?page_id=1721"},"modified":"2022-07-12T10:44:47","modified_gmt":"2022-07-12T09:44:47","slug":"x-flush","status":"publish","type":"page","link":"https:\/\/xenum.com\/es\/inicio\/productos\/aditivos\/combustible\/diesel-limpiadores\/x-flush\/","title":{"rendered":"X-Flush Diesel"},"content":{"rendered":"<p>Limpiador de alta eficiencia dise\u00f1ado para usarse en circuito cerrado, que elimina de forma directa dep\u00f3sitos de los inyectores, bomba de inyecci\u00f3n y c\u00e1mara de combusti\u00f3n.<\/p>\n<p>Mejora la inyecci\u00f3n de combustible y el rendimiento general de los motores diesel.<\/p>\n<p><strong>Caracter\u00edsticas:<\/strong><\/p>\n<ul>\n<li>Funcionamiento de motor mas suave, con menos ruido y vibraciones<\/li>\n<li>Mejora la econom\u00eda de combustible<\/li>\n<li>Potencia y fiabilidad del motor mejorados<\/li>\n<li>Reduce las emisiones t\u00f3xicas y el humo<\/li>\n<li>Resultados inmediatos<\/li>\n<li>Inocuo para el catalizador y FAP<\/li>\n<li>Mantiene limpio el sistema EGR y ayuda a la regeneraci\u00f3n del FAP<\/li>\n<\/ul>\n<p><strong>Aplicaciones:<\/strong><\/p>\n<p>Para uso preventivo y curativo. Para todo tipo de motores diesel incluyendo los de \u00faltima generaci\u00f3n con FAP y Catalizador<\/p>\n<p><strong>Disponible en:<\/strong><\/p>\n<ul>\n<li>500 ML CAN - REF. 3062500<\/li>\n<li>5 L \u2013 REF. 3062005<\/li>\n<\/ul>\n","protected":false},"excerpt":{"rendered":"<p>Limpiador de alta eficiencia dise\u00f1ado para usarse en circuito cerrado, que elimina de forma directa dep\u00f3sitos de los inyectores, bomba de inyecci\u00f3n y c\u00e1mara de combusti\u00f3n. Mejora la inyecci\u00f3n de combustible y el rendimiento general de los motores diesel. Caracter\u00edsticas: Funcionamiento de motor mas suave, con menos ruido y vibraciones Mejora la econom\u00eda de combustible [&hellip;]<\/p>\n","protected":false},"author":1,"featured_media":23633,"parent":1171,"menu_order":0,"comment_status":"closed","ping_status":"closed","template":"product-page.php","meta":{"_acf_changed":false,"inline_featured_image":false,"footnotes":""},"class_list":["post-1721","page","type-page","status-publish","has-post-thumbnail","hentry"],"acf":[],"_links":{"self":[{"href":"https:\/\/xenum.com\/es\/wp-json\/wp\/v2\/pages\/1721","targetHints":{"allow":["GET"]}}],"collection":[{"href":"https:\/\/xenum.com\/es\/wp-json\/wp\/v2\/pages"}],"about":[{"href":"https:\/\/xenum.com\/es\/wp-json\/wp\/v2\/types\/page"}],"author":[{"embeddable":true,"href":"https:\/\/xenum.com\/es\/wp-json\/wp\/v2\/users\/1"}],"replies":[{"embeddable":true,"href":"https:\/\/xenum.com\/es\/wp-json\/wp\/v2\/comments?post=1721"}],"version-history":[{"count":6,"href":"https:\/\/xenum.com\/es\/wp-json\/wp\/v2\/pages\/1721\/revisions"}],"predecessor-version":[{"id":18135,"href":"https:\/\/xenum.com\/es\/wp-json\/wp\/v2\/pages\/1721\/revisions\/18135"}],"up":[{"embeddable":true,"href":"https:\/\/xenum.com\/es\/wp-json\/wp\/v2\/pages\/1171"}],"wp:featuredmedia":[{"embeddable":true,"href":"https:\/\/xenum.com\/es\/wp-json\/wp\/v2\/media\/23633"}],"wp:attachment":[{"href":"https:\/\/xenum.com\/es\/wp-json\/wp\/v2\/media?parent=1721"}],"curies":[{"name":"wp","href":"https:\/\/api.w.org\/{rel}","templated":true}]}}