{"id":1705,"date":"2017-07-21T08:38:35","date_gmt":"2017-07-21T08:38:35","guid":{"rendered":"https:\/\/xenum.com\/?page_id=1705"},"modified":"2020-11-19T11:24:18","modified_gmt":"2020-11-19T11:24:18","slug":"complex-diesel-system-cleaner","status":"publish","type":"page","link":"https:\/\/xenum.com\/es\/inicio\/productos\/aditivos\/combustible\/diesel-limpiadores\/complex-diesel-system-cleaner\/","title":{"rendered":"Complex Diesel System Cleaner"},"content":{"rendered":"<p>Mejora la inyecci\u00f3n de combustible y el rendimiento general de los motores diesel y equipamiento de la l\u00ednea de escape<\/p>\n<h2><strong>Caracter\u00edsticas<\/strong><\/h2>\n<ul>\n<li>Limpia y lubrica inyectores y el sistema de combustible<\/li>\n<li>Mantiene la EGR y el FAP limpios<\/li>\n<li>Neutraliza el agua del tanque de combustible<\/li>\n<li>Protege el sistema de combustible contra la corrosi\u00f3n<\/li>\n<li>Protege la bomba del distribuidor de inyecci\u00f3n contra el desgaste<\/li>\n<li>Previene el agarrotamiento de los inyectores<\/li>\n<li>Incrementa el n\u00famero de cetano del combustible diesel<\/li>\n<li>Mejora el proceso de combusti\u00f3n, haciendolo m\u00e1s suave<\/li>\n<li>Mayor econom\u00eda de combustible<\/li>\n<li>Fiabilidad del motor mejorada<\/li>\n<li>Reduce las emisiones t\u00f3xicas y el humo<\/li>\n<\/ul>\n<h2><strong>Aplicaciones<\/strong><\/h2>\n<ul>\n<li>Para uso preventivo y para la soluci\u00f3n de problemas<\/li>\n<li>Compatible con todo tipo de motores diesel<\/li>\n<\/ul>\n<h3><strong>Disponible en<\/strong><\/h3>\n<p>300 ML CAN \u2013 REF. 3031301<\/p>\n","protected":false},"excerpt":{"rendered":"<p>Mejora la inyecci\u00f3n de combustible y el rendimiento general de los motores diesel y equipamiento de la l\u00ednea de escape Caracter\u00edsticas Limpia y lubrica inyectores y el sistema de combustible Mantiene la EGR y el FAP limpios Neutraliza el agua del tanque de combustible Protege el sistema de combustible contra la corrosi\u00f3n Protege la bomba [&hellip;]<\/p>\n","protected":false},"author":1,"featured_media":25312,"parent":1171,"menu_order":0,"comment_status":"closed","ping_status":"closed","template":"product-page.php","meta":{"_acf_changed":false,"inline_featured_image":false,"footnotes":""},"class_list":["post-1705","page","type-page","status-publish","has-post-thumbnail","hentry"],"acf":[],"_links":{"self":[{"href":"https:\/\/xenum.com\/es\/wp-json\/wp\/v2\/pages\/1705","targetHints":{"allow":["GET"]}}],"collection":[{"href":"https:\/\/xenum.com\/es\/wp-json\/wp\/v2\/pages"}],"about":[{"href":"https:\/\/xenum.com\/es\/wp-json\/wp\/v2\/types\/page"}],"author":[{"embeddable":true,"href":"https:\/\/xenum.com\/es\/wp-json\/wp\/v2\/users\/1"}],"replies":[{"embeddable":true,"href":"https:\/\/xenum.com\/es\/wp-json\/wp\/v2\/comments?post=1705"}],"version-history":[{"count":6,"href":"https:\/\/xenum.com\/es\/wp-json\/wp\/v2\/pages\/1705\/revisions"}],"predecessor-version":[{"id":9125,"href":"https:\/\/xenum.com\/es\/wp-json\/wp\/v2\/pages\/1705\/revisions\/9125"}],"up":[{"embeddable":true,"href":"https:\/\/xenum.com\/es\/wp-json\/wp\/v2\/pages\/1171"}],"wp:featuredmedia":[{"embeddable":true,"href":"https:\/\/xenum.com\/es\/wp-json\/wp\/v2\/media\/25312"}],"wp:attachment":[{"href":"https:\/\/xenum.com\/es\/wp-json\/wp\/v2\/media?parent=1705"}],"curies":[{"name":"wp","href":"https:\/\/api.w.org\/{rel}","templated":true}]}}