{"id":1681,"date":"2017-07-20T18:07:39","date_gmt":"2017-07-20T18:07:39","guid":{"rendered":"https:\/\/xenum.com\/?page_id=1681"},"modified":"2019-08-02T13:26:02","modified_gmt":"2019-08-02T13:26:02","slug":"ultimax-diesel","status":"publish","type":"page","link":"https:\/\/xenum.com\/es\/inicio\/productos\/aditivos\/combustible\/diesel-limpiadores\/ultimax-diesel\/","title":{"rendered":"Ultimax Diesel"},"content":{"rendered":"<p>Especialmente dise\u00f1ado para motores diesel modernos equipados con sistemas en el escape (FAP) para:<\/p>\n<ul>\n<li>Una potente limpieza del sistema de inyecci\u00f3n<\/li>\n<li>Incremento del n\u00famero de cetano<\/li>\n<li>Limpieza preventiva del Filtro Antipart\u00edculas Diesel (FAP) y turbo<\/li>\n<\/ul>\n<h2><strong>Caracter\u00edsticas<\/strong><\/h2>\n<ul>\n<li>Econom\u00eda de combustible<\/li>\n<li>Funcionamiento del motor, potencia y eficiencia mejorados<\/li>\n<li>Funcionamiento sin problemas del FAP &amp; Catalizador<\/li>\n<li>Mantiene el turbo y el sistema de escape limpio<\/li>\n<li>Reduce emisiones t\u00f3xicas y humo<\/li>\n<li>Mejora la fiabilidad del motor<\/li>\n<li>Protege el sistema de admisi\u00f3n y EGR contra los dep\u00f3sitos<\/li>\n<li>Protege el combustible contra la oxidaci\u00f3n<\/li>\n<li>Neutraliza el agua del tanque de combustible<\/li>\n<\/ul>\n<h2><strong>Aplicaciones<\/strong><\/h2>\n<p>Recomendado para todo tipo de motores diesel equipados con FAP y catalizador. Compatible con biodiesel<\/p>\n<h3><strong>Disponible en<\/strong><\/h3>\n<p>300 ML CAN \u2013 REF. 3222350<\/p>\n","protected":false},"excerpt":{"rendered":"<p>Especialmente dise\u00f1ado para motores diesel modernos equipados con sistemas en el escape (FAP) para: Una potente limpieza del sistema de inyecci\u00f3n Incremento del n\u00famero de cetano Limpieza preventiva del Filtro Antipart\u00edculas Diesel (FAP) y turbo Caracter\u00edsticas Econom\u00eda de combustible Funcionamiento del motor, potencia y eficiencia mejorados Funcionamiento sin problemas del FAP &amp; Catalizador Mantiene el [&hellip;]<\/p>\n","protected":false},"author":1,"featured_media":9061,"parent":1171,"menu_order":0,"comment_status":"closed","ping_status":"closed","template":"product-page.php","meta":{"_acf_changed":false,"inline_featured_image":false,"footnotes":""},"class_list":["post-1681","page","type-page","status-publish","has-post-thumbnail","hentry"],"acf":[],"_links":{"self":[{"href":"https:\/\/xenum.com\/es\/wp-json\/wp\/v2\/pages\/1681","targetHints":{"allow":["GET"]}}],"collection":[{"href":"https:\/\/xenum.com\/es\/wp-json\/wp\/v2\/pages"}],"about":[{"href":"https:\/\/xenum.com\/es\/wp-json\/wp\/v2\/types\/page"}],"author":[{"embeddable":true,"href":"https:\/\/xenum.com\/es\/wp-json\/wp\/v2\/users\/1"}],"replies":[{"embeddable":true,"href":"https:\/\/xenum.com\/es\/wp-json\/wp\/v2\/comments?post=1681"}],"version-history":[{"count":8,"href":"https:\/\/xenum.com\/es\/wp-json\/wp\/v2\/pages\/1681\/revisions"}],"predecessor-version":[{"id":8882,"href":"https:\/\/xenum.com\/es\/wp-json\/wp\/v2\/pages\/1681\/revisions\/8882"}],"up":[{"embeddable":true,"href":"https:\/\/xenum.com\/es\/wp-json\/wp\/v2\/pages\/1171"}],"wp:featuredmedia":[{"embeddable":true,"href":"https:\/\/xenum.com\/es\/wp-json\/wp\/v2\/media\/9061"}],"wp:attachment":[{"href":"https:\/\/xenum.com\/es\/wp-json\/wp\/v2\/media?parent=1681"}],"curies":[{"name":"wp","href":"https:\/\/api.w.org\/{rel}","templated":true}]}}