{"id":1527,"date":"2017-07-19T14:19:06","date_gmt":"2017-07-19T14:19:06","guid":{"rendered":"https:\/\/xenum.com\/?page_id=1527"},"modified":"2019-01-17T08:50:48","modified_gmt":"2019-01-17T08:50:48","slug":"xg-100k","status":"publish","type":"page","link":"https:\/\/xenum.com\/es\/inicio\/productos\/aditivos\/aceite-de-motor\/xg-100k\/","title":{"rendered":"XG-100K"},"content":{"rendered":"<p>Aditivo para aceite de motor de nueva generaci\u00f3n. Dise\u00f1ado para motores con s\u00edntomas evidentes de desgaste (alto consumo de aceite, compresi\u00f3n baja\u2026) para restaurar de fallos t\u00edpicos y alargar la vida del motor de forma sustancial.<\/p>\n<p>La tecnolog\u00eda X-G es la combinaci\u00f3n de potentes compuestos: Carbono Grafito y complejos aceites sint\u00e9ticos<\/p>\n<p><strong>Caracter\u00edsticas:<\/strong><\/p>\n<ul>\n<li>Potencia la viscosidad.<\/li>\n<li>Restaura la compresi\u00f3n y presi\u00f3n de aceite.<\/li>\n<li>Rejuvenece juntas de goma y detiene fugas.<\/li>\n<li>Reduce el quemado excesivo de aceite y humo de escape originado por el quemado de aceite.<\/li>\n<li>Reduce los ruidos del motor.<\/li>\n<li>Reduce fricci\u00f3n y desgaste.<\/li>\n<li>Previene el contacto metal-metal bajo altas cargas.<\/li>\n<li>Protege contra la corrosi\u00f3n, oxidaci\u00f3n, oxido y desgaste.<\/li>\n<li>No da\u00f1a convertidores catal\u00edticos o Filtros Antiparticulas Diesel.<\/li>\n<li>Compatible con todo tipo de aceites de motor, incluyendo 100% sint\u00e9ticos.<\/li>\n<\/ul>\n<p><strong>Aplicaciones:<\/strong><\/p>\n<p>Todo tipo de motores diesel y gasolina de veh\u00edculos con alto kilometraje (no es adecuado para motores nuevos). No corrige fallos mec\u00e1nicos.<\/p>\n<p><strong>Disponible en:<\/strong><\/p>\n<ul>\n<li>350 ML CAN - REF. 3239350<\/li>\n<\/ul>\n","protected":false},"excerpt":{"rendered":"<p>Aditivo para aceite de motor de nueva generaci\u00f3n. Dise\u00f1ado para motores con s\u00edntomas evidentes de desgaste (alto consumo de aceite, compresi\u00f3n baja\u2026) para restaurar de fallos t\u00edpicos y alargar la vida del motor de forma sustancial. La tecnolog\u00eda X-G es la combinaci\u00f3n de potentes compuestos: Carbono Grafito y complejos aceites sint\u00e9ticos Caracter\u00edsticas: Potencia la viscosidad. [&hellip;]<\/p>\n","protected":false},"author":1,"featured_media":246,"parent":891,"menu_order":0,"comment_status":"closed","ping_status":"closed","template":"product-page.php","meta":{"_acf_changed":false,"inline_featured_image":false,"footnotes":""},"class_list":["post-1527","page","type-page","status-publish","has-post-thumbnail","hentry"],"acf":[],"_links":{"self":[{"href":"https:\/\/xenum.com\/es\/wp-json\/wp\/v2\/pages\/1527","targetHints":{"allow":["GET"]}}],"collection":[{"href":"https:\/\/xenum.com\/es\/wp-json\/wp\/v2\/pages"}],"about":[{"href":"https:\/\/xenum.com\/es\/wp-json\/wp\/v2\/types\/page"}],"author":[{"embeddable":true,"href":"https:\/\/xenum.com\/es\/wp-json\/wp\/v2\/users\/1"}],"replies":[{"embeddable":true,"href":"https:\/\/xenum.com\/es\/wp-json\/wp\/v2\/comments?post=1527"}],"version-history":[{"count":5,"href":"https:\/\/xenum.com\/es\/wp-json\/wp\/v2\/pages\/1527\/revisions"}],"predecessor-version":[{"id":7972,"href":"https:\/\/xenum.com\/es\/wp-json\/wp\/v2\/pages\/1527\/revisions\/7972"}],"up":[{"embeddable":true,"href":"https:\/\/xenum.com\/es\/wp-json\/wp\/v2\/pages\/891"}],"wp:featuredmedia":[{"embeddable":true,"href":"https:\/\/xenum.com\/es\/wp-json\/wp\/v2\/media\/246"}],"wp:attachment":[{"href":"https:\/\/xenum.com\/es\/wp-json\/wp\/v2\/media?parent=1527"}],"curies":[{"name":"wp","href":"https:\/\/api.w.org\/{rel}","templated":true}]}}