{"id":1511,"date":"2017-07-19T13:38:56","date_gmt":"2017-07-19T13:38:56","guid":{"rendered":"https:\/\/xenum.com\/?page_id=1511"},"modified":"2019-08-02T13:20:47","modified_gmt":"2019-08-02T13:20:47","slug":"super-seal","status":"publish","type":"page","link":"https:\/\/xenum.com\/es\/inicio\/productos\/aditivos\/aceite-de-motor\/super-seal\/","title":{"rendered":"Super Seal"},"content":{"rendered":"<p>Cura p\u00e9rdidas de aceite de motores, cajas de cambio y sistemas hidr\u00e1ulicos. Su avanzada f\u00f3rmula no contiene disolventes de ninguna clase que destruyen la pel\u00edcula lubricantes del aceite. Contiene componentes sint\u00e9ticos activos que regeneran las gomas de pl\u00e1stico y goma.<\/p>\n<h2><strong>Caracter\u00edsticas<\/strong><\/h2>\n<ul>\n<li>Repara y previene fugas por las gomas elast\u00f3meras.<\/li>\n<li>Reduce el quemado de aceite.<\/li>\n<li>Previene el humo azul y humo de escape.<\/li>\n<li>Detiene la contaminaci\u00f3n del medio ambiente debido a goteo de aceite de motor o caja de cambio.<\/li>\n<li>Mejora las propiedes del aceite de motor a\u00f1adiendo compuestos ester del nivel de calidad m\u00e1s elevado.<\/li>\n<\/ul>\n<h2><strong>Aplicaciones<\/strong><\/h2>\n<p>Todo tipo de motores diesel y gasolina, as\u00ed como cajas de cambio y sistemas hidr\u00e1ulicos. Adecuado para aceites minerales, semi-sint\u00e9ticos y totalmente sint\u00e9ticos (excepto liquido de frenos).<\/p>\n<h3><strong>Disponible en<br \/>\n<\/strong><\/h3>\n<ul>\n<li>350 ML CAN - REF. 3086350<\/li>\n<li>1 L BOTTLE - REF. 3314001<\/li>\n<\/ul>\n","protected":false},"excerpt":{"rendered":"<p>Cura p\u00e9rdidas de aceite de motores, cajas de cambio y sistemas hidr\u00e1ulicos. Su avanzada f\u00f3rmula no contiene disolventes de ninguna clase que destruyen la pel\u00edcula lubricantes del aceite. Contiene componentes sint\u00e9ticos activos que regeneran las gomas de pl\u00e1stico y goma. Caracter\u00edsticas Repara y previene fugas por las gomas elast\u00f3meras. Reduce el quemado de aceite. Previene [&hellip;]<\/p>\n","protected":false},"author":1,"featured_media":9059,"parent":891,"menu_order":0,"comment_status":"closed","ping_status":"closed","template":"product-page.php","meta":{"_acf_changed":false,"inline_featured_image":false,"footnotes":""},"class_list":["post-1511","page","type-page","status-publish","has-post-thumbnail","hentry"],"acf":[],"_links":{"self":[{"href":"https:\/\/xenum.com\/es\/wp-json\/wp\/v2\/pages\/1511","targetHints":{"allow":["GET"]}}],"collection":[{"href":"https:\/\/xenum.com\/es\/wp-json\/wp\/v2\/pages"}],"about":[{"href":"https:\/\/xenum.com\/es\/wp-json\/wp\/v2\/types\/page"}],"author":[{"embeddable":true,"href":"https:\/\/xenum.com\/es\/wp-json\/wp\/v2\/users\/1"}],"replies":[{"embeddable":true,"href":"https:\/\/xenum.com\/es\/wp-json\/wp\/v2\/comments?post=1511"}],"version-history":[{"count":6,"href":"https:\/\/xenum.com\/es\/wp-json\/wp\/v2\/pages\/1511\/revisions"}],"predecessor-version":[{"id":7988,"href":"https:\/\/xenum.com\/es\/wp-json\/wp\/v2\/pages\/1511\/revisions\/7988"}],"up":[{"embeddable":true,"href":"https:\/\/xenum.com\/es\/wp-json\/wp\/v2\/pages\/891"}],"wp:featuredmedia":[{"embeddable":true,"href":"https:\/\/xenum.com\/es\/wp-json\/wp\/v2\/media\/9059"}],"wp:attachment":[{"href":"https:\/\/xenum.com\/es\/wp-json\/wp\/v2\/media?parent=1511"}],"curies":[{"name":"wp","href":"https:\/\/api.w.org\/{rel}","templated":true}]}}