{"id":1489,"date":"2017-07-19T12:01:08","date_gmt":"2017-07-19T12:01:08","guid":{"rendered":"https:\/\/xenum.com\/?page_id=1489"},"modified":"2023-02-25T12:04:01","modified_gmt":"2023-02-25T11:04:01","slug":"m-flush","status":"publish","type":"page","link":"https:\/\/xenum.com\/es\/inicio\/productos\/aditivos\/aceite-de-motor\/m-flush\/","title":{"rendered":"M-Flush"},"content":{"rendered":"\n<p>Limpiador superconcentrado sin disolventes dise\u00f1ado para limpiar el sistema de lubricaci\u00f3n antes del cambio de aceite.<\/p>\n\n\n\n<h2 class=\"wp-block-heading\"><strong>C\u00f3mo funciona<\/strong><\/h2>\n\n\n\n<p><\/p>\n\n\n\n<figure class=\"wp-block-embed is-type-video is-provider-youtube wp-block-embed-youtube wp-embed-aspect-16-9 wp-has-aspect-ratio\"><div class=\"wp-block-embed__wrapper\">\n<iframe title=\"Xenum M-Flush - How does it work?\" width=\"500\" height=\"281\" src=\"https:\/\/www.youtube.com\/embed\/7cjlfN2VIAs?feature=oembed\" frameborder=\"0\" allow=\"accelerometer; autoplay; clipboard-write; encrypted-media; gyroscope; picture-in-picture; web-share\" referrerpolicy=\"strict-origin-when-cross-origin\" allowfullscreen><\/iframe>\n<\/div><\/figure>\n\n\n\n<p><\/p>\n\n\n\n<h2 class=\"wp-block-heading\" id=\"h-caracter-sticas\"><strong>Caracter\u00edsticas<\/strong><\/h2>\n\n\n\n<ul class=\"wp-block-list\"><li>Limpia de forma precisa el sistema de lubricaci\u00f3n y libera taqu\u00e9s hidr\u00e1ulicos , sistemas VVT y segmentos del pist\u00f3n.<\/li><li>Neutraliza los \u00e1cidos del c\u00e1rter.<\/li><li>Previene la contaminaci\u00f3n del aceite nuevo con residuos procedentes del usado.<\/li><li>Su avanzada formulaci\u00f3n no contiene disolventes, por lo que no destruye la capa lubricante del aceite. Esto permite limpiezas mas largas y precisas.<\/li><\/ul>\n\n\n\n<h2 class=\"wp-block-heading\" id=\"h-aplicaci-n\"><strong>Aplicaci\u00f3n<\/strong><\/h2>\n\n\n\n<ul class=\"wp-block-list\"><li>Todo tipo de motores diesel y gasolina.<\/li><li>Adecuado para aceites minerales, semi-sint\u00e9ticos y sint\u00e9ticos.<\/li><\/ul>\n\n\n\n<h3 class=\"wp-block-heading\" id=\"h-disponible-en\"><strong>Disponible en<br><\/strong><\/h3>\n\n\n\n<p>350 ML CAN \u2013 REF. 3161350<\/p>\n\n\n\n<p>1 L BOTTLE \u2013 REF. 3345001<\/p>\n","protected":false},"excerpt":{"rendered":"<p>Limpiador superconcentrado sin disolventes dise\u00f1ado para limpiar el sistema de lubricaci\u00f3n antes del cambio de aceite. C\u00f3mo funciona Caracter\u00edsticas Limpia de forma precisa el sistema de lubricaci\u00f3n y libera taqu\u00e9s hidr\u00e1ulicos , sistemas VVT y segmentos del pist\u00f3n. Neutraliza los \u00e1cidos del c\u00e1rter. Previene la contaminaci\u00f3n del aceite nuevo con residuos procedentes del usado. Su [&hellip;]<\/p>\n","protected":false},"author":1,"featured_media":9050,"parent":891,"menu_order":0,"comment_status":"closed","ping_status":"closed","template":"product-page.php","meta":{"_acf_changed":false,"inline_featured_image":false,"footnotes":""},"class_list":["post-1489","page","type-page","status-publish","has-post-thumbnail","hentry"],"acf":[],"_links":{"self":[{"href":"https:\/\/xenum.com\/es\/wp-json\/wp\/v2\/pages\/1489","targetHints":{"allow":["GET"]}}],"collection":[{"href":"https:\/\/xenum.com\/es\/wp-json\/wp\/v2\/pages"}],"about":[{"href":"https:\/\/xenum.com\/es\/wp-json\/wp\/v2\/types\/page"}],"author":[{"embeddable":true,"href":"https:\/\/xenum.com\/es\/wp-json\/wp\/v2\/users\/1"}],"replies":[{"embeddable":true,"href":"https:\/\/xenum.com\/es\/wp-json\/wp\/v2\/comments?post=1489"}],"version-history":[{"count":12,"href":"https:\/\/xenum.com\/es\/wp-json\/wp\/v2\/pages\/1489\/revisions"}],"predecessor-version":[{"id":20792,"href":"https:\/\/xenum.com\/es\/wp-json\/wp\/v2\/pages\/1489\/revisions\/20792"}],"up":[{"embeddable":true,"href":"https:\/\/xenum.com\/es\/wp-json\/wp\/v2\/pages\/891"}],"wp:featuredmedia":[{"embeddable":true,"href":"https:\/\/xenum.com\/es\/wp-json\/wp\/v2\/media\/9050"}],"wp:attachment":[{"href":"https:\/\/xenum.com\/es\/wp-json\/wp\/v2\/media?parent=1489"}],"curies":[{"name":"wp","href":"https:\/\/api.w.org\/{rel}","templated":true}]}}