{"id":1473,"date":"2017-07-19T11:53:10","date_gmt":"2017-07-19T11:53:10","guid":{"rendered":"https:\/\/xenum.com\/?page_id=1473"},"modified":"2021-11-11T20:11:43","modified_gmt":"2021-11-11T19:11:43","slug":"super-g","status":"publish","type":"page","link":"https:\/\/xenum.com\/es\/inicio\/productos\/aditivos\/aceite-de-motor\/super-g\/","title":{"rendered":"Super G"},"content":{"rendered":"<p>La tecnolog\u00eda Super-G es una combinaci\u00f3n trin\u00e9rgica de potentes lubricantes: Mo-Complex (Molibeno l\u00edquido), Carbono grafito y aceites ester complejos. Juntos forman una pel\u00edcula lubricante de alta resistencia dentro del motor. Esta pel\u00edcula reduce sustancialmente el coeficiente de fricci\u00f3n y el desgaste.<\/p>\n<h2><strong>Caracter\u00edsticas<\/strong><\/h2>\n<ul>\n<li>Potencia mejorada<\/li>\n<li>Mejora la econom\u00eda de combustible<\/li>\n<li>Reduce el ruido del motor<\/li>\n<li>Reduce el quemado de aceite.<\/li>\n<li>Compatible con todo tipo de aceites de motor<\/li>\n<li>Tecnolog\u00eda LOW SAPS<\/li>\n<\/ul>\n<h2><strong>Aplicaciones<\/strong><\/h2>\n<ul>\n<li>Todo tipo de motores diesel y gasolina.<\/li>\n<li>Adecuado para coches, camiones, motos y barcos, as\u00ed como motores industriales.<\/li>\n<\/ul>\n<h3><strong>Disponible en<\/strong><\/h3>\n<ul>\n<li>300 ML CAN - REF. 3116301<\/li>\n<li>1 L BOTTLE - REF. 3352001<\/li>\n<\/ul>\n","protected":false},"excerpt":{"rendered":"<p>La tecnolog\u00eda Super-G es una combinaci\u00f3n trin\u00e9rgica de potentes lubricantes: Mo-Complex (Molibeno l\u00edquido), Carbono grafito y aceites ester complejos. Juntos forman una pel\u00edcula lubricante de alta resistencia dentro del motor. Esta pel\u00edcula reduce sustancialmente el coeficiente de fricci\u00f3n y el desgaste. Caracter\u00edsticas Potencia mejorada Mejora la econom\u00eda de combustible Reduce el ruido del motor Reduce [&hellip;]<\/p>\n","protected":false},"author":1,"featured_media":9058,"parent":891,"menu_order":0,"comment_status":"closed","ping_status":"closed","template":"product-page.php","meta":{"_acf_changed":false,"inline_featured_image":false,"footnotes":""},"class_list":["post-1473","page","type-page","status-publish","has-post-thumbnail","hentry"],"acf":[],"_links":{"self":[{"href":"https:\/\/xenum.com\/es\/wp-json\/wp\/v2\/pages\/1473","targetHints":{"allow":["GET"]}}],"collection":[{"href":"https:\/\/xenum.com\/es\/wp-json\/wp\/v2\/pages"}],"about":[{"href":"https:\/\/xenum.com\/es\/wp-json\/wp\/v2\/types\/page"}],"author":[{"embeddable":true,"href":"https:\/\/xenum.com\/es\/wp-json\/wp\/v2\/users\/1"}],"replies":[{"embeddable":true,"href":"https:\/\/xenum.com\/es\/wp-json\/wp\/v2\/comments?post=1473"}],"version-history":[{"count":6,"href":"https:\/\/xenum.com\/es\/wp-json\/wp\/v2\/pages\/1473\/revisions"}],"predecessor-version":[{"id":13320,"href":"https:\/\/xenum.com\/es\/wp-json\/wp\/v2\/pages\/1473\/revisions\/13320"}],"up":[{"embeddable":true,"href":"https:\/\/xenum.com\/es\/wp-json\/wp\/v2\/pages\/891"}],"wp:featuredmedia":[{"embeddable":true,"href":"https:\/\/xenum.com\/es\/wp-json\/wp\/v2\/media\/9058"}],"wp:attachment":[{"href":"https:\/\/xenum.com\/es\/wp-json\/wp\/v2\/media?parent=1473"}],"curies":[{"name":"wp","href":"https:\/\/api.w.org\/{rel}","templated":true}]}}