{"id":1455,"date":"2017-07-19T11:38:00","date_gmt":"2017-07-19T11:38:00","guid":{"rendered":"https:\/\/xenum.com\/?page_id=1455"},"modified":"2019-07-31T14:31:54","modified_gmt":"2019-07-31T14:31:54","slug":"ce300","status":"publish","type":"page","link":"https:\/\/xenum.com\/es\/inicio\/productos\/aditivos\/aceite-de-motor\/ce300\/","title":{"rendered":"CE300"},"content":{"rendered":"<p>CE300 pertenece a una nueva generaci\u00f3n de aditivos para aceite de motor que supera los anteriores debido a su tecnolog\u00eda, que emplea micro-part\u00edculas cer\u00e1micas. Estas micro-part\u00edculas actuan como potentes lubricantes s\u00f3lidos que reducen el coeficiente de fricci\u00f3n y resisten las temperaturas m\u00e1s elevadas. Debido a su tama\u00f1o nano-miilim\u00e9trico, son absolutamente seguras para los filtros de aceite.<\/p>\n<h2><strong>Caracter\u00edsticas<\/strong><\/h2>\n<ul>\n<li>Mejora la econom\u00eda de combustible y la potencia.<\/li>\n<li>Asegura una protecci\u00f3n \u00f3ptima durante el arranque en fr\u00edo.<\/li>\n<li>Reduce los ruidos del motor.<\/li>\n<li>Alarga la vida del motor.<\/li>\n<li>Reduce el consumo de aceite.<\/li>\n<li>Reduce las emisiones de CO2.<\/li>\n<li>Tecnolog\u00eda ZERO SAPS : preserva el filtro antipart\u00edculas (FAP).<\/li>\n<li>Compatible con todo tipo de aceites de motor.<\/li>\n<\/ul>\n<h2><strong>Aplicaciones<\/strong><\/h2>\n<p>Para todo tipo de motores, diesel y gasolina. Adeacuado para coches, camiones, motos y barcos, as\u00ed como motores industriales.<\/p>\n<h3><strong>Disponible en<br \/>\n<\/strong><\/h3>\n<p>300 ML CAN \u2013 REF. 3123301<\/p>\n","protected":false},"excerpt":{"rendered":"<p>CE300 pertenece a una nueva generaci\u00f3n de aditivos para aceite de motor que supera los anteriores debido a su tecnolog\u00eda, que emplea micro-part\u00edculas cer\u00e1micas. Estas micro-part\u00edculas actuan como potentes lubricantes s\u00f3lidos que reducen el coeficiente de fricci\u00f3n y resisten las temperaturas m\u00e1s elevadas. Debido a su tama\u00f1o nano-miilim\u00e9trico, son absolutamente seguras para los filtros de [&hellip;]<\/p>\n","protected":false},"author":1,"featured_media":9038,"parent":891,"menu_order":0,"comment_status":"closed","ping_status":"closed","template":"product-page.php","meta":{"_acf_changed":false,"inline_featured_image":false,"footnotes":""},"class_list":["post-1455","page","type-page","status-publish","has-post-thumbnail","hentry"],"acf":[],"_links":{"self":[{"href":"https:\/\/xenum.com\/es\/wp-json\/wp\/v2\/pages\/1455","targetHints":{"allow":["GET"]}}],"collection":[{"href":"https:\/\/xenum.com\/es\/wp-json\/wp\/v2\/pages"}],"about":[{"href":"https:\/\/xenum.com\/es\/wp-json\/wp\/v2\/types\/page"}],"author":[{"embeddable":true,"href":"https:\/\/xenum.com\/es\/wp-json\/wp\/v2\/users\/1"}],"replies":[{"embeddable":true,"href":"https:\/\/xenum.com\/es\/wp-json\/wp\/v2\/comments?post=1455"}],"version-history":[{"count":6,"href":"https:\/\/xenum.com\/es\/wp-json\/wp\/v2\/pages\/1455\/revisions"}],"predecessor-version":[{"id":7962,"href":"https:\/\/xenum.com\/es\/wp-json\/wp\/v2\/pages\/1455\/revisions\/7962"}],"up":[{"embeddable":true,"href":"https:\/\/xenum.com\/es\/wp-json\/wp\/v2\/pages\/891"}],"wp:featuredmedia":[{"embeddable":true,"href":"https:\/\/xenum.com\/es\/wp-json\/wp\/v2\/media\/9038"}],"wp:attachment":[{"href":"https:\/\/xenum.com\/es\/wp-json\/wp\/v2\/media?parent=1455"}],"curies":[{"name":"wp","href":"https:\/\/api.w.org\/{rel}","templated":true}]}}